{"id":8091,"date":"2024-12-02T13:32:47","date_gmt":"2024-12-02T13:32:47","guid":{"rendered":"https:\/\/relogios-online.com\/?post_type=product&#038;p=8091"},"modified":"2025-10-17T17:15:38","modified_gmt":"2025-10-17T16:15:38","slug":"seiko-5-automatic-21-joias-snkk25-snkk25k1-snkk25k-relogio-masculino","status":"publish","type":"product","link":"https:\/\/relogios-online.com\/es\/producto\/reloj-automatico-seiko-5-21-joyas-snkk25-snkk25k1-snkk25k-para-hombre\/","title":{"rendered":"Reloj Seiko 5 autom\u00e1tico 21 joyas SNKK25 SNKK25K1 SNKK25K para hombre"},"content":{"rendered":"<p>Caracter\u00edsticas: Caja de acero inoxidable Brazalete de acero inoxidable Movimiento autom\u00e1tico Calibre 7S26 Cristal mineral 21 joyas Esfera blanca con aspecto de marcaci\u00f3n r\u00e1pida de un cuarto de hora Visualizaci\u00f3n de d\u00eda y fecha Fondo de caja transparente Cierre plegable Resistencia al agua 30M Di\u00e1metro aproximado de la caja 37 mm Grosor aproximado de la caja 11 mm<\/p>\n<p><a href=\"https:\/\/relogios-online.com\/\" target=\"_blank\" rel=\"noopener\">Ver todos los productos de Relojes para Hombre en relogios-online.com<\/a><\/p>","protected":false},"excerpt":{"rendered":"<p>Caracter\u00edsticas: Caja de acero inoxidable Pulsera de acero inoxidable Movimiento autom\u00e1tico Calibre 7S26 Cristal mineral 21 joyas Esfera blanca con<\/p>","protected":false},"featured_media":8086,"comment_status":"open","ping_status":"closed","template":"","meta":[],"product_brand":[],"product_cat":[62,56,189,20],"product_tag":[],"class_list":{"0":"post-8091","1":"product","2":"type-product","3":"status-publish","4":"has-post-thumbnail","6":"product_cat-automatico","7":"product_cat-relogios-homem","8":"product_cat-seiko","9":"product_cat-sem-categoria","11":"first","12":"instock","13":"sale","14":"shipping-taxable","15":"purchasable","16":"product-type-variable"},"jetpack_sharing_enabled":true,"_links":{"self":[{"href":"https:\/\/relogios-online.com\/es\/wp-json\/wp\/v2\/product\/8091","targetHints":{"allow":["GET"]}}],"collection":[{"href":"https:\/\/relogios-online.com\/es\/wp-json\/wp\/v2\/product"}],"about":[{"href":"https:\/\/relogios-online.com\/es\/wp-json\/wp\/v2\/types\/product"}],"replies":[{"embeddable":true,"href":"https:\/\/relogios-online.com\/es\/wp-json\/wp\/v2\/comments?post=8091"}],"version-history":[{"count":1,"href":"https:\/\/relogios-online.com\/es\/wp-json\/wp\/v2\/product\/8091\/revisions"}],"predecessor-version":[{"id":9628,"href":"https:\/\/relogios-online.com\/es\/wp-json\/wp\/v2\/product\/8091\/revisions\/9628"}],"wp:featuredmedia":[{"embeddable":true,"href":"https:\/\/relogios-online.com\/es\/wp-json\/wp\/v2\/media\/8086"}],"wp:attachment":[{"href":"https:\/\/relogios-online.com\/es\/wp-json\/wp\/v2\/media?parent=8091"}],"wp:term":[{"taxonomy":"product_brand","embeddable":true,"href":"https:\/\/relogios-online.com\/es\/wp-json\/wp\/v2\/product_brand?post=8091"},{"taxonomy":"product_cat","embeddable":true,"href":"https:\/\/relogios-online.com\/es\/wp-json\/wp\/v2\/product_cat?post=8091"},{"taxonomy":"product_tag","embeddable":true,"href":"https:\/\/relogios-online.com\/es\/wp-json\/wp\/v2\/product_tag?post=8091"}],"curies":[{"name":"wp","href":"https:\/\/api.w.org\/{rel}","templated":true}]}}