{"id":8716,"date":"2025-03-29T13:33:12","date_gmt":"2025-03-29T13:33:12","guid":{"rendered":"https:\/\/relogios-online.com\/?post_type=product&#038;p=8716"},"modified":"2025-03-29T13:40:00","modified_gmt":"2025-03-29T13:40:00","slug":"tissot-prx-t-classic-chronograph-blue-dial-automatic-t137-427-11-041-00-100m-mens-watch","status":"publish","type":"product","link":"https:\/\/relogios-online.com\/es\/producto\/reloj-tissot-prx-t-classic-cronografo-automatico-esfera-azul-t137-427-11-041-00-100m-para-hombre\/","title":{"rendered":"Tissot PRX T-Classic Cron\u00f3grafo Autom\u00e1tico Esfera Azul T137.427.11.041.00 100M Reloj para Hombre"},"content":{"rendered":"<p>Caracter\u00edsticas: Caja de acero inoxidable, brazalete de acero inoxidable, movimiento autom\u00e1tico suizo, calibre: Valjoux A05.H3127, cristal de zafiro resistente a los ara\u00f1azos con tratamiento antirreflejos, esfera azul, pantalla anal\u00f3gica, reserva de marcha de hasta 60 horas, cron\u00f3grafo, brazalete de liberaci\u00f3n r\u00e1pida intercambiable, agujas y marcadores luminosos, fecha, fondo transparente, cierre desplegable, resistencia al agua de 100 m, di\u00e1metro aproximado de la caja: 42 mm, grosor aproximado de la caja: 14,5 mm, ancho aproximado de las asas: 13 mm.<\/p>","protected":false},"excerpt":{"rendered":"<p>Features:Stainless Steel CaseStainless Steel BraceletSwiss Automatic MovementCaliber: Valjoux A05.H3127 JewelsScratch-Resistant Sapphire Crystal With Antireflective CoatingBlue DialAnalog DisplayPower Reserve Up To<\/p>","protected":false},"featured_media":8711,"comment_status":"open","ping_status":"closed","template":"","meta":[],"product_brand":[],"product_cat":[20],"product_tag":[],"class_list":{"0":"post-8716","1":"product","2":"type-product","3":"status-publish","4":"has-post-thumbnail","6":"product_cat-sem-categoria","8":"first","9":"instock","10":"sale","11":"shipping-taxable","12":"purchasable","13":"product-type-variable"},"jetpack_sharing_enabled":true,"_links":{"self":[{"href":"https:\/\/relogios-online.com\/es\/wp-json\/wp\/v2\/product\/8716","targetHints":{"allow":["GET"]}}],"collection":[{"href":"https:\/\/relogios-online.com\/es\/wp-json\/wp\/v2\/product"}],"about":[{"href":"https:\/\/relogios-online.com\/es\/wp-json\/wp\/v2\/types\/product"}],"replies":[{"embeddable":true,"href":"https:\/\/relogios-online.com\/es\/wp-json\/wp\/v2\/comments?post=8716"}],"version-history":[{"count":0,"href":"https:\/\/relogios-online.com\/es\/wp-json\/wp\/v2\/product\/8716\/revisions"}],"wp:featuredmedia":[{"embeddable":true,"href":"https:\/\/relogios-online.com\/es\/wp-json\/wp\/v2\/media\/8711"}],"wp:attachment":[{"href":"https:\/\/relogios-online.com\/es\/wp-json\/wp\/v2\/media?parent=8716"}],"wp:term":[{"taxonomy":"product_brand","embeddable":true,"href":"https:\/\/relogios-online.com\/es\/wp-json\/wp\/v2\/product_brand?post=8716"},{"taxonomy":"product_cat","embeddable":true,"href":"https:\/\/relogios-online.com\/es\/wp-json\/wp\/v2\/product_cat?post=8716"},{"taxonomy":"product_tag","embeddable":true,"href":"https:\/\/relogios-online.com\/es\/wp-json\/wp\/v2\/product_tag?post=8716"}],"curies":[{"name":"wp","href":"https:\/\/api.w.org\/{rel}","templated":true}]}}