{"id":9422,"date":"2025-04-05T14:51:07","date_gmt":"2025-04-05T14:51:07","guid":{"rendered":"https:\/\/relogios-online.com\/produto\/colar-trevo-da-sorte-pingente-esmaltado-em-aco-titanio-com-banho-de-ouro-feminino-e-elegante\/"},"modified":"2026-01-19T22:55:58","modified_gmt":"2026-01-19T21:55:58","slug":"colar-trevo-da-sorte-pingente-esmaltado-em-aco-titanio-com-banho-de-ouro-feminino-e-elegante","status":"publish","type":"product","link":"https:\/\/relogios-online.com\/es\/producto\/collar-trebol-de-la-suerte-con-colgante-esmaltado-en-acero-titanio-con-bano-de-oro-femenino-y-elegante\/","title":{"rendered":"Collar Tr\u00e9bol de la Suerte \u2013 Colgante esmaltado en acero de titanio con ba\u00f1o de oro | Femenina y elegante"},"content":{"rendered":"<p class=\"\" data-start=\"453\" data-end=\"768\"><strong data-start=\"453\" data-end=\"519\">Suerte, encanto y sofisticaci\u00f3n en una pieza de joyer\u00eda llena de significado.<\/strong><br data-start=\"519\" data-end=\"522\" \/>EL <strong data-start=\"524\" data-end=\"548\">Collar de tr\u00e9bol de la suerte<\/strong> Es la elecci\u00f3n ideal para las mujeres que creen en el poder de los peque\u00f1os s\u00edmbolos. Su delicado colgante en <strong data-start=\"652\" data-end=\"689\">forma de tr\u00e9bol de cuatro hojas<\/strong> Est\u00e1 perfectamente esmaltado y representa <strong data-start=\"729\" data-end=\"767\">suerte, protecci\u00f3n y energ\u00eda positiva<\/strong>.<\/p>\n<p class=\"\" data-start=\"770\" data-end=\"976\">Hecho en <strong data-start=\"783\" data-end=\"816\">acero de titanio de alta calidad<\/strong> con ba\u00f1o de <strong data-start=\"830\" data-end=\"846\">oro al vac\u00edo<\/strong>, el collar combina resistencia, brillo duradero y un aspecto elegante que se adapta a cualquier estilo, desde el casual hasta el m\u00e1s refinado.<\/p>\n<p class=\"\" data-start=\"978\" data-end=\"1003\">\ud83d\udc9b <strong data-start=\"981\" data-end=\"1003\">Aspectos destacados de la pieza:<\/strong><\/p>\n<ul data-start=\"1005\" data-end=\"1345\">\n<li class=\"\" data-start=\"1005\" data-end=\"1065\">\n<p class=\"\" data-start=\"1007\" data-end=\"1065\">Colgante de <strong data-start=\"1019\" data-end=\"1038\">tr\u00e9bol esmaltado<\/strong> con acabado delicado.<\/p>\n<\/li>\n<li class=\"\" data-start=\"1066\" data-end=\"1131\">\n<p class=\"\" data-start=\"1068\" data-end=\"1131\"><strong data-start=\"1068\" data-end=\"1098\">Acero de titanio hipoalerg\u00e9nico<\/strong>, ligero y resistente a la corrosi\u00f3n.<\/p>\n<\/li>\n<li class=\"\" data-start=\"1132\" data-end=\"1197\">\n<p class=\"\" data-start=\"1134\" data-end=\"1197\"><strong data-start=\"1134\" data-end=\"1168\">Chapado en oro en horno de vac\u00edo<\/strong>:Brillo duradero y lujoso.<\/p>\n<\/li>\n<li class=\"\" data-start=\"1198\" data-end=\"1275\">\n<p class=\"\" data-start=\"1200\" data-end=\"1275\">Dise\u00f1o femenino y vers\u00e1til con estilo. <strong data-start=\"1237\" data-end=\"1251\">moda OL<\/strong> (oficina y estilo de vida).<\/p>\n<\/li>\n<li class=\"\" data-start=\"1276\" data-end=\"1345\">\n<p class=\"\" data-start=\"1278\" data-end=\"1345\">Perfecto para uso diario o como un discreto amuleto de buena energ\u00eda.<\/p>\n<\/li>\n<\/ul>\n<p class=\"\" data-start=\"1347\" data-end=\"1450\">\ud83c\udf81Un regalo encantador para alguien a quien amas o para llevar contigo una dosis extra de suerte y estilo.<\/p>\n<p class=\"\" data-start=\"1452\" data-end=\"1508\">\ud83d\udea8 <em data-start=\"1455\" data-end=\"1508\">Stock limitado. \u00a1Consigue el tuyo ahora antes de que se agoten!<\/em><\/p>\n<p><img decoding=\"async\" src=\"https:\/\/cf.cjdropshipping.com\/a460ebac-87f4-4ffe-8a03-ad3b0889ddae.jpg\" alt=\"\" title=\"\"> <img decoding=\"async\" src=\"https:\/\/cf.cjdropshipping.com\/0fee4882-ad8d-46d0-995e-a9d10797cc48.jpg\" alt=\"\" title=\"\"> <img decoding=\"async\" src=\"https:\/\/cf.cjdropshipping.com\/9402c160-e93c-4f83-af58-114d9a346629.png\" alt=\"\" title=\"\"> <img decoding=\"async\" src=\"https:\/\/cf.cjdropshipping.com\/6787622c-5463-4a25-a58e-3008c0548bd4.jpg\" alt=\"\" title=\"\"> <img decoding=\"async\" src=\"https:\/\/cf.cjdropshipping.com\/28b6612c-a7af-4c14-8def-d3eef150963b.jpg\" alt=\"\" title=\"\"> <img decoding=\"async\" src=\"https:\/\/cf.cjdropshipping.com\/77567081-7346-4096-ad71-32f09fa93f12.jpg\" alt=\"\" title=\"\"><\/p>","protected":false},"excerpt":{"rendered":"<p>\ud83d\udee1\ufe0f\u00a0<strong>Seguro de calidad<\/strong><br \/>\nTodos nuestros productos tienen\u00a0<strong>garant\u00eda de 12 meses<\/strong>, asegurando calidad y satisfacci\u00f3n.<\/p>\n<p>\ud83d\udcde\u00a0<strong>Atenci\u00f3n al cliente<\/strong><br \/>\nNuestro equipo est\u00e1 siempre listo para ayudarle en cada etapa de su compra.<\/p>\n<p>\ud83d\udcb3\u00a0<strong>Pago Seguro<\/strong><br \/>\nOfrecemos opciones de pago seguras 100% para garantizar que sus datos est\u00e9n protegidos.<\/p>\n<p>\u2b50\u00a0<strong>Producto Original<\/strong><br \/>\nTrabajamos \u00fanicamente con joyas de alta calidad.<br \/>\nEcha un vistazo a nuestro\u00a0<a href=\"https:\/\/relogios-online.com\/politica-de-envio\/\" target=\"_blank\" rel=\"noopener\">Pol\u00edtica de env\u00edo<\/a>.<\/p>","protected":false},"featured_media":9416,"comment_status":"open","ping_status":"closed","template":"","meta":[],"product_brand":[],"product_cat":[204],"product_tag":[],"class_list":{"0":"post-9422","1":"product","2":"type-product","3":"status-publish","4":"has-post-thumbnail","6":"product_cat-colares","8":"first","9":"instock","10":"sale","11":"shipping-taxable","12":"purchasable","13":"product-type-variable"},"jetpack_sharing_enabled":true,"_links":{"self":[{"href":"https:\/\/relogios-online.com\/es\/wp-json\/wp\/v2\/product\/9422","targetHints":{"allow":["GET"]}}],"collection":[{"href":"https:\/\/relogios-online.com\/es\/wp-json\/wp\/v2\/product"}],"about":[{"href":"https:\/\/relogios-online.com\/es\/wp-json\/wp\/v2\/types\/product"}],"replies":[{"embeddable":true,"href":"https:\/\/relogios-online.com\/es\/wp-json\/wp\/v2\/comments?post=9422"}],"version-history":[{"count":0,"href":"https:\/\/relogios-online.com\/es\/wp-json\/wp\/v2\/product\/9422\/revisions"}],"wp:featuredmedia":[{"embeddable":true,"href":"https:\/\/relogios-online.com\/es\/wp-json\/wp\/v2\/media\/9416"}],"wp:attachment":[{"href":"https:\/\/relogios-online.com\/es\/wp-json\/wp\/v2\/media?parent=9422"}],"wp:term":[{"taxonomy":"product_brand","embeddable":true,"href":"https:\/\/relogios-online.com\/es\/wp-json\/wp\/v2\/product_brand?post=9422"},{"taxonomy":"product_cat","embeddable":true,"href":"https:\/\/relogios-online.com\/es\/wp-json\/wp\/v2\/product_cat?post=9422"},{"taxonomy":"product_tag","embeddable":true,"href":"https:\/\/relogios-online.com\/es\/wp-json\/wp\/v2\/product_tag?post=9422"}],"curies":[{"name":"wp","href":"https:\/\/api.w.org\/{rel}","templated":true}]}}