{"id":9440,"date":"2025-04-05T22:57:11","date_gmt":"2025-04-05T22:57:11","guid":{"rendered":"https:\/\/relogios-online.com\/produto\/anel-feminino-prata-s925-cinco-aros-giratorios-tamanho-ajustavel-e-design-minimalista\/"},"modified":"2026-01-20T00:34:00","modified_gmt":"2026-01-19T23:34:00","slug":"anel-feminino-prata-s925-cinco-aros-giratorios-tamanho-ajustavel-e-design-minimalista","status":"publish","type":"product","link":"https:\/\/relogios-online.com\/es\/producto\/anillo-de-mujer-en-plata-s925-con-cinco-anillos-giratorios-tamano-ajustable-y-diseno-minimalista\/","title":{"rendered":"Anillo de mujer Plata S925 \u2013 Cinco anillos giratorios | Tama\u00f1o ajustable y dise\u00f1o minimalista."},"content":{"rendered":"<p class=\"\" data-start=\"612\" data-end=\"978\"><strong data-start=\"612\" data-end=\"674\">Elegancia en movimiento. Sofisticaci\u00f3n que se adapta a ti.<\/strong><br data-start=\"674\" data-end=\"677\" \/>EL <strong data-start=\"679\" data-end=\"709\">Anillo de cinco aros giratorios<\/strong> Es una pieza moderna y elegante, realizada en <strong data-start=\"757\" data-end=\"781\">Plata de ley S925<\/strong>, conocida por su belleza, fuerza y pureza. Su dise\u00f1o innovador con <strong data-start=\"855\" data-end=\"895\">cinco aros delicadamente superpuestos<\/strong> permite un ligero movimiento giratorio, creando un efecto visual \u00fanico y sofisticado.<\/p>\n<p class=\"\" data-start=\"980\" data-end=\"1132\">Con <strong data-start=\"984\" data-end=\"1003\">ajuste flexible<\/strong>Se adapta c\u00f3modamente a diferentes tama\u00f1os de dedos, lo que lo convierte en una pieza de joyer\u00eda perfecta para el d\u00eda a d\u00eda o para ocasiones especiales.<\/p>\n<p class=\"\" data-start=\"1134\" data-end=\"1164\">\ud83d\udc8e <strong data-start=\"1137\" data-end=\"1164\">Aspectos destacados que deleitan:<\/strong><\/p>\n<ul data-start=\"1166\" data-end=\"1535\">\n<li class=\"\" data-start=\"1166\" data-end=\"1256\">\n<p class=\"\" data-start=\"1168\" data-end=\"1256\">Producido en <strong data-start=\"1181\" data-end=\"1204\">Plata S925 aut\u00e9ntica<\/strong>: antial\u00e9rgico, resistente y con brillo duradero.<\/p>\n<\/li>\n<li class=\"\" data-start=\"1257\" data-end=\"1336\">\n<p class=\"\" data-start=\"1259\" data-end=\"1336\"><strong data-start=\"1259\" data-end=\"1283\">Cinco anillos giratorios<\/strong>:movimiento elegante que transmite ligereza y estilo.<\/p>\n<\/li>\n<li class=\"\" data-start=\"1337\" data-end=\"1406\">\n<p class=\"\" data-start=\"1339\" data-end=\"1406\"><strong data-start=\"1339\" data-end=\"1360\">Tama\u00f1o ajustable<\/strong>:ajuste c\u00f3modo para diferentes dedos.<\/p>\n<\/li>\n<li class=\"\" data-start=\"1407\" data-end=\"1489\">\n<p class=\"\" data-start=\"1409\" data-end=\"1489\">Dise\u00f1o moderno y vers\u00e1til, ideal para combinar con otras joyas o llevar solo.<\/p>\n<\/li>\n<li class=\"\" data-start=\"1490\" data-end=\"1535\">\n<p class=\"\" data-start=\"1492\" data-end=\"1535\">Ligero, discreto e impactante a la vez.<\/p>\n<\/li>\n<\/ul>\n<p class=\"\" data-start=\"1537\" data-end=\"1653\">\ud83c\udf81Un regalo encantador para las mujeres que valoran el dise\u00f1o, la comodidad y el significado detr\u00e1s de cada detalle.<\/p>\n<p class=\"\" data-start=\"1655\" data-end=\"1710\">\ud83d\udea8 <em data-start=\"1658\" data-end=\"1710\">\u00a1Piezas limitadas! Consigue el tuyo ahora antes de que se agoten.<\/em><\/p>\n<p><img decoding=\"async\" src=\"https:\/\/cf.cjdropshipping.com\/17194464\/2406270347150322100.jpg\" alt=\"\" title=\"\"><br \/>\n<img decoding=\"async\" src=\"https:\/\/cf.cjdropshipping.com\/17194464\/2406270347170321400.jpg\" alt=\"\" title=\"\"><br \/>\n<img decoding=\"async\" src=\"https:\/\/cf.cjdropshipping.com\/17194464\/2406270347190321600.jpg\" alt=\"\" title=\"\"><br \/>\n<img decoding=\"async\" src=\"https:\/\/cf.cjdropshipping.com\/17194464\/2406270347200327400.jpg\" alt=\"\" title=\"\"><br \/>\n<img decoding=\"async\" src=\"https:\/\/cf.cjdropshipping.com\/17194464\/2406270347240322800.jpg\" alt=\"\" title=\"\"><br \/>\n<img decoding=\"async\" src=\"https:\/\/cf.cjdropshipping.com\/17194464\/2406270347250326800.jpg\" alt=\"\" title=\"\"><br \/>\n<img decoding=\"async\" src=\"https:\/\/cf.cjdropshipping.com\/17194464\/2406270347270321600.jpg\" alt=\"\" title=\"\"><\/p>","protected":false},"excerpt":{"rendered":"<p>\ud83d\udee1\ufe0f\u00a0<strong>Seguro de calidad<\/strong><br \/>\nTodos nuestros productos tienen\u00a0<strong>garant\u00eda de 12 meses<\/strong>, asegurando calidad y satisfacci\u00f3n.<\/p>\n<p>\ud83d\udcde\u00a0<strong>Atenci\u00f3n al cliente<\/strong><br \/>\nNuestro equipo est\u00e1 siempre listo para ayudarle en cada etapa de su compra.<\/p>\n<p>\ud83d\udcb3\u00a0<strong>Pago Seguro<\/strong><br \/>\nOfrecemos opciones de pago seguras 100% para garantizar que sus datos est\u00e9n protegidos.<\/p>\n<p>\u2b50\u00a0<strong>Producto Original<\/strong><br \/>\nTrabajamos \u00fanicamente con joyas de alta calidad.<br \/>\nEcha un vistazo a nuestro\u00a0<a href=\"https:\/\/relogios-online.com\/politica-de-envio\/\" target=\"_blank\" rel=\"noopener\">Pol\u00edtica de env\u00edo<\/a>.<\/p>","protected":false},"featured_media":9434,"comment_status":"open","ping_status":"closed","template":"","meta":[],"product_brand":[],"product_cat":[203,211],"product_tag":[],"class_list":{"0":"post-9440","1":"product","2":"type-product","3":"status-publish","4":"has-post-thumbnail","6":"product_cat-aneis","7":"product_cat-joias-femininas","9":"first","10":"instock","11":"sale","12":"shipping-taxable","13":"purchasable","14":"product-type-variable"},"jetpack_sharing_enabled":true,"_links":{"self":[{"href":"https:\/\/relogios-online.com\/es\/wp-json\/wp\/v2\/product\/9440","targetHints":{"allow":["GET"]}}],"collection":[{"href":"https:\/\/relogios-online.com\/es\/wp-json\/wp\/v2\/product"}],"about":[{"href":"https:\/\/relogios-online.com\/es\/wp-json\/wp\/v2\/types\/product"}],"replies":[{"embeddable":true,"href":"https:\/\/relogios-online.com\/es\/wp-json\/wp\/v2\/comments?post=9440"}],"version-history":[{"count":1,"href":"https:\/\/relogios-online.com\/es\/wp-json\/wp\/v2\/product\/9440\/revisions"}],"predecessor-version":[{"id":10203,"href":"https:\/\/relogios-online.com\/es\/wp-json\/wp\/v2\/product\/9440\/revisions\/10203"}],"wp:featuredmedia":[{"embeddable":true,"href":"https:\/\/relogios-online.com\/es\/wp-json\/wp\/v2\/media\/9434"}],"wp:attachment":[{"href":"https:\/\/relogios-online.com\/es\/wp-json\/wp\/v2\/media?parent=9440"}],"wp:term":[{"taxonomy":"product_brand","embeddable":true,"href":"https:\/\/relogios-online.com\/es\/wp-json\/wp\/v2\/product_brand?post=9440"},{"taxonomy":"product_cat","embeddable":true,"href":"https:\/\/relogios-online.com\/es\/wp-json\/wp\/v2\/product_cat?post=9440"},{"taxonomy":"product_tag","embeddable":true,"href":"https:\/\/relogios-online.com\/es\/wp-json\/wp\/v2\/product_tag?post=9440"}],"curies":[{"name":"wp","href":"https:\/\/api.w.org\/{rel}","templated":true}]}}