{"id":2807,"date":"2024-05-06T15:03:31","date_gmt":"2024-05-06T15:03:31","guid":{"rendered":"https:\/\/relogios-online.com\/?page_id=2807"},"modified":"2024-09-24T10:07:49","modified_gmt":"2024-09-24T10:07:49","slug":"politica-de-cookies","status":"publish","type":"page","link":"https:\/\/relogios-online.com\/fr\/politique-de-cookies\/","title":{"rendered":"Politique de cookies"},"content":{"rendered":"<h3 class=\"wp-block-heading\"><\/h3>\n\n\n\n<p><strong>Derni\u00e8re mise \u00e0 jour : 24\/09\/2024<\/strong><\/p>\n\n\n\n<p>Chez Relogios-Online.com, nous utilisons des cookies pour am\u00e9liorer votre exp\u00e9rience de navigation, personnaliser le contenu, analyser le trafic et mieux comprendre vos pr\u00e9f\u00e9rences. Cette politique de cookies explique ce que sont les cookies, comment nous les utilisons et les options disponibles pour g\u00e9rer ces param\u00e8tres.<\/p>\n\n\n\n<h4 class=\"wp-block-heading\">1. Que sont les cookies ?<\/h4>\n\n\n\n<p>Les cookies sont de petits fichiers texte stock\u00e9s sur votre appareil (ordinateur, smartphone, tablette) lorsque vous visitez un site Internet. Ils permettent au site Web de reconna\u00eetre votre appareil, d&#039;am\u00e9liorer la navigation et de fournir des fonctionnalit\u00e9s personnalis\u00e9es. Les cookies peuvent \u00eatre \u00ab persistants \u00bb (qui restent sur votre appareil jusqu&#039;\u00e0 leur suppression) ou \u00ab de session \u00bb (qui sont automatiquement supprim\u00e9s lorsque vous fermez votre navigateur).<\/p>\n\n\n\n<h4 class=\"wp-block-heading\">2. Comment nous utilisons les cookies<\/h4>\n\n\n\n<p>Chez Relogios-Online.com, nous utilisons des cookies \u00e0 plusieurs fins, notamment\u00a0:<\/p>\n\n\n\n<ul class=\"wp-block-list\">\n<li><strong>Fonctionnalit\u00e9 essentielle\u00a0:<\/strong> Cookies n\u00e9cessaires au fonctionnement du site Internet, permettant de naviguer et d&#039;utiliser des fonctionnalit\u00e9s essentielles, telles que le panier et l&#039;acc\u00e8s aux zones s\u00e9curis\u00e9es du site Internet.<\/li>\n\n\n\n<li><strong>Exp\u00e9rience utilisateur am\u00e9lior\u00e9e\u00a0:<\/strong> Cookies qui nous aident \u00e0 am\u00e9liorer les performances du site Web, en offrant une exp\u00e9rience utilisateur plus rapide et plus efficace.<\/li>\n\n\n\n<li><strong>Analyse et performances\u00a0:<\/strong> Cookies qui collectent des informations sur la mani\u00e8re dont les visiteurs utilisent le site Web, telles que les pages qu&#039;ils visitent le plus fr\u00e9quemment, pour nous aider \u00e0 comprendre le comportement des utilisateurs et \u00e0 optimiser le contenu.<\/li>\n\n\n\n<li><strong>Marketing et publicit\u00e9\u00a0:<\/strong> Cookies utilis\u00e9s pour afficher des publicit\u00e9s pertinentes et personnaliser le contenu en fonction de vos int\u00e9r\u00eats.<\/li>\n<\/ul>\n\n\n\n<h4 class=\"wp-block-heading\">3. Types de cookies que nous utilisons<\/h4>\n\n\n\n<ul class=\"wp-block-list\">\n<li><strong>Cookies strictement n\u00e9cessaires\u00a0:<\/strong> Indispensable au bon fonctionnement du site Internet. Sans ces cookies, certaines parties du site Web ne fonctionneraient pas comme pr\u00e9vu.<\/li>\n\n\n\n<li><strong>Cookies de performances\u00a0:<\/strong> Ils collectent des informations sur la mani\u00e8re dont les visiteurs interagissent avec le site Web, nous permettant d&#039;am\u00e9liorer le fonctionnement du site Web.<\/li>\n\n\n\n<li><strong>Cookies de fonctionnalit\u00e9\u00a0:<\/strong> Ils permettent au site Web de m\u00e9moriser les choix que vous faites (tels que votre nom d&#039;utilisateur, votre langue ou votre r\u00e9gion) et de fournir des fonctionnalit\u00e9s am\u00e9lior\u00e9es et personnalis\u00e9es.<\/li>\n\n\n\n<li><strong>Cookies publicitaires\u00a0:<\/strong> Utilis\u00e9 pour diffuser des publicit\u00e9s plus pertinentes pour vous et vos int\u00e9r\u00eats. Ils sont \u00e9galement utilis\u00e9s pour limiter le nombre de fois o\u00f9 vous voyez une publicit\u00e9 et pour mesurer l\u2019efficacit\u00e9 des campagnes publicitaires.<\/li>\n<\/ul>\n\n\n\n<h4 class=\"wp-block-heading\">4. Comment g\u00e9rer les cookies<\/h4>\n\n\n\n<p>Vous avez la possibilit\u00e9 d&#039;accepter ou de refuser les cookies. La plupart des navigateurs Web acceptent automatiquement les cookies, mais vous pouvez modifier les param\u00e8tres de votre navigateur pour refuser les cookies si vous pr\u00e9f\u00e9rez. Veuillez noter que si vous choisissez de d\u00e9sactiver les cookies, certaines fonctionnalit\u00e9s du site peuvent \u00eatre affect\u00e9es et votre exp\u00e9rience de navigation peut \u00eatre alt\u00e9r\u00e9e.<\/p>\n\n\n\n<p>Pour plus d&#039;informations sur la gestion des cookies, veuillez vous r\u00e9f\u00e9rer aux instructions de votre navigateur ou visiter <a href=\"http:\/\/www.allaboutcookies.org\" target=\"_blank\" rel=\"noopener\">www.allaboutcookies.org<\/a>.<\/p>\n\n\n\n<h4 class=\"wp-block-heading\">5. Modifications de cette politique de cookies<\/h4>\n\n\n\n<p>Nous pouvons mettre \u00e0 jour cette politique en mati\u00e8re de cookies p\u00e9riodiquement pour refl\u00e9ter les changements dans la l\u00e9gislation ou les pratiques d&#039;utilisation des cookies. Toute modification sera publi\u00e9e sur cette page et la date de la derni\u00e8re mise \u00e0 jour sera ajust\u00e9e en haut de la page.<\/p>\n\n\n\n<h4 class=\"wp-block-heading\">6. Contacter<\/h4>\n\n\n\n<p>Si vous avez des questions ou des pr\u00e9occupations concernant notre politique en mati\u00e8re de cookies, veuillez nous contacter par e-mail. <a>info@relogios-online.com<\/a>.<\/p>","protected":false},"excerpt":{"rendered":"<p>\u00daltima atualiza\u00e7\u00e3o: 24\/09\/2024 No Relogios-Online.com, usamos cookies para melhorar a sua experi\u00eancia de navega\u00e7\u00e3o, personalizar o conte\u00fado, analisar o tr\u00e1fego<\/p>","protected":false},"author":1,"featured_media":0,"parent":0,"menu_order":0,"comment_status":"closed","ping_status":"closed","template":"elementor_header_footer","meta":{"footnotes":""},"class_list":["post-2807","page","type-page","status-publish","hentry"],"jetpack_sharing_enabled":true,"_links":{"self":[{"href":"https:\/\/relogios-online.com\/fr\/wp-json\/wp\/v2\/pages\/2807","targetHints":{"allow":["GET"]}}],"collection":[{"href":"https:\/\/relogios-online.com\/fr\/wp-json\/wp\/v2\/pages"}],"about":[{"href":"https:\/\/relogios-online.com\/fr\/wp-json\/wp\/v2\/types\/page"}],"author":[{"embeddable":true,"href":"https:\/\/relogios-online.com\/fr\/wp-json\/wp\/v2\/users\/1"}],"replies":[{"embeddable":true,"href":"https:\/\/relogios-online.com\/fr\/wp-json\/wp\/v2\/comments?post=2807"}],"version-history":[{"count":0,"href":"https:\/\/relogios-online.com\/fr\/wp-json\/wp\/v2\/pages\/2807\/revisions"}],"wp:attachment":[{"href":"https:\/\/relogios-online.com\/fr\/wp-json\/wp\/v2\/media?parent=2807"}],"curies":[{"name":"wp","href":"https:\/\/api.w.org\/{rel}","templated":true}]}}