{"id":3454,"date":"2024-08-22T18:30:40","date_gmt":"2024-08-22T18:30:40","guid":{"rendered":"https:\/\/relogios-online.com\/produto\/cadisen-chronograph-c7063-cristal-de-safirarelogio-masculino-vd53\/"},"modified":"2025-10-17T17:16:20","modified_gmt":"2025-10-17T16:16:20","slug":"relogio-masculino-cadisen-cronografo-com-cristal-de-safira","status":"publish","type":"product","link":"https:\/\/relogios-online.com\/fr\/produit\/montre-chronographe-pour-homme-cadisen-avec-verre-saphir\/","title":{"rendered":"CADISEN Chronographe C7063 \u2013 Montre pour homme avec cristal saphir VD53"},"content":{"rendered":"<p><strong>Montre chronographe pour homme CADISEN avec verre saphir<\/strong><\/p>\n<p>Id\u00e9al pour ceux qui recherchent <strong>montres en ligne au Portugal<\/strong>. Ce mod\u00e8le combine <strong>\u00e9l\u00e9gance<\/strong> et <strong>durabilit\u00e9<\/strong>, \u00e9tant l&#039;un des <strong>meilleures montres pour hommes<\/strong>. Parfait pour <strong>occasions sp\u00e9ciales<\/strong> ou une utilisation quotidienne, c&#039;est un <strong>montre de luxe<\/strong> avec <strong>r\u00e9sistance \u00e0 l&#039;eau<\/strong>.<\/p>\n<p><strong>CARACT\u00c9RISTIQUES<\/strong><br \/>\nType d&#039;article\u00a0: <strong>Montres-bracelets \u00e0 quartz<\/strong><br \/>\nMat\u00e9riau du verre du cadran\u00a0: <strong>Verre Saphir<\/strong><br \/>\nNom de la marque\u00a0: <strong>Cadisen<\/strong><br \/>\nNum\u00e9ro de mod\u00e8le: C7063<br \/>\nFormat de la bo\u00eete\u00a0: <strong>Rond<\/strong>, 42mm<br \/>\nMouvement: <strong>Quartz<\/strong><br \/>\nStyle: <strong>Entreprise<\/strong><br \/>\nProfondeur de r\u00e9sistance \u00e0 l&#039;eau\u00a0: 5\u00a0ATM<br \/>\nMat\u00e9riau du bo\u00eetier\u00a0: <strong>Acier inoxydable<\/strong><br \/>\nCaract\u00e9ristiques : lumineux, chronographe, r\u00e9sistant \u00e0 l&#039;eau, adapt\u00e9 \u00e0 la natation, aiguilles lumineuses.<\/p>\n<p>Achetez le v\u00f4tre maintenant et d\u00e9marquez-vous avec l&#039;un des <strong>meilleures montres-bracelets<\/strong>. <strong>Acheter maintenant<\/strong> et apportez de l&#039;\u00e9l\u00e9gance \u00e0 votre quotidien.<\/p>\n<p>&nbsp;<\/p>\n<p>\u2022 <strong>Mat\u00e9riau de haute qualit\u00e9<\/strong>: Fabriqu\u00e9e en acier inoxydable de haute qualit\u00e9 et dot\u00e9e d&#039;un mouvement \u00e0 quartz, cette montre offre durabilit\u00e9 et pr\u00e9cision, parfaite pour les professionnels.<\/p>\n<p>\u2022 <strong>R\u00e9sistance \u00e0 l&#039;eau avanc\u00e9e<\/strong>: Avec une profondeur d&#039;\u00e9tanch\u00e9it\u00e9 de 5ATM, cette montre peut r\u00e9sister \u00e0 diverses conditions d&#039;eau, ce qui la rend id\u00e9ale pour une utilisation quotidienne.<\/p>\n<p>\u2022 <strong>Pointeurs lumineux<\/strong>: La fonction aiguilles lumineuses assure la visibilit\u00e9 m\u00eame dans des conditions de faible luminosit\u00e9, am\u00e9liorant ainsi la fonctionnalit\u00e9 et le style de la montre.<\/p>\n<p>\u2022 <strong>Cadran en verre saphir<\/strong>: La montre est dot\u00e9e d&#039;un cadran en verre saphir, ajoutant une touche de luxe et am\u00e9liorant l&#039;attrait esth\u00e9tique g\u00e9n\u00e9ral.<\/p>\n<p>\u2022 <strong>Fermeture cach\u00e9e avec bouton-pression<\/strong>: Le fermoir \u00e0 bouton-poussoir cach\u00e9 offre un design \u00e9l\u00e9gant et assure la s\u00e9curit\u00e9 de votre montre.<\/p>\n<p>\u2022 <strong>Conception de bo\u00eete ronde<\/strong>: Le design du bo\u00eetier rond de la montre ajoute une touche classique, ce qui en fait une pi\u00e8ce intemporelle qui compl\u00e8te n&#039;importe quelle tenue.<\/p>\n<hr \/>\n<p>&nbsp;<\/p>\n<p>\u2022 <strong>Profondeur de r\u00e9sistance \u00e0 l&#039;eau 5ATM<\/strong>: Il peut r\u00e9sister \u00e0 une pression d&#039;eau jusqu&#039;\u00e0 50 m\u00e8tres de profondeur, ce qui le rend adapt\u00e9 \u00e0 la baignade.<\/p>\n<p>\u2022 <strong>Mat\u00e9riau du verre du cadran Verre saphir avec rev\u00eatement AR<\/strong>: Mat\u00e9riau r\u00e9sistant aux rayures et durable, qui garantit que le cadran de la montre reste clair et facile \u00e0 lire.<\/p>\n<p>\u2022 <strong>Mat\u00e9riau du bo\u00eetier et du bracelet Acier inoxydable<\/strong>: Mat\u00e9riau r\u00e9sistant \u00e0 la corrosion qui garantit que la montre reste longtemps en bon \u00e9tat.<\/p>\n<p>\u2022 <strong>Fonction chronographe et chronom\u00e8tre<\/strong>: Vous permet de mesurer le temps \u00e9coul\u00e9 avec pr\u00e9cision, ce qui le rend utile pour les sports et autres activit\u00e9s.<\/p>\n<p>\u2022 Les autres caract\u00e9ristiques comprennent des index et des aiguilles luminescents verts de haute intensit\u00e9, une couronne viss\u00e9e et bien plus encore.<\/p>\n<hr \/>\n<p><strong>Que recevrez-vous<\/strong>: Vous recevrez une montre CADISEN C7063, une bo\u00eete d&#039;emballage exquise CADISEN, un manuel en anglais CADISEN et un chiffon de nettoyage CADISEN. Vous pouvez profiter de notre service client exceptionnel et b\u00e9n\u00e9ficier d&#039;une politique de retour de 30 jours sans poser de questions. La montre est \u00e9galement accompagn\u00e9e d&#039;une garantie de 2 ans.<\/p>\n<p>Cette montre a un excellent design et des fonctionnalit\u00e9s pratiques. Voici les informations de taille pour vous aider \u00e0 mieux conna\u00eetre cette pi\u00e8ce :<\/p>\n<ul>\n<li><strong>Bo\u00eete<\/strong>: Inox 316L<\/li>\n<li><strong>Diam\u00e8tre<\/strong>: 42mm<\/li>\n<li><strong>Longueur<\/strong>: 49mm<\/li>\n<li><strong>\u00c9paisseur<\/strong>: 12mm<\/li>\n<li><strong>Largeur du bracelet<\/strong>: 19mm<\/li>\n<li><strong>Poids<\/strong>: 144g<\/li>\n<\/ul>\n<p><img decoding=\"async\" src=\"https:\/\/ae01.alicdn.com\/kf\/Sc760dd7a7a7a4d8a836c0ad25955aef7T.jpg\" alt=\"\" title=\"\"><img decoding=\"async\" src=\"https:\/\/ae01.alicdn.com\/kf\/Sfa1d9f1f0b9944cca67913d0f95add093.jpg\" alt=\"\" title=\"\"><img decoding=\"async\" src=\"https:\/\/ae01.alicdn.com\/kf\/S757b9b41f06a4b56b144f42d2dbe9be14.jpg\" alt=\"\" title=\"\"><img decoding=\"async\" src=\"https:\/\/ae01.alicdn.com\/kf\/S4e5d9561b2d14df49d0d602cd0a8c3b94.jpg\" alt=\"\" title=\"\"><img decoding=\"async\" src=\"https:\/\/ae01.alicdn.com\/kf\/S13fdf376cd814a45946ba4501cab471di.jpg\" alt=\"\" title=\"\"><img decoding=\"async\" src=\"https:\/\/ae01.alicdn.com\/kf\/S51de254465424e639f9d876b578d09130.jpg\" alt=\"\" title=\"\"><img decoding=\"async\" src=\"https:\/\/ae01.alicdn.com\/kf\/S545fb6b55fca4299931fa4a2ead260a9G.jpg\" alt=\"\" title=\"\"><img decoding=\"async\" src=\"https:\/\/ae01.alicdn.com\/kf\/Sb94308c2a86c45b480e4afb1985e29c0r.jpg\" alt=\"\" title=\"\"><img decoding=\"async\" src=\"https:\/\/ae01.alicdn.com\/kf\/S74df3c3ef3a0466d9e138919df02f670M.jpg\" alt=\"\" title=\"\"><img decoding=\"async\" src=\"https:\/\/ae01.alicdn.com\/kf\/S9d0e69c59ce94173a3d5d4b36ccc8fa7f.jpg\" alt=\"\" title=\"\"><img decoding=\"async\" src=\"https:\/\/ae01.alicdn.com\/kf\/Saad223f957ef4ec9907ce92c91f209e7w.jpg\" alt=\"\" title=\"\"><img decoding=\"async\" src=\"https:\/\/ae01.alicdn.com\/kf\/S3fc2ea701b0040cbaca65acfc61addf8z.jpg\" alt=\"\" title=\"\"><img decoding=\"async\" src=\"https:\/\/ae01.alicdn.com\/kf\/S4d4cdb32a02745538276c4b065abbfb6G.jpg\" alt=\"\" title=\"\"><img decoding=\"async\" src=\"https:\/\/ae01.alicdn.com\/kf\/S9cf2eae6845f426a8425b3f71f2931a6K.jpg\" alt=\"\" title=\"\"><img decoding=\"async\" src=\"https:\/\/ae01.alicdn.com\/kf\/Sb1478fbc1e2b4a9ca22ab5f6026f94923.jpg\" alt=\"\" title=\"\"><img decoding=\"async\" src=\"https:\/\/ae01.alicdn.com\/kf\/S1beed78c5d41452d8ef908493c2e8ee19.jpg\" alt=\"\" title=\"\"><\/p>\n<p><a href=\"https:\/\/relogios-online.com\/\" target=\"_blank\" rel=\"noopener\">D\u00e9couvrez tous les produits Montres Homme sur relogios-online.com<\/a><\/p>","protected":false},"excerpt":{"rendered":"<p>\ud83d\ude9a <strong>Exp\u00e9dition mondiale standard compl\u00e8te<\/strong> (avec taxes et frais d\u00e9j\u00e0 inclus).<\/p>\n<p>\ud83d\udee1\ufe0f <strong>Assurance qualit\u00e9<\/strong><br \/>\nTous nos produits ont <strong>Garantie 12 mois<\/strong>, garantissant qualit\u00e9 et satisfaction.<\/p>\n<p>\ud83d\udcde <strong>Service client<\/strong><br \/>\nNotre \u00e9quipe est toujours pr\u00eate \u00e0 vous accompagner \u00e0 chaque \u00e9tape de votre achat.<\/p>\n<p>\ud83d\udcb3 <strong>Paiement s\u00e9curis\u00e9<\/strong><br \/>\nNous proposons des options de paiement s\u00e9curis\u00e9es 100% pour garantir la protection de vos donn\u00e9es.<\/p>\n<p>\u2b50 <strong>Produit original<\/strong><br \/>\nNous travaillons uniquement avec des montres originales et de haute qualit\u00e9, directement issues des meilleures marques.<br \/>\nConsultez notre <a href=\"https:\/\/relogios-online.com\/politica-de-envio\/\" target=\"_blank\" rel=\"noopener\">Politique d&#039;exp\u00e9dition<\/a>.<\/p>","protected":false},"featured_media":3453,"comment_status":"open","ping_status":"closed","template":"","meta":[],"product_brand":[],"product_cat":[64,61,58,60,56],"product_tag":[],"class_list":{"0":"post-3454","1":"product","2":"type-product","3":"status-publish","4":"has-post-thumbnail","6":"product_cat-cristal-de-safira","7":"product_cat-quartzo","8":"product_cat-relogios-casuais","9":"product_cat-relogios-formais","10":"product_cat-relogios-homem","12":"first","13":"instock","14":"shipping-taxable","15":"purchasable","16":"product-type-variable"},"jetpack_sharing_enabled":true,"_links":{"self":[{"href":"https:\/\/relogios-online.com\/fr\/wp-json\/wp\/v2\/product\/3454","targetHints":{"allow":["GET"]}}],"collection":[{"href":"https:\/\/relogios-online.com\/fr\/wp-json\/wp\/v2\/product"}],"about":[{"href":"https:\/\/relogios-online.com\/fr\/wp-json\/wp\/v2\/types\/product"}],"replies":[{"embeddable":true,"href":"https:\/\/relogios-online.com\/fr\/wp-json\/wp\/v2\/comments?post=3454"}],"version-history":[{"count":1,"href":"https:\/\/relogios-online.com\/fr\/wp-json\/wp\/v2\/product\/3454\/revisions"}],"predecessor-version":[{"id":9654,"href":"https:\/\/relogios-online.com\/fr\/wp-json\/wp\/v2\/product\/3454\/revisions\/9654"}],"wp:featuredmedia":[{"embeddable":true,"href":"https:\/\/relogios-online.com\/fr\/wp-json\/wp\/v2\/media\/3453"}],"wp:attachment":[{"href":"https:\/\/relogios-online.com\/fr\/wp-json\/wp\/v2\/media?parent=3454"}],"wp:term":[{"taxonomy":"product_brand","embeddable":true,"href":"https:\/\/relogios-online.com\/fr\/wp-json\/wp\/v2\/product_brand?post=3454"},{"taxonomy":"product_cat","embeddable":true,"href":"https:\/\/relogios-online.com\/fr\/wp-json\/wp\/v2\/product_cat?post=3454"},{"taxonomy":"product_tag","embeddable":true,"href":"https:\/\/relogios-online.com\/fr\/wp-json\/wp\/v2\/product_tag?post=3454"}],"curies":[{"name":"wp","href":"https:\/\/api.w.org\/{rel}","templated":true}]}}