{"id":3623,"date":"2024-08-25T13:04:16","date_gmt":"2024-08-25T13:04:16","guid":{"rendered":"https:\/\/relogios-online.com\/produto\/poedagar-613-relogio-para-homem-quartzo-aco-inoxidavel-hardlex-relogio-de-luxo\/"},"modified":"2026-01-20T00:53:21","modified_gmt":"2026-01-19T23:53:21","slug":"poedagar-613-relogio-para-homem-quartzo-aco-inoxidavel-hardlex-relogio-de-luxo","status":"publish","type":"product","link":"https:\/\/relogios-online.com\/fr\/produit\/poedagar-613-montre-pour-hommes-montre-de-luxe-hardlex-en-acier-inoxydable-a-quartz\/","title":{"rendered":"Montre homme POEDAGAR 613, Quartz, acier inoxydable, Hardlex, montre de luxe"},"content":{"rendered":"<p><strong>Montre homme POEDAGAR 613<\/strong><\/p>\n<p>LE <strong>PO\u00c9DAGAR 613<\/strong> est la montre id\u00e9ale pour ceux qui recherchent <strong>montres en ligne au Portugal<\/strong>. Ce <strong>montre pour hommes<\/strong> allie style et fonctionnalit\u00e9, ce qui en fait un excellent choix pour <strong>acheter des montres<\/strong> qui unissent <strong>qualit\u00e9<\/strong> et conception. Fabriqu\u00e9 avec <strong>acier inoxydable<\/strong> tr\u00e8s durable, ce <strong>montre-bracelet<\/strong> Il est r\u00e9sistant \u00e0 l&#039;eau jusqu&#039;\u00e0 3ATM, parfait pour ceux qui recherchent <strong>montres r\u00e9sistantes \u00e0 l&#039;eau<\/strong> pour un usage quotidien et des activit\u00e9s l\u00e9g\u00e8res comme la natation.<\/p>\n<p>Avec son bo\u00eetier carr\u00e9 de 40 mm et son verre <strong>Hardlex<\/strong>, ce <strong>montre de luxe<\/strong> n&#039;est pas seulement un \u00e9l\u00e9ment fonctionnel, mais aussi un <strong>accessoire de mode<\/strong> qui compl\u00e8te n&#039;importe quel look. Equip\u00e9 de mouvement <strong>quartz<\/strong>, calendrier complet et aiguilles luminescentes, la POEDAGAR 613 r\u00e9pond \u00e0 toutes les attentes d&#039;un <strong>montre \u00e9l\u00e9gante<\/strong> et polyvalent.<\/p>\n<p>Si vous cherchez <strong>meilleures montres pour hommes<\/strong>, ce mod\u00e8le est parfait pour <strong>occasions sp\u00e9ciales<\/strong> ou pour un usage quotidien. La combinaison de caract\u00e9ristiques telles que <strong>montres en verre saphir<\/strong> et un design innovant font de ce mod\u00e8le une pi\u00e8ce essentielle pour ceux qui appr\u00e9cient <strong>montres de qualit\u00e9<\/strong>.<\/p>\n<p><strong>Sp\u00e9cifications techniques\u00a0:<\/strong><\/p>\n<ul>\n<li><strong>Marque<\/strong>: PO\u00c9DAGAR<\/li>\n<li><strong>Mat\u00e9riau du bracelet<\/strong>: Acier inoxydable<\/li>\n<li><strong>Longueur du bracelet<\/strong>: 20cm<\/li>\n<li><strong>Style<\/strong>: Mode et Casual<\/li>\n<li><strong>Type de fermeture<\/strong>: Fermeture dissimul\u00e9e avec bouton-pression<\/li>\n<li><strong>Origine<\/strong>: Chine continentale<\/li>\n<li><strong>Mouvement<\/strong>:Quartz<\/li>\n<li><strong>R\u00e9sistance \u00e0 l&#039;eau<\/strong>: 3ATM<\/li>\n<li><strong>Mat\u00e9riau de la bo\u00eete<\/strong>: Acier inoxydable<\/li>\n<li><strong>\u00c9paisseur du bo\u00eetier<\/strong>: 10mm<\/li>\n<li><strong>Mat\u00e9riau de la bo\u00eete et du bo\u00eetier<\/strong>: Papier<\/li>\n<li><strong>Mod\u00e8le<\/strong>: 613<\/li>\n<li><strong>Largeur du bracelet<\/strong>: 20mm<\/li>\n<li><strong>Caract\u00e9ristiques<\/strong>: Lumineux, Date automatique, Calendrier complet, R\u00e9sistant \u00e0 l&#039;eau, Adapt\u00e9 \u00e0 la natation<\/li>\n<li><strong>Diam\u00e8tre du cadran<\/strong>: 40mm<\/li>\n<li><strong>Attestation<\/strong>: CE<\/li>\n<li><strong>Format de la bo\u00eete<\/strong>: Carr\u00e9<\/li>\n<li><strong>Mat\u00e9riau du verre d&#039;affichage<\/strong>: Hardlex<\/li>\n<\/ul>\n<p>\u00cates-vous un passionn\u00e9 de <strong>montres de sport au Portugal<\/strong> ou simplement \u00e0 la recherche <strong>montres bon march\u00e9<\/strong> et abordable, POEDAGAR 613 est le bon choix. <strong>Acheter maintenant<\/strong> et ajoutez une touche de classe \u00e0 votre style de tous les jours !<\/p>\n<p>&nbsp;<\/p>\n<p><strong>Le forfait comprend :<\/strong><\/p>\n<ul>\n<li>1 x montre POEDAGAR<\/li>\n<li>1 x bo\u00eete POEDAGAR<\/li>\n<li>1 x outil de r\u00e9glage du bracelet<\/li>\n<li>1 x chiffon de nettoyage pour montre<\/li>\n<li>1 x carte de garantie<\/li>\n<\/ul>\n<p><img decoding=\"async\" src=\"https:\/\/ae01.alicdn.com\/kf\/Sb214c2488f00438185dae9e326ce6a32t.jpg\" alt=\"\" title=\"\"><img decoding=\"async\" src=\"https:\/\/ae01.alicdn.com\/kf\/S10a40cff41ca41ec8f449de6a3bcf3bcQ.jpg\" alt=\"\" title=\"\"><img decoding=\"async\" src=\"https:\/\/ae01.alicdn.com\/kf\/S0b9e58e8f4434b4ea0bc9db25425c1ea6.jpg\" alt=\"\" title=\"\"><img decoding=\"async\" src=\"https:\/\/ae01.alicdn.com\/kf\/S2b4cfacad9884bacadfc27e3b968fb355.jpg\" alt=\"\" title=\"\"><img decoding=\"async\" src=\"https:\/\/ae01.alicdn.com\/kf\/Sb0c86754908945e2b948cf5fbde89488v.jpg\" alt=\"\" title=\"\"><img decoding=\"async\" src=\"https:\/\/ae01.alicdn.com\/kf\/Sbf1aec5e30b94418a89bfe43942e4baeC.jpg\" alt=\"\" title=\"\"><img decoding=\"async\" src=\"https:\/\/ae01.alicdn.com\/kf\/S103b70d0376641d7946989f68f264583d.jpg\" alt=\"\" title=\"\"><\/p>\n<p><img decoding=\"async\" src=\"https:\/\/ae01.alicdn.com\/kf\/S45b6f4b82dd440949dca00b2722a7245s.jpg\" alt=\"\" title=\"\"><img decoding=\"async\" src=\"https:\/\/ae01.alicdn.com\/kf\/S4d254d78ff20490a9e0c7de4156a37beu.jpg\" alt=\"\" title=\"\"><\/p>\n<p>&nbsp;<\/p>\n<p>&nbsp;<\/p>\n<p><a href=\"https:\/\/relogios-online.com\/\" target=\"_blank\" rel=\"noopener\">D\u00e9couvrez tous les produits Montres Homme sur relogios-online.com<\/a><\/p>","protected":false},"excerpt":{"rendered":"<p>\ud83d\ude9a <strong>Exp\u00e9dition mondiale standard compl\u00e8te<\/strong> (avec taxes et frais d\u00e9j\u00e0 inclus).<\/p>\n<p>\ud83d\udee1\ufe0f <strong>Assurance qualit\u00e9<\/strong><br \/>\nTous nos produits ont <strong>Garantie 12 mois<\/strong>, garantissant qualit\u00e9 et satisfaction.<\/p>\n<p>\ud83d\udcde <strong>Service client<\/strong><br \/>\nNotre \u00e9quipe est toujours pr\u00eate \u00e0 vous accompagner \u00e0 chaque \u00e9tape de votre achat.<\/p>\n<p>\ud83d\udcb3 <strong>Paiement s\u00e9curis\u00e9<\/strong><br \/>\nNous proposons des options de paiement s\u00e9curis\u00e9es 100% pour garantir la protection de vos donn\u00e9es.<\/p>\n<p>\u2b50 <strong>Produit original<\/strong><br \/>\nNous travaillons uniquement avec des montres originales et de haute qualit\u00e9, directement issues des meilleures marques.<br \/>\nConsultez notre <a href=\"https:\/\/relogios-online.com\/politica-de-envio\/\" target=\"_blank\" rel=\"noopener\">Politique d&#039;exp\u00e9dition<\/a>.<\/p>","protected":false},"featured_media":3646,"comment_status":"open","ping_status":"closed","template":"","meta":[],"product_brand":[],"product_cat":[65,74,61,60,56],"product_tag":[99,82,81,101,92,84,93,88,79,83,89],"class_list":{"0":"post-3623","1":"product","2":"type-product","3":"status-publish","4":"has-post-thumbnail","6":"product_cat-hardlex","7":"product_cat-poedagar","8":"product_cat-quartzo","9":"product_cat-relogios-formais","10":"product_cat-relogios-homem","11":"product_tag-poedagar","12":"product_tag-relogios-baratos","13":"product_tag-relogios-de-luxo","14":"product_tag-relogios-de-marca","15":"product_tag-relogios-de-pulso","16":"product_tag-relogios-de-quartzo","17":"product_tag-relogios-elegantes","18":"product_tag-relogios-formais","19":"product_tag-relogios-homem","20":"product_tag-relogios-online-portugal","21":"product_tag-relogios-resistentes-a-agua","23":"first","24":"instock","25":"sale","26":"shipping-taxable","27":"purchasable","28":"product-type-variable"},"jetpack_sharing_enabled":true,"_links":{"self":[{"href":"https:\/\/relogios-online.com\/fr\/wp-json\/wp\/v2\/product\/3623","targetHints":{"allow":["GET"]}}],"collection":[{"href":"https:\/\/relogios-online.com\/fr\/wp-json\/wp\/v2\/product"}],"about":[{"href":"https:\/\/relogios-online.com\/fr\/wp-json\/wp\/v2\/types\/product"}],"replies":[{"embeddable":true,"href":"https:\/\/relogios-online.com\/fr\/wp-json\/wp\/v2\/comments?post=3623"}],"version-history":[{"count":2,"href":"https:\/\/relogios-online.com\/fr\/wp-json\/wp\/v2\/product\/3623\/revisions"}],"predecessor-version":[{"id":10206,"href":"https:\/\/relogios-online.com\/fr\/wp-json\/wp\/v2\/product\/3623\/revisions\/10206"}],"wp:featuredmedia":[{"embeddable":true,"href":"https:\/\/relogios-online.com\/fr\/wp-json\/wp\/v2\/media\/3646"}],"wp:attachment":[{"href":"https:\/\/relogios-online.com\/fr\/wp-json\/wp\/v2\/media?parent=3623"}],"wp:term":[{"taxonomy":"product_brand","embeddable":true,"href":"https:\/\/relogios-online.com\/fr\/wp-json\/wp\/v2\/product_brand?post=3623"},{"taxonomy":"product_cat","embeddable":true,"href":"https:\/\/relogios-online.com\/fr\/wp-json\/wp\/v2\/product_cat?post=3623"},{"taxonomy":"product_tag","embeddable":true,"href":"https:\/\/relogios-online.com\/fr\/wp-json\/wp\/v2\/product_tag?post=3623"}],"curies":[{"name":"wp","href":"https:\/\/api.w.org\/{rel}","templated":true}]}}