{"id":3704,"date":"2024-08-26T22:01:31","date_gmt":"2024-08-26T22:01:31","guid":{"rendered":"https:\/\/relogios-online.com\/?post_type=product&#038;p=3704"},"modified":"2025-10-17T17:16:17","modified_gmt":"2025-10-17T16:16:17","slug":"lige-lg10045-relogio-para-homem-3-atm-aco-inoxidavel","status":"publish","type":"product","link":"https:\/\/relogios-online.com\/fr\/produit\/lige-lg10045-montre-homme-3-atm-acier-inoxydable\/","title":{"rendered":"LIGE LG10045 Montre de luxe pour hommes 3 ATM"},"content":{"rendered":"<p><strong>LIGE LG10045 Montre pour homme 3ATM, acier inoxydable<\/strong><\/p>\n<p>LE <strong>LIGE LG10045<\/strong> C&#039;est une montre pour hommes id\u00e9ale pour ceux qui recherchent <strong>montres en ligne au Portugal<\/strong> \u00e7a correspond <strong>qualit\u00e9<\/strong>, <strong>style sportif<\/strong> et <strong>durabilit\u00e9<\/strong>. Avec une r\u00e9sistance \u00e0 l&#039;eau de 3ATM, ce <strong>montre-bracelet<\/strong> Il est parfait pour les activit\u00e9s quotidiennes et la natation. Fabriqu\u00e9 en <strong>acier inoxydable<\/strong>, le LG10045 poss\u00e8de un cadran rond de 42 mm prot\u00e9g\u00e9 par un verre Hardlex, offrant une r\u00e9sistance aux chocs et aux rayures. Equip\u00e9 de fonctions telles que chronographe, calendrier complet et aiguilles lumineuses, ce mod\u00e8le est un excellent choix pour ceux qui recherchent <strong>montres bon march\u00e9<\/strong> qui ne compromettent pas l&#039;\u00e9l\u00e9gance et la fonctionnalit\u00e9.<\/p>\n<p><strong>Sp\u00e9cifications techniques\u00a0:<\/strong><\/p>\n<ul>\n<li><strong>Marque<\/strong>: APPEL<\/li>\n<li><strong>Mod\u00e8le<\/strong>:LG10045<\/li>\n<li><strong>Mouvement<\/strong>:Quartz<\/li>\n<li><strong>Diam\u00e8tre du cadran<\/strong>: 42mm<\/li>\n<li><strong>Mat\u00e9riau de la bo\u00eete<\/strong>: Acier inoxydable<\/li>\n<li><strong>\u00c9paisseur du bo\u00eetier<\/strong>: 12mm<\/li>\n<li><strong>Largeur du bracelet<\/strong>: 22mm<\/li>\n<li><strong>Longueur du bracelet<\/strong>: 22cm<\/li>\n<li><strong>Mat\u00e9riau du bracelet<\/strong>: Acier inoxydable<\/li>\n<li><strong>Type de fermeture<\/strong>: Fermeture dissimul\u00e9e avec bouton-pression<\/li>\n<li><strong>R\u00e9sistance \u00e0 l&#039;eau<\/strong>: 3ATM<\/li>\n<li><strong>Caract\u00e9ristiques<\/strong>: Chronographe, Date automatique, Calendrier complet, R\u00e9sistant aux chocs, Lumineux<\/li>\n<\/ul>\n<p>Ce <strong>montre pour hommes<\/strong> est parfait pour ceux qui recherchent <strong>montres de qualit\u00e9<\/strong> et <strong>montres de luxe<\/strong>. <strong>Acheter maintenant<\/strong> et ajoutez une touche de sophistication \u00e0 votre quotidien avec <strong>LIGE LG10045<\/strong>!<\/p>\n<p>&nbsp;<\/p>\n<p>\u2022 <strong>Profondeur de r\u00e9sistance \u00e0 l&#039;eau 3ATM<\/strong>: Peut r\u00e9sister aux \u00e9claboussures d&#039;eau et \u00e0 la pluie, ce qui le rend adapt\u00e9 aux activit\u00e9s de plein air.<\/p>\n<p>\u2022 <strong>Pointeurs lumineux<\/strong>: Les aiguilles brillent dans le noir, ce qui facilite la lecture de l&#039;heure m\u00eame dans des conditions de faible luminosit\u00e9.<\/p>\n<p>\u2022 <strong>Bo\u00eetier et bracelet en acier inoxydable<\/strong>: Durable et robuste, la montre est fabriqu\u00e9e en acier inoxydable de haute qualit\u00e9, qui n&#039;est pas facilement ray\u00e9 ou endommag\u00e9.<\/p>\n<p>\u2022 <strong>Mat\u00e9riau du verre du cadran Hardlex<\/strong>: La fen\u00eatre du cadran est en Hardlex, un type de cristal min\u00e9ral r\u00e9sistant aux rayures et aux impacts.<\/p>\n<hr \/>\n<p><strong>C&#039;est une montre \u00e0 quartz sportive et moderne<\/strong><\/p>\n<ul>\n<li><strong>Caract\u00e9ristiques<\/strong>: Super r\u00e9sistant \u00e0 l&#039;eau, peut \u00eatre utilis\u00e9 pour nager et se laver les mains, sans se soucier de la p\u00e9n\u00e9tration de l&#039;eau.<\/li>\n<li><strong>Caract\u00e9ristiques<\/strong>: Aiguilles lumineuses, \u00e0 luminosit\u00e9 longue dur\u00e9e, permettant d&#039;indiquer l&#039;heure la nuit.<\/li>\n<li><strong>Fonctionnalit\u00e9<\/strong>: Fonction calendrier automatique.<\/li>\n<li><strong>Caract\u00e9ristiques<\/strong>: Mat\u00e9riau en acier inoxydable, ne vous inqui\u00e9tez pas de la d\u00e9coloration de la montre.<\/li>\n<\/ul>\n<hr \/>\n<p><strong>Forfait combin\u00e9\u00a0:<\/strong><\/p>\n<ul>\n<li>1x montre (d&#039;origine)<\/li>\n<li>1x coffret cadeau original<\/li>\n<li>1x manuel (d&#039;origine)<\/li>\n<li>1x chiffon de nettoyage (original)<\/li>\n<li>1x autocollant (d&#039;origine)<\/li>\n<\/ul>\n<p>Convient aux sc\u00e8nes telles que le sport, le cyclisme, l&#039;alpinisme, la natation, les voyages, l&#039;association de v\u00eatements. R\u00e9glez une horloge d\u00e9licate, ajoutez du plaisir \u00e0 la vie et profitez du bonheur apport\u00e9 par le temps !<\/p>\n<p><img decoding=\"async\" src=\"https:\/\/ae01.alicdn.com\/kf\/Sc8e172be54684817920f3eb8356b3b08i.jpg\" alt=\"\" title=\"\"><img decoding=\"async\" src=\"https:\/\/ae01.alicdn.com\/kf\/S783b807e2ce948ba8c5521243b7f1c070.jpg\" alt=\"\" title=\"\"><img decoding=\"async\" src=\"https:\/\/ae01.alicdn.com\/kf\/S11d4f78fbbd3438eb44a0b3d522d40c8O.jpg\" alt=\"\" title=\"\"><img decoding=\"async\" src=\"https:\/\/ae01.alicdn.com\/kf\/S4ed5801c4645441e9e420d7a2bd76fde9.jpg\" alt=\"\" title=\"\"><img decoding=\"async\" src=\"https:\/\/ae01.alicdn.com\/kf\/Sa85395dbe0f940ea8c1981542ed6a10ab.jpg\" alt=\"\" title=\"\"><img decoding=\"async\" src=\"https:\/\/ae01.alicdn.com\/kf\/S576ded6fa2eb44628a9a5d22e45bb383h.jpg\" alt=\"\" title=\"\"><img decoding=\"async\" src=\"https:\/\/ae01.alicdn.com\/kf\/Sc6f95c341b2349aaa684b15b7a453a10c.jpg\" alt=\"\" title=\"\"><img decoding=\"async\" src=\"https:\/\/ae01.alicdn.com\/kf\/Sf9b0abf0a707420e8a29703fa651df7e3.jpg\" alt=\"\" title=\"\"><img decoding=\"async\" src=\"https:\/\/ae01.alicdn.com\/kf\/S2edb227b95344296b611113ddfac6c529.jpg\" alt=\"\" title=\"\"><img decoding=\"async\" src=\"https:\/\/ae01.alicdn.com\/kf\/Sb07afb07bd4448508713809afbc1c340l.jpg\" alt=\"\" title=\"\"><img decoding=\"async\" src=\"https:\/\/ae01.alicdn.com\/kf\/Sb8e4359101804777a7fc3a4bf296daa2o.jpg\" alt=\"\" title=\"\"><img decoding=\"async\" src=\"https:\/\/ae01.alicdn.com\/kf\/S3d0563b85bcc4e2393f775c4fd112a70z.jpg\" alt=\"\" title=\"\"><img decoding=\"async\" src=\"https:\/\/ae01.alicdn.com\/kf\/Sc1867f8731b748149cee30a0462d1cf16.jpg\" alt=\"\" title=\"\"><img decoding=\"async\" src=\"https:\/\/ae01.alicdn.com\/kf\/S6add1e2446694524998070ab58a92f78o.jpg\" alt=\"\" title=\"\"><\/p>\n<p><img decoding=\"async\" src=\"https:\/\/ae01.alicdn.com\/kf\/S176f2da4a9594992819a20bdcfc37a14B.jpg\" alt=\"\" title=\"\"><\/p>\n<p><a href=\"https:\/\/relogios-online.com\/\" target=\"_blank\" rel=\"noopener\">D\u00e9couvrez tous les produits Montres Homme sur relogios-online.com<\/a><\/p>","protected":false},"excerpt":{"rendered":"<p>\ud83d\ude9a <strong>Exp\u00e9dition mondiale standard compl\u00e8te<\/strong> (avec taxes et frais d\u00e9j\u00e0 inclus).<\/p>\n<p>\ud83d\udee1\ufe0f <strong>Assurance qualit\u00e9<\/strong><br \/>\nTous nos produits ont <strong>Garantie 12 mois<\/strong>, garantissant qualit\u00e9 et satisfaction.<\/p>\n<p>\ud83d\udcde <strong>Service client<\/strong><br \/>\nNotre \u00e9quipe est toujours pr\u00eate \u00e0 vous accompagner \u00e0 chaque \u00e9tape de votre achat.<\/p>\n<p>\ud83d\udcb3 <strong>Paiement s\u00e9curis\u00e9<\/strong><br \/>\nNous proposons des options de paiement s\u00e9curis\u00e9es 100% pour garantir la protection de vos donn\u00e9es.<\/p>\n<p>\u2b50 <strong>Produit original<\/strong><br \/>\nNous travaillons uniquement avec des montres originales et de haute qualit\u00e9, directement issues des meilleures marques.<br \/>\nConsultez notre <a href=\"https:\/\/relogios-online.com\/politica-de-envio\/\" target=\"_blank\" rel=\"noopener\">Politique d&#039;exp\u00e9dition<\/a>.<\/p>","protected":false},"featured_media":3703,"comment_status":"open","ping_status":"closed","template":"","meta":[],"product_brand":[],"product_cat":[65,73,61,58,59,56],"product_tag":[100,82,87,81,101,92,84,86,93,88,79,83,89],"class_list":{"0":"post-3704","1":"product","2":"type-product","3":"status-publish","4":"has-post-thumbnail","6":"product_cat-hardlex","7":"product_cat-lige","8":"product_cat-quartzo","9":"product_cat-relogios-casuais","10":"product_cat-relogios-esportivos","11":"product_cat-relogios-homem","12":"product_tag-lige","13":"product_tag-relogios-baratos","14":"product_tag-relogios-casuais","15":"product_tag-relogios-de-luxo","16":"product_tag-relogios-de-marca","17":"product_tag-relogios-de-pulso","18":"product_tag-relogios-de-quartzo","19":"product_tag-relogios-desportivos","20":"product_tag-relogios-elegantes","21":"product_tag-relogios-formais","22":"product_tag-relogios-homem","23":"product_tag-relogios-online-portugal","24":"product_tag-relogios-resistentes-a-agua","26":"first","27":"instock","28":"shipping-taxable","29":"purchasable","30":"product-type-variable"},"jetpack_sharing_enabled":true,"_links":{"self":[{"href":"https:\/\/relogios-online.com\/fr\/wp-json\/wp\/v2\/product\/3704","targetHints":{"allow":["GET"]}}],"collection":[{"href":"https:\/\/relogios-online.com\/fr\/wp-json\/wp\/v2\/product"}],"about":[{"href":"https:\/\/relogios-online.com\/fr\/wp-json\/wp\/v2\/types\/product"}],"replies":[{"embeddable":true,"href":"https:\/\/relogios-online.com\/fr\/wp-json\/wp\/v2\/comments?post=3704"}],"version-history":[{"count":1,"href":"https:\/\/relogios-online.com\/fr\/wp-json\/wp\/v2\/product\/3704\/revisions"}],"predecessor-version":[{"id":9651,"href":"https:\/\/relogios-online.com\/fr\/wp-json\/wp\/v2\/product\/3704\/revisions\/9651"}],"wp:featuredmedia":[{"embeddable":true,"href":"https:\/\/relogios-online.com\/fr\/wp-json\/wp\/v2\/media\/3703"}],"wp:attachment":[{"href":"https:\/\/relogios-online.com\/fr\/wp-json\/wp\/v2\/media?parent=3704"}],"wp:term":[{"taxonomy":"product_brand","embeddable":true,"href":"https:\/\/relogios-online.com\/fr\/wp-json\/wp\/v2\/product_brand?post=3704"},{"taxonomy":"product_cat","embeddable":true,"href":"https:\/\/relogios-online.com\/fr\/wp-json\/wp\/v2\/product_cat?post=3704"},{"taxonomy":"product_tag","embeddable":true,"href":"https:\/\/relogios-online.com\/fr\/wp-json\/wp\/v2\/product_tag?post=3704"}],"curies":[{"name":"wp","href":"https:\/\/api.w.org\/{rel}","templated":true}]}}