{"id":3857,"date":"2024-08-27T02:29:39","date_gmt":"2024-08-27T02:29:39","guid":{"rendered":"https:\/\/relogios-online.com\/produto\/pagani-pd-1662-nh34-relogio-automatico-homem-2\/"},"modified":"2025-10-17T17:16:13","modified_gmt":"2025-10-17T16:16:13","slug":"pagani-pd-1662-nh34-relogio-automatico-homem-2","status":"publish","type":"product","link":"https:\/\/relogios-online.com\/fr\/produit\/montre-automatique-pour-hommes-pagani-pd-1662-nh34-2\/","title":{"rendered":"Montre automatique pour hommes PAGANI DESIGN PD-1662 NH34"},"content":{"rendered":"<p><strong>Montre automatique pour hommes PAGANI PD-1662 NH34<\/strong><\/p>\n<p>LE <strong>PAGANI PD-1662 NH34<\/strong> est le choix parfait pour ceux qui recherchent <strong>montres automatiques pour hommes<\/strong> avec un design sophistiqu\u00e9 et des performances \u00e9lev\u00e9es. Dot\u00e9 d&#039;un mouvement automatique Seiko NH34, ce <strong>montre de luxe<\/strong> offre pr\u00e9cision et durabilit\u00e9. Le verre de <strong>verre saphir<\/strong> offre une r\u00e9sistance aux rayures, tandis que le bo\u00eetier et le bracelet <strong>acier inoxydable<\/strong> garantissent robustesse et style. Avec une r\u00e9sistance \u00e0 l&#039;eau de 10 ATM, le PD-1662 est id\u00e9al pour les activit\u00e9s nautiques. Il poss\u00e8de des fonctions telles qu&#039;un calendrier complet, plusieurs fuseaux horaires et des aiguilles lumineuses, ce qui en fait un accessoire polyvalent pour <strong>occasions sp\u00e9ciales<\/strong> et une utilisation quotidienne.<\/p>\n<p><strong>Sp\u00e9cifications techniques\u00a0:<\/strong><\/p>\n<ul>\n<li><strong>Marque<\/strong>: CONCEPTION PAGANI<\/li>\n<li><strong>Mod\u00e8le<\/strong>: PD-1662NH34<\/li>\n<li><strong>Mouvement<\/strong>: Remontage automatique et manuel<\/li>\n<li><strong>Diam\u00e8tre du cadran<\/strong>: 40mm<\/li>\n<li><strong>Mat\u00e9riau de la bo\u00eete<\/strong>: Acier inoxydable<\/li>\n<li><strong>\u00c9paisseur du bo\u00eetier<\/strong>: 14mm<\/li>\n<li><strong>Largeur du bracelet<\/strong>: 20mm<\/li>\n<li><strong>Longueur du bracelet<\/strong>: 22cm<\/li>\n<li><strong>Mat\u00e9riau du bracelet<\/strong>: Acier inoxydable<\/li>\n<li><strong>Type de fermeture<\/strong>: Boucle d\u00e9ployante de s\u00e9curit\u00e9<\/li>\n<li><strong>R\u00e9sistance \u00e0 l&#039;eau<\/strong>: 10ATM<\/li>\n<li><strong>Caract\u00e9ristiques<\/strong>: Plusieurs fuseaux horaires, calendrier complet, date automatique, r\u00e9sistant aux chocs, aiguilles lumineuses<\/li>\n<\/ul>\n<p><strong>Acheter maintenant<\/strong> et d\u00e9couvrez l&#039;\u00e9quilibre parfait entre <strong>\u00e9l\u00e9gance<\/strong> et <strong>fonctionnalit\u00e9<\/strong> avec le <strong>PAGANI PD-1662 NH34<\/strong>!<\/p>\n<p>&nbsp;<\/p>\n<p>\u2022 <strong>Mouvement automatique \u00e0 remontage automatique<\/strong>: Le mouvement automatique de la montre garantit une heure pr\u00e9cise sans n\u00e9cessiter de remontage manuel.<\/p>\n<p>\u2022 <strong>100M \u00e9tanche<\/strong>: Avec une \u00e9tanch\u00e9it\u00e9 de 100 m\u00e8tres, cette montre peut r\u00e9sister aux \u00e9claboussures et aux br\u00e8ves immersions dans l&#039;eau.<\/p>\n<p>\u2022 <strong>Verre saphir sur le cadran<\/strong>: Le verre saphir offre r\u00e9sistance aux rayures et durabilit\u00e9, garantissant que le cadran reste clair et facile \u00e0 lire.<\/p>\n<p>\u2022 <strong>Pointeurs lumineux<\/strong>: Les aiguilles lumineuses permettent une lecture facile de l&#039;heure dans des conditions de faible luminosit\u00e9.<\/p>\n<p>\u2022 <strong>Montres automatiques pour hommes<\/strong>: La montre pour homme PAGANI DESIGN est dot\u00e9e d&#039;aiguilles lumineuses ainsi que d&#039;un bo\u00eetier et d&#039;un bracelet en acier inoxydable. La lunette est en c\u00e9ramique et peut pivoter 120 fois. Le verre saphir synth\u00e9tique \u00e0 tr\u00e8s haute transmission de la lumi\u00e8re est extr\u00eamement r\u00e9sistant aux rayures et aux cassures. (Remarque : les lunettes \u00ab noir-rouge \u00bb et \u00ab bleu-rouge \u00bb ne sont pas en c\u00e9ramique).<\/p>\n<p>\u2022 <strong>Mouvement automatique japonais<\/strong>: La montre PAGANI DESIGN utilise le mouvement automatique japonais NH34. Elle fait r\u00e9f\u00e9rence \u00e0 une montre m\u00e9canique qui obtient de l&#039;\u00e9nergie cin\u00e9tique gr\u00e2ce au mouvement naturel du poignet du porteur, fournissant une heure pr\u00e9cise.<\/p>\n<p>\u2022 <strong>R\u00e9sistance \u00e0 l&#039;eau<\/strong>: Montres \u00e9tanches jusqu&#039;\u00e0 10 bars. Prend en charge les sports quotidiens de contact avec l&#039;eau tels que se laver les mains, laver les voitures et nager, mais ne doit pas \u00eatre utilis\u00e9 sous l&#039;eau. \u00c9vitez les douches chaudes, car la vapeur d\u2019eau peut p\u00e9n\u00e9trer et endommager la montre plus facilement.<\/p>\n<p><img decoding=\"async\" src=\"https:\/\/ae01.alicdn.com\/kf\/Se72da6393d304b86b45f5f4907813d69b.jpg\" alt=\"\" title=\"\"><img decoding=\"async\" src=\"https:\/\/ae01.alicdn.com\/kf\/Sab0901c11d3a4a35b2ae3cc366f2becc1.jpg\" alt=\"\" title=\"\"><img decoding=\"async\" src=\"https:\/\/ae01.alicdn.com\/kf\/S4ecf9448519943e2b40ee9f8783a6d2aQ.jpg\" alt=\"\" title=\"\"><img decoding=\"async\" src=\"https:\/\/ae01.alicdn.com\/kf\/S640e79eaef2946dd951342b38733dc49E.jpg\" alt=\"\" title=\"\"><img decoding=\"async\" src=\"https:\/\/ae01.alicdn.com\/kf\/Secc533a595a04c91b91c1900c8d95de4c.jpg\" alt=\"\" title=\"\"><img decoding=\"async\" src=\"https:\/\/ae01.alicdn.com\/kf\/S98ca95755b7e4cda862895f4ed7c59e5T.jpg\" alt=\"\" title=\"\"><img decoding=\"async\" src=\"https:\/\/ae01.alicdn.com\/kf\/S8017203a28f441e7938280416e4f2237P.jpg\" alt=\"\" title=\"\"><img decoding=\"async\" src=\"https:\/\/ae01.alicdn.com\/kf\/S56ad05baa05141ee98cf23629b9993ddv.jpg\" alt=\"\" title=\"\"><img decoding=\"async\" src=\"https:\/\/ae01.alicdn.com\/kf\/Sac8f07ca6aca4f44bcbe1683c27eaba5L.jpg\" alt=\"\" title=\"\"><img decoding=\"async\" src=\"https:\/\/ae01.alicdn.com\/kf\/Sb11fe0d303d8496da6c3e20b41436072y.jpg\" alt=\"\" title=\"\"><img decoding=\"async\" src=\"https:\/\/ae01.alicdn.com\/kf\/Sd386d30207cf4213abda79831197daf5A.jpg\" alt=\"\" title=\"\"><img decoding=\"async\" src=\"https:\/\/ae01.alicdn.com\/kf\/S2df30587a5d04a3892ffcb7edc0bb9f3V.jpg\" alt=\"\" title=\"\"><img decoding=\"async\" src=\"https:\/\/ae01.alicdn.com\/kf\/Sdb93831ecfa547fa9bbf2ec13963d9345.jpg\" alt=\"\" title=\"\"><img decoding=\"async\" src=\"https:\/\/ae01.alicdn.com\/kf\/S6731440a1bf74894839a1a0695a6d8e28.jpg\" alt=\"\" title=\"\"><img decoding=\"async\" src=\"https:\/\/ae01.alicdn.com\/kf\/S90f1ac1b264b4441b07b536395bca701v.jpg\" alt=\"\" title=\"\"><\/p>\n<p><a href=\"https:\/\/relogios-online.com\/\" target=\"_blank\" rel=\"noopener\">D\u00e9couvrez tous les produits Montres Homme sur relogios-online.com<\/a><\/p>","protected":false},"excerpt":{"rendered":"<p>Montre automatique pour hommes PAGANI PD-1662 NH34 La PAGANI PD-1662 NH34 est le choix parfait pour ceux qui recherchent des montres automatiques.<\/p>","protected":false},"featured_media":3827,"comment_status":"open","ping_status":"closed","template":"","meta":[],"product_brand":[],"product_cat":[62,64,78,58,60,56],"product_tag":[95,85,87,90,81,101,92,93,79,83,89],"class_list":{"0":"post-3857","1":"product","2":"type-product","3":"status-publish","4":"has-post-thumbnail","6":"product_cat-automatico","7":"product_cat-cristal-de-safira","8":"product_cat-pagani-design","9":"product_cat-relogios-casuais","10":"product_cat-relogios-formais","11":"product_cat-relogios-homem","12":"product_tag-pagani-design","13":"product_tag-relogios-automaticos","14":"product_tag-relogios-casuais","15":"product_tag-relogios-com-cristal-de-safira","16":"product_tag-relogios-de-luxo","17":"product_tag-relogios-de-marca","18":"product_tag-relogios-de-pulso","19":"product_tag-relogios-elegantes","20":"product_tag-relogios-homem","21":"product_tag-relogios-online-portugal","22":"product_tag-relogios-resistentes-a-agua","24":"first","25":"instock","26":"shipping-taxable","27":"purchasable","28":"product-type-variable"},"jetpack_sharing_enabled":true,"_links":{"self":[{"href":"https:\/\/relogios-online.com\/fr\/wp-json\/wp\/v2\/product\/3857","targetHints":{"allow":["GET"]}}],"collection":[{"href":"https:\/\/relogios-online.com\/fr\/wp-json\/wp\/v2\/product"}],"about":[{"href":"https:\/\/relogios-online.com\/fr\/wp-json\/wp\/v2\/types\/product"}],"replies":[{"embeddable":true,"href":"https:\/\/relogios-online.com\/fr\/wp-json\/wp\/v2\/comments?post=3857"}],"version-history":[{"count":1,"href":"https:\/\/relogios-online.com\/fr\/wp-json\/wp\/v2\/product\/3857\/revisions"}],"predecessor-version":[{"id":9648,"href":"https:\/\/relogios-online.com\/fr\/wp-json\/wp\/v2\/product\/3857\/revisions\/9648"}],"wp:featuredmedia":[{"embeddable":true,"href":"https:\/\/relogios-online.com\/fr\/wp-json\/wp\/v2\/media\/3827"}],"wp:attachment":[{"href":"https:\/\/relogios-online.com\/fr\/wp-json\/wp\/v2\/media?parent=3857"}],"wp:term":[{"taxonomy":"product_brand","embeddable":true,"href":"https:\/\/relogios-online.com\/fr\/wp-json\/wp\/v2\/product_brand?post=3857"},{"taxonomy":"product_cat","embeddable":true,"href":"https:\/\/relogios-online.com\/fr\/wp-json\/wp\/v2\/product_cat?post=3857"},{"taxonomy":"product_tag","embeddable":true,"href":"https:\/\/relogios-online.com\/fr\/wp-json\/wp\/v2\/product_tag?post=3857"}],"curies":[{"name":"wp","href":"https:\/\/api.w.org\/{rel}","templated":true}]}}