{"id":5655,"date":"2024-09-24T21:43:37","date_gmt":"2024-09-24T21:43:37","guid":{"rendered":"https:\/\/relogios-online.com\/produto\/relogio-masculino-casio-padrao-analogico-com-pulseira-de-resina-mostrador-preto-quartzo-mtp-vd300-1b-mtpvd300-1b\/"},"modified":"2024-10-11T14:18:53","modified_gmt":"2024-10-11T14:18:53","slug":"relogio-masculino-casio-padrao-analogico-com-pulseira-de-resina-mostrador-preto-quartzo-mtp-vd300-1b-mtpvd300-1b","status":"publish","type":"product","link":"https:\/\/relogios-online.com\/fr\/produit\/montre-homme-analogique-standard-casio-avec-bracelet-en-resine-cadran-noir-quartz-mtp-vd300-1b-mtpvd300-1b\/","title":{"rendered":"Casio Montre analogique pour homme avec bracelet en r\u00e9sine, cadran noir, quartz MTP-VD300-1B MTPVD300-1B"},"content":{"rendered":"<p>LE <strong>Casio MTP-VD300-1B<\/strong> C&#039;est une montre pour homme \u00e9l\u00e9gante et fonctionnelle, id\u00e9ale pour ceux qui recherchent praticit\u00e9 et style dans un seul accessoire. Avec un <strong>bo\u00eetier en acier inoxydable<\/strong> et un bracelet en r\u00e9sine, cette montre est solide et confortable \u00e0 porter au quotidien. LE <strong>mouvement \u00e0 quartz<\/strong> garantit l&#039;exactitude du temps, tandis que le <strong>affichage analogique noir<\/strong> avec index et index num\u00e9riques offre une lecture claire et \u00e9l\u00e9gante de l&#039;heure.<\/p>\n<p>Les caract\u00e9ristiques de la montre <strong>fonction d&#039;affichage du jour et de la date<\/strong>, offrant praticit\u00e9 et fonctionnalit\u00e9 \u00e0 l&#039;utilisateur. De plus, il a <strong>r\u00e9sistance \u00e0 l&#039;eau<\/strong>, ce qui le rend adapt\u00e9 aux activit\u00e9s quotidiennes telles que se laver les mains ou braver une pluie l\u00e9g\u00e8re. Le verre min\u00e9ral prot\u00e8ge le cadran des rayures et des dommages, gardant la montre impeccable.<\/p>\n<p>Son design classique et d\u00e9contract\u00e9 fait de la Casio MTP-VD300-1B un excellent choix pour ceux qui recherchent une montre qui s&#039;adapte \u00e0 toutes les occasions, que ce soit au travail ou pendant les loisirs.<\/p>\n<h4>Appel \u00e0 l&#039;action<\/h4>\n<p>Achetez votre Casio MTP-VD300-1B maintenant et ayez entre vos mains une montre qui allie qualit\u00e9, style et fonctionnalit\u00e9. Ne manquez pas l&#039;occasion de rehausser votre look avec un accessoire fiable et traditionnel !<\/p>\n<hr \/>\n<h3>D\u00e9tail technique<\/h3>\n<ul>\n<li><strong>Marque:<\/strong> Casio<\/li>\n<li><strong>Mod\u00e8le:<\/strong> MTP-VD300-1B<\/li>\n<li><strong>S\u00e9rie:<\/strong> Standard<\/li>\n<li><strong>Sexe:<\/strong> Masculin<\/li>\n<li><strong>Mouvement:<\/strong> Quartz<\/li>\n<li><strong>Mat\u00e9riau du bo\u00eetier\u00a0:<\/strong> Acier inoxydable<\/li>\n<li><strong>Diam\u00e8tre du bo\u00eetier\u00a0:<\/strong> 45mm<\/li>\n<li><strong>\u00c9paisseur du bo\u00eetier\u00a0:<\/strong> 8,7 mm<\/li>\n<li><strong>Format de la bo\u00eete\u00a0:<\/strong> Rond<\/li>\n<li><strong>Mat\u00e9riau du cristal\u00a0:<\/strong> Cristal min\u00e9ral<\/li>\n<li><strong>Type d&#039;affichage\u00a0:<\/strong> Analogique<\/li>\n<li><strong>Couleur du cadran\u00a0:<\/strong> Noir<\/li>\n<li><strong>Balises\u00a0:<\/strong> Index avec chiffres \u00e0 12, 3, 6 et 9 heures<\/li>\n<li><strong>Mat\u00e9riau du bracelet\u00a0:<\/strong> R\u00e9sine<\/li>\n<li><strong>Type de fermeture\u00a0:<\/strong> Boucle<\/li>\n<li><strong>R\u00e9sistance \u00e0 l&#039;eau\u00a0:<\/strong> R\u00e9sistant aux \u00e9claboussures<\/li>\n<li><strong>Fonctions suppl\u00e9mentaires :<\/strong> Affichage 12\/24 heures, affichage du jour et de la date<\/li>\n<li><strong>Style:<\/strong> Occasionnel<\/li>\n<li><strong>Garantie:<\/strong> Garantie internationale 1 an<\/li>\n<\/ul>\n<p>Ce produit est 100% original et neuf, garanti par la marque Casio.<\/p>","protected":false},"excerpt":{"rendered":"<p>\ud83d\ude9a <strong>Options d&#039;exp\u00e9dition standard et express<\/strong>: Choisissez entre <strong>Exp\u00e9dition standard mondiale<\/strong> (15 \u00e0 21 jours ouvrables pour l&#039;Union europ\u00e9enne, 14 \u00e0 18 jours ouvrables pour les \u00c9tats-Unis et l&#039;Australie, 4 \u00e0 6 semaines pour le Br\u00e9sil et 3 \u00e0 6 semaines pour les autres pays) \u2013 le client peut \u00eatre responsable de la TVA et des frais de douane, si ils se produisent \u2013 ou <strong>Exp\u00e9dition express (DHL\/FedEx)<\/strong> dans <strong>5 jours ouvrables<\/strong> avec tous les frais d\u00e9j\u00e0 inclus dans le prix.<br \/>\nConsultez notre <strong>Politique <a href=\"https:\/\/relogios-online.com\/politica-de-envio\/\" target=\"_blank\" rel=\"noopener\">Politique d&#039;exp\u00e9dition<\/a>.<\/strong><\/p>\n<p>\ud83d\udd12 <strong>Assurance qualit\u00e9<\/strong>: Tous nos produits ont <strong>Garantie 12 mois<\/strong>, garantissant qualit\u00e9 et satisfaction.<\/p>\n<p>\ud83d\udcde <strong>Service client<\/strong>: Notre \u00e9quipe est toujours pr\u00eate \u00e0 vous accompagner \u00e0 chaque \u00e9tape de votre achat.<\/p>\n<p>\ud83d\udcb3 <strong>Paiement s\u00e9curis\u00e9<\/strong>: Nous proposons des options de paiement s\u00e9curis\u00e9es 100% pour garantir la protection de vos donn\u00e9es.<\/p>\n<p>\u2705 <strong>Produit original<\/strong>: Nous travaillons uniquement avec des montres originales de haute qualit\u00e9, directement issues des meilleures marques.<\/p>","protected":false},"featured_media":5645,"comment_status":"open","ping_status":"closed","template":"","meta":[],"product_brand":[],"product_cat":[20],"product_tag":[],"class_list":{"0":"post-5655","1":"product","2":"type-product","3":"status-publish","4":"has-post-thumbnail","6":"product_cat-sem-categoria","8":"first","9":"instock","10":"sale","11":"shipping-taxable","12":"purchasable","13":"product-type-variable"},"jetpack_sharing_enabled":true,"_links":{"self":[{"href":"https:\/\/relogios-online.com\/fr\/wp-json\/wp\/v2\/product\/5655","targetHints":{"allow":["GET"]}}],"collection":[{"href":"https:\/\/relogios-online.com\/fr\/wp-json\/wp\/v2\/product"}],"about":[{"href":"https:\/\/relogios-online.com\/fr\/wp-json\/wp\/v2\/types\/product"}],"replies":[{"embeddable":true,"href":"https:\/\/relogios-online.com\/fr\/wp-json\/wp\/v2\/comments?post=5655"}],"version-history":[{"count":0,"href":"https:\/\/relogios-online.com\/fr\/wp-json\/wp\/v2\/product\/5655\/revisions"}],"wp:featuredmedia":[{"embeddable":true,"href":"https:\/\/relogios-online.com\/fr\/wp-json\/wp\/v2\/media\/5645"}],"wp:attachment":[{"href":"https:\/\/relogios-online.com\/fr\/wp-json\/wp\/v2\/media?parent=5655"}],"wp:term":[{"taxonomy":"product_brand","embeddable":true,"href":"https:\/\/relogios-online.com\/fr\/wp-json\/wp\/v2\/product_brand?post=5655"},{"taxonomy":"product_cat","embeddable":true,"href":"https:\/\/relogios-online.com\/fr\/wp-json\/wp\/v2\/product_cat?post=5655"},{"taxonomy":"product_tag","embeddable":true,"href":"https:\/\/relogios-online.com\/fr\/wp-json\/wp\/v2\/product_tag?post=5655"}],"curies":[{"name":"wp","href":"https:\/\/api.w.org\/{rel}","templated":true}]}}