{"id":5705,"date":"2024-09-25T17:41:10","date_gmt":"2024-09-25T17:41:10","guid":{"rendered":"https:\/\/relogios-online.com\/produto\/alarme-indicador-de-velocidade-ga-100a-9adr-ga100a-9adr-casio-g-shock-homens-assista\/"},"modified":"2025-04-07T20:33:48","modified_gmt":"2025-04-07T20:33:48","slug":"alarme-indicador-de-velocidade-ga-100a-9adr-ga100a-9adr-casio-g-shock-homens-assista","status":"publish","type":"product","link":"https:\/\/relogios-online.com\/fr\/produit\/indicateur-de-vitesse-dalarme-ga-100a-9adr-ga100a-9adr-casio-g-choc-hommes-montre-2\/","title":{"rendered":"Indicateur de vitesse d&#039;alarme GA-100A-9ADR GA100A-9ADR Montre Casio G-Shock pour hommes"},"content":{"rendered":"<div class=\"flex max-w-full flex-col flex-grow\">\n<div class=\"min-h-8 text-message flex w-full flex-col items-end gap-2 whitespace-normal break-words [.text-message+&amp;]:mt-5\" dir=\"auto\" data-message-author-role=\"assistant\" data-message-id=\"23ab9f91-3405-4767-9ba9-b82a9a34ca4f\">\n<div class=\"flex w-full flex-col gap-1 empty:hidden first:pt-[3px]\">\n<div class=\"markdown prose w-full break-words dark:prose-invert light\">\n<p>D\u00e9couvrez la combinaison parfaite de robustesse et de fonctionnalit\u00e9 avec la Casio G-Shock GA-100A-9ADR, une montre con\u00e7ue pour relever tous les d\u00e9fis de votre vie quotidienne. Ce mod\u00e8le robuste, avec une r\u00e9sistance aux chocs et \u00e0 l&#039;eau jusqu&#039;\u00e0 200 m\u00e8tres, est le choix id\u00e9al pour ceux qui recherchent une montre durable et performante.<\/p>\n<p>Avec sa conception analogique-num\u00e9rique, le GA-100A-9ADR offre pr\u00e9cision et style. Il dispose d&#039;une lumi\u00e8re LED, d&#039;une r\u00e9sistance magn\u00e9tique et d&#039;une fonction chronom\u00e8tre 1\/100 seconde, ce qui en fait l&#039;accessoire parfait pour les athl\u00e8tes et les aventuriers. De plus, la fonction d&#039;heure mondiale vous permet d&#039;ajuster l&#039;heure dans 29 fuseaux horaires, ce qui facilite la vie de ceux qui voyagent fr\u00e9quemment.<\/p>\n<p>Les 5 alarmes quotidiennes ind\u00e9pendantes, la fonction calendrier automatique jusqu&#039;\u00e0 l&#039;ann\u00e9e 2099 et l&#039;affichage au format 12\/24 heures font de cette montre un compagnon pratique pour votre quotidien. Le bo\u00eetier et le bracelet en r\u00e9sine de haute qualit\u00e9 assurent la durabilit\u00e9, tandis que la fermeture \u00e0 boucle offre un ajustement s\u00fbr et confortable au poignet.<\/p>\n<p>Ne manquez pas l&#039;occasion d&#039;acheter une montre qui allie technologie, r\u00e9sistance et style en un seul produit. S\u00e9curisez votre Casio G-Shock GA-100A-9ADR maintenant et soyez pr\u00eat pour toute aventure.<\/p>\n<h3>Sp\u00e9cifications techniques<\/h3>\n<ul>\n<li><strong>Marque<\/strong>:Casio<\/li>\n<li><strong>S\u00e9rie<\/strong>: G-Shock<\/li>\n<li><strong>Mod\u00e8le<\/strong>: GA-100A-9ADR<\/li>\n<li><strong>Mouvement<\/strong>:Quartz<\/li>\n<li><strong>Mat\u00e9riau de la bo\u00eete<\/strong>: R\u00e9sine<\/li>\n<li><strong>Taille de la bo\u00eete<\/strong>: 55.00mm<\/li>\n<li><strong>\u00c9paisseur du bo\u00eetier<\/strong>: 16,90 mm<\/li>\n<li><strong>Format de la bo\u00eete<\/strong>: Rond<\/li>\n<li><strong>R\u00e9sistance \u00e0 l&#039;eau<\/strong>: 200M<\/li>\n<li><strong>Type d&#039;affichage<\/strong>: Analogique Num\u00e9rique<\/li>\n<li><strong>Couleur du cadran<\/strong>: Noir<\/li>\n<li><strong>Mat\u00e9riau cristal<\/strong>: Cristal Min\u00e9ral<\/li>\n<li><strong>Marqueurs de cadran<\/strong>: Indice<\/li>\n<li><strong>Caract\u00e9ristiques<\/strong>: R\u00e9sistant aux chocs, r\u00e9sistant aux magn\u00e9tiques, heure mondiale, chronom\u00e8tre, alarme, lumi\u00e8re LED, calendrier enti\u00e8rement automatique<\/li>\n<li><strong>Type de bracelet<\/strong>: R\u00e9sine<\/li>\n<li><strong>Cl\u00f4ture<\/strong>: Boucle<\/li>\n<li><strong>Style<\/strong>: Sport<\/li>\n<li><strong>Garantie<\/strong>: 1 an de garantie internationale<\/li>\n<\/ul>\n<\/div>\n<\/div>\n<\/div>\n<\/div>\n<div class=\"mb-2 flex gap-3 empty:hidden -ml-2\">\n<div class=\"items-center justify-start rounded-xl p-1 flex\"><\/div>\n<\/div>","protected":false},"excerpt":{"rendered":"<p>\ud83d\ude9a\u00a0<strong>Options d&#039;exp\u00e9dition standard et express<\/strong>: Choisissez entre\u00a0<strong>Exp\u00e9dition standard mondiale<\/strong>\u00a0(15 \u00e0 21 jours ouvrables pour l&#039;Union europ\u00e9enne, 14 \u00e0 18 jours ouvrables pour les \u00c9tats-Unis et l&#039;Australie, 4 \u00e0 6 semaines pour le Br\u00e9sil et 3 \u00e0 6 semaines pour les autres pays) \u2013 le client peut \u00eatre responsable de la TVA et des frais de douane, si ils se produisent \u2013 ou\u00a0<strong>Exp\u00e9dition express (DHL\/FedEx)<\/strong>\u00a0dans\u00a0<strong>5 jours ouvrables<\/strong>\u00a0avec tous les frais d\u00e9j\u00e0 inclus dans le prix.<br \/>\nConsultez notre\u00a0<strong>Politique\u00a0<a href=\"https:\/\/relogios-online.com\/politica-de-envio\/\" target=\"_blank\" rel=\"noopener\">Politique d&#039;exp\u00e9dition<\/a>.<\/strong><\/p>\n<p>\ud83d\udd12\u00a0<strong>Assurance qualit\u00e9<\/strong>: Tous nos produits ont\u00a0<strong>Garantie 12 mois<\/strong>, garantissant qualit\u00e9 et satisfaction.<\/p>\n<p>\ud83d\udcde\u00a0<strong>Service client<\/strong>: Notre \u00e9quipe est toujours pr\u00eate \u00e0 vous accompagner \u00e0 chaque \u00e9tape de votre achat.<\/p>\n<p>\ud83d\udcb3\u00a0<strong>Paiement s\u00e9curis\u00e9<\/strong>: Nous proposons des options de paiement s\u00e9curis\u00e9es 100% pour garantir la protection de vos donn\u00e9es.<\/p>\n<p>\u2705\u00a0<strong>Produit original<\/strong>: Nous travaillons uniquement avec des montres originales de haute qualit\u00e9, directement issues des meilleures marques.<\/p>","protected":false},"featured_media":5617,"comment_status":"open","ping_status":"closed","template":"","meta":[],"product_brand":[],"product_cat":[20],"product_tag":[],"class_list":{"0":"post-5705","1":"product","2":"type-product","3":"status-publish","4":"has-post-thumbnail","6":"product_cat-sem-categoria","8":"first","9":"instock","10":"sale","11":"shipping-taxable","12":"purchasable","13":"product-type-variable"},"jetpack_sharing_enabled":true,"_links":{"self":[{"href":"https:\/\/relogios-online.com\/fr\/wp-json\/wp\/v2\/product\/5705","targetHints":{"allow":["GET"]}}],"collection":[{"href":"https:\/\/relogios-online.com\/fr\/wp-json\/wp\/v2\/product"}],"about":[{"href":"https:\/\/relogios-online.com\/fr\/wp-json\/wp\/v2\/types\/product"}],"replies":[{"embeddable":true,"href":"https:\/\/relogios-online.com\/fr\/wp-json\/wp\/v2\/comments?post=5705"}],"version-history":[{"count":0,"href":"https:\/\/relogios-online.com\/fr\/wp-json\/wp\/v2\/product\/5705\/revisions"}],"wp:featuredmedia":[{"embeddable":true,"href":"https:\/\/relogios-online.com\/fr\/wp-json\/wp\/v2\/media\/5617"}],"wp:attachment":[{"href":"https:\/\/relogios-online.com\/fr\/wp-json\/wp\/v2\/media?parent=5705"}],"wp:term":[{"taxonomy":"product_brand","embeddable":true,"href":"https:\/\/relogios-online.com\/fr\/wp-json\/wp\/v2\/product_brand?post=5705"},{"taxonomy":"product_cat","embeddable":true,"href":"https:\/\/relogios-online.com\/fr\/wp-json\/wp\/v2\/product_cat?post=5705"},{"taxonomy":"product_tag","embeddable":true,"href":"https:\/\/relogios-online.com\/fr\/wp-json\/wp\/v2\/product_tag?post=5705"}],"curies":[{"name":"wp","href":"https:\/\/api.w.org\/{rel}","templated":true}]}}