{"id":5715,"date":"2024-09-25T18:38:33","date_gmt":"2024-09-25T18:38:33","guid":{"rendered":"https:\/\/relogios-online.com\/produto\/relogio-masculino-casio-padrao-analogico-de-aco-inoxidavel-com-mostrador-preto-quartzo-mdv-107d-1a1-200m\/"},"modified":"2024-09-25T18:47:54","modified_gmt":"2024-09-25T18:47:54","slug":"relogio-masculino-casio-padrao-analogico-de-aco-inoxidavel-com-mostrador-preto-quartzo-mdv-107d-1a1-200m","status":"publish","type":"product","link":"https:\/\/relogios-online.com\/fr\/produit\/montre-pour-hommes-casio-analogique-standard-en-acier-inoxydable-avec-cadran-noir-a-quartz-mdv-107d-1a1-200m-2\/","title":{"rendered":"Casio Montre \u00e0 quartz pour homme \u00e0 motif analogique en acier inoxydable avec cadran noir MDV-107D-1A1 200M"},"content":{"rendered":"<p>Nous pr\u00e9sentons le <strong>Montre Casio MDV-107D-1A1 pour homme<\/strong>, un v\u00e9ritable exemple d&#039;\u00e9l\u00e9gance et de fonctionnalit\u00e9 qui convient parfaitement \u00e0 ceux qui recherchent un accessoire r\u00e9sistant, sophistiqu\u00e9 et de haute qualit\u00e9. Fabriqu\u00e9 avec <strong>bo\u00eetier et bracelet en acier inoxydable<\/strong>, cette montre est non seulement visuellement impressionnante, mais offre \u00e9galement durabilit\u00e9 et robustesse pour un usage quotidien et des activit\u00e9s sportives.<\/p>\n<p>Son cadran noir avec <strong>aiguilles et marqueurs lumineux<\/strong> garantit la visibilit\u00e9 m\u00eame dans des conditions de faible luminosit\u00e9, facilitant la lecture de l&#039;heure dans n&#039;importe quel environnement. L&#039;affichage analogique offre une sensation classique, tandis que le <strong>lunette tournante unidirectionnelle<\/strong> ajoute des fonctionnalit\u00e9s utiles pour les amateurs de plong\u00e9e ou d&#039;aventures aquatiques.<\/p>\n<p>Avec une r\u00e9sistance \u00e0 l&#039;eau allant jusqu&#039;\u00e0 <strong>200 m\u00e8tres<\/strong>, cette montre est parfaite pour ceux qui aiment les sports nautiques ou pour ceux qui veulent un accessoire capable de r\u00e9sister \u00e0 toutes les situations. La boucle d\u00e9ployante assure un ajustement confortable et s\u00fbr au poignet.<\/p>\n<p>Par ailleurs, le <strong>mouvement \u00e0 quartz<\/strong> La haute pr\u00e9cision garantit que vous \u00eates toujours \u00e0 l&#039;heure et l&#039;affichage de la date ajoute du c\u00f4t\u00e9 pratique \u00e0 votre vie quotidienne. Prot\u00e9g\u00e9 par un <strong>cristal min\u00e9ral r\u00e9sistant aux rayures<\/strong>, le Casio MDV-107D-1A1 est con\u00e7u pour r\u00e9sister aux d\u00e9fis quotidiens avec style et efficacit\u00e9.<\/p>\n<p>Cette montre est le choix id\u00e9al pour ceux qui recherchent qualit\u00e9, style et fonctionnalit\u00e9 dans un seul accessoire. Investissez dans une montre qui rehaussera votre style et vous accompagnera en toute occasion.<\/p>\n<p><strong>D\u00e9tails techniques\u00a0:<\/strong><\/p>\n<ul>\n<li><strong>Marque:<\/strong> Casio<\/li>\n<li><strong>S\u00e9rie:<\/strong> Standard<\/li>\n<li><strong>Mod\u00e8le:<\/strong> MDV-107D-1A1<\/li>\n<li><strong>Genre:<\/strong> Masculin<\/li>\n<li><strong>Mouvement:<\/strong> Quartz<\/li>\n<li><strong>Diam\u00e8tre du bo\u00eetier\u00a0:<\/strong> 44,20 mm<\/li>\n<li><strong>\u00c9paisseur du bo\u00eetier\u00a0:<\/strong> 12,10 mm<\/li>\n<li><strong>Mat\u00e9riau du bo\u00eetier\u00a0:<\/strong> Acier inoxydable<\/li>\n<li><strong>Type d&#039;affichage\u00a0:<\/strong> Analogique<\/li>\n<li><strong>Couleur du cadran\u00a0:<\/strong> Noir<\/li>\n<li><strong>Mat\u00e9riau du cristal\u00a0:<\/strong> cristal min\u00e9ral<\/li>\n<li><strong>R\u00e9sistance \u00e0 l&#039;eau\u00a0:<\/strong> 200M<\/li>\n<li><strong>Fonctions :<\/strong> Date, Heure, Minute, Seconde<\/li>\n<li><strong>Cl\u00f4ture:<\/strong> Cl\u00f4ture du d\u00e9ploiement<\/li>\n<li><strong>Mat\u00e9riau du bracelet\u00a0:<\/strong> Acier inoxydable<\/li>\n<li><strong>Style:<\/strong> Sportif<\/li>\n<li><strong>Garantie:<\/strong> Garantie internationale 1 an<\/li>\n<\/ul>\n<p>C&#039;est le bon moment pour ajouter une touche de sophistication \u00e0 votre style avec le Casio MDV-107D-1A1. Profitez-en et garantissez le v\u00f4tre d\u00e8s maintenant !<\/p>","protected":false},"excerpt":{"rendered":"<p>\ud83d\ude9a\u00a0<strong>Options d&#039;exp\u00e9dition standard et express<\/strong>: Choisissez entre\u00a0<strong>Exp\u00e9dition standard mondiale<\/strong>\u00a0(15 \u00e0 21 jours ouvrables pour l&#039;Union europ\u00e9enne, 14 \u00e0 18 jours ouvrables pour les \u00c9tats-Unis et l&#039;Australie, 4 \u00e0 6 semaines pour le Br\u00e9sil et 3 \u00e0 6 semaines pour les autres pays) \u2013 le client peut \u00eatre responsable de la TVA et des frais de douane, si ils se produisent \u2013 ou\u00a0<strong>Exp\u00e9dition express (DHL\/FedEx)<\/strong>\u00a0dans\u00a0<strong>5 jours ouvrables<\/strong>\u00a0avec tous les frais d\u00e9j\u00e0 inclus dans le prix.<br \/>\nConsultez notre\u00a0<strong>Politique\u00a0<a href=\"https:\/\/relogios-online.com\/politica-de-envio\/\" target=\"_blank\" rel=\"noopener\">Politique d&#039;exp\u00e9dition<\/a>.<\/strong><\/p>\n<p>\ud83d\udd12\u00a0<strong>Assurance qualit\u00e9<\/strong>: Tous nos produits ont\u00a0<strong>Garantie 12 mois<\/strong>, garantissant qualit\u00e9 et satisfaction.<\/p>\n<p>\ud83d\udcde\u00a0<strong>Service client<\/strong>: Notre \u00e9quipe est toujours pr\u00eate \u00e0 vous accompagner \u00e0 chaque \u00e9tape de votre achat.<\/p>\n<p>\ud83d\udcb3\u00a0<strong>Paiement s\u00e9curis\u00e9<\/strong>: Nous proposons des options de paiement s\u00e9curis\u00e9es 100% pour garantir la protection de vos donn\u00e9es.<\/p>\n<p>\u2705\u00a0<strong>Produit original<\/strong>: Nous travaillons uniquement avec des montres originales de haute qualit\u00e9, directement issues des meilleures marques.<\/p>","protected":false},"featured_media":5588,"comment_status":"open","ping_status":"closed","template":"","meta":[],"product_brand":[],"product_cat":[20],"product_tag":[],"class_list":{"0":"post-5715","1":"product","2":"type-product","3":"status-publish","4":"has-post-thumbnail","6":"product_cat-sem-categoria","8":"first","9":"instock","10":"sale","11":"shipping-taxable","12":"purchasable","13":"product-type-variable"},"jetpack_sharing_enabled":true,"_links":{"self":[{"href":"https:\/\/relogios-online.com\/fr\/wp-json\/wp\/v2\/product\/5715","targetHints":{"allow":["GET"]}}],"collection":[{"href":"https:\/\/relogios-online.com\/fr\/wp-json\/wp\/v2\/product"}],"about":[{"href":"https:\/\/relogios-online.com\/fr\/wp-json\/wp\/v2\/types\/product"}],"replies":[{"embeddable":true,"href":"https:\/\/relogios-online.com\/fr\/wp-json\/wp\/v2\/comments?post=5715"}],"version-history":[{"count":0,"href":"https:\/\/relogios-online.com\/fr\/wp-json\/wp\/v2\/product\/5715\/revisions"}],"wp:featuredmedia":[{"embeddable":true,"href":"https:\/\/relogios-online.com\/fr\/wp-json\/wp\/v2\/media\/5588"}],"wp:attachment":[{"href":"https:\/\/relogios-online.com\/fr\/wp-json\/wp\/v2\/media?parent=5715"}],"wp:term":[{"taxonomy":"product_brand","embeddable":true,"href":"https:\/\/relogios-online.com\/fr\/wp-json\/wp\/v2\/product_brand?post=5715"},{"taxonomy":"product_cat","embeddable":true,"href":"https:\/\/relogios-online.com\/fr\/wp-json\/wp\/v2\/product_cat?post=5715"},{"taxonomy":"product_tag","embeddable":true,"href":"https:\/\/relogios-online.com\/fr\/wp-json\/wp\/v2\/product_tag?post=5715"}],"curies":[{"name":"wp","href":"https:\/\/api.w.org\/{rel}","templated":true}]}}