{"id":5735,"date":"2024-09-25T19:12:22","date_gmt":"2024-09-25T19:12:22","guid":{"rendered":"https:\/\/relogios-online.com\/produto\/casio-g-shock-digital-pulseira-de-resina-preta-mostrador-preto-quartzo-gmd-s5600ba-1-200m-relogio-feminino\/"},"modified":"2024-09-25T19:35:16","modified_gmt":"2024-09-25T19:35:16","slug":"casio-g-shock-digital-pulseira-de-resina-preta-mostrador-preto-quartzo-gmd-s5600ba-1-200m-relogio-feminino","status":"publish","type":"product","link":"https:\/\/relogios-online.com\/fr\/produit\/casio-g-shock-digital-bracelet-en-resine-noire-cadran-noir-quartz-gmd-s5600ba-1-200m-relogio-feminino-2\/","title":{"rendered":"Montre pour femme Casio G-Shock Digital bracelet en r\u00e9sine noire cadran noir Quartz GMD-S5600BA-1 200M"},"content":{"rendered":"<p><strong>Casio GMD-S5600BA-1 : la montre G-Shock parfaite pour la femme moderne<\/strong><\/p>\n<p>Cette montre Casio GMD-S5600BA-1 est un v\u00e9ritable exemple de l&#039;excellence de la s\u00e9rie G-Shock, con\u00e7ue sp\u00e9cialement pour les femmes \u00e0 la recherche d&#039;un accessoire durable, \u00e9l\u00e9gant et multifonctionnel. Avec sa structure robuste et son design moderne, il se distingue non seulement par sa beaut\u00e9, mais aussi par sa grande durabilit\u00e9 et sa fonctionnalit\u00e9.<\/p>\n<p><strong>Conception et mat\u00e9riaux de haute qualit\u00e9\u00a0:<\/strong> Dot\u00e9e d&#039;un bo\u00eetier et d&#039;un bracelet en r\u00e9sine r\u00e9sistante, cette montre offre durabilit\u00e9 et confort pour un usage quotidien. Le cadran num\u00e9rique noir lui conf\u00e8re un look moderne et sophistiqu\u00e9, id\u00e9al pour ceux qui recherchent un accessoire qui s&#039;adapte \u00e0 toutes les occasions. De plus, le verre min\u00e9ral offre une r\u00e9sistance aux rayures et aux chocs, garantissant que votre montre reste toujours comme neuve.<\/p>\n<p><strong>Caract\u00e9ristiques imbattables\u00a0:<\/strong> Le Casio GMD-S5600BA-1 offre une s\u00e9rie de fonctions incroyables pour vous faciliter la vie au quotidien. Avec r\u00e9sistance aux chocs, alarme multifonctionnelle, signal horaire et r\u00e9tro\u00e9clairage LED, ce mod\u00e8le est parfait pour ceux qui recherchent praticit\u00e9 et fonctionnalit\u00e9 dans un seul accessoire. De plus, le calendrier enti\u00e8rement automatique, le chronom\u00e8tre 1\/100 de seconde et l&#039;affichage 12\/24 heures rendent cette montre extr\u00eamement polyvalente.<\/p>\n<p><strong>R\u00e9sistance et fiabilit\u00e9 :<\/strong> Cette montre G-Shock pour femme offre une \u00e9tanch\u00e9it\u00e9 jusqu&#039;\u00e0 200 m\u00e8tres, ce qui la rend id\u00e9ale pour les activit\u00e9s nautiques comme la natation et la plong\u00e9e. Son bo\u00eetier \u00e0 fond viss\u00e9 offre une protection suppl\u00e9mentaire, garantissant l&#039;int\u00e9grit\u00e9 du m\u00e9canisme interne m\u00eame dans les situations les plus extr\u00eames.<\/p>\n<p><strong>Appel \u00e0 l&#039;action<\/strong>: Ajoutez le Casio GMD-S5600BA-1 \u00e0 votre collection et d\u00e9couvrez l&#039;\u00e9quilibre parfait entre \u00e9l\u00e9gance et solidit\u00e9. Procurez-vous la v\u00f4tre d\u00e8s maintenant et ayez une montre aussi dynamique que vous !<\/p>\n<h3>Sp\u00e9cifications techniques<\/h3>\n<ul>\n<li><strong>Marque:<\/strong> Casio<\/li>\n<li><strong>S\u00e9rie:<\/strong> G-Shock<\/li>\n<li><strong>Mod\u00e8le:<\/strong> GMD-S5600BA-1<\/li>\n<li><strong>Genre:<\/strong> F\u00e9minin<\/li>\n<li><strong>Mouvement:<\/strong> Quartz<\/li>\n<li><strong>Mat\u00e9riau du bo\u00eetier\u00a0:<\/strong> R\u00e9sine<\/li>\n<li><strong>Diam\u00e8tre du bo\u00eetier\u00a0:<\/strong> 40,5 mm<\/li>\n<li><strong>\u00c9paisseur du bo\u00eetier\u00a0:<\/strong> 11,9 mm<\/li>\n<li><strong>Format de la bo\u00eete\u00a0:<\/strong> Carr\u00e9<\/li>\n<li><strong>Mat\u00e9riau du verre\u00a0:<\/strong> Cristal min\u00e9ral<\/li>\n<li><strong>Type d&#039;affichage\u00a0:<\/strong> Num\u00e9rique<\/li>\n<li><strong>Couleur du cadran\u00a0:<\/strong> Noir<\/li>\n<li><strong>Mains et marqueurs\u00a0:<\/strong> Lumineux<\/li>\n<li><strong>Mat\u00e9riau du bracelet\u00a0:<\/strong> R\u00e9sine<\/li>\n<li><strong>Type de fermeture\u00a0:<\/strong> Boucle<\/li>\n<li><strong>R\u00e9sistance \u00e0 l&#039;eau\u00a0:<\/strong> 200M (Id\u00e9al pour nager et plonger)<\/li>\n<li><strong>Fonctions suppl\u00e9mentaires :<\/strong> Alarme multifonction r\u00e9sistante aux chocs, chronom\u00e8tre 1\/100 seconde, calendrier enti\u00e8rement automatique, r\u00e9tro\u00e9clairage LED et affichage du mois, du jour et de la date.<\/li>\n<li><strong>Garantie:<\/strong> Garantie internationale 1 an<\/li>\n<\/ul>\n<p>Cette montre correspond parfaitement \u00e0 un style de vie actif et moderne, offrant la qualit\u00e9 et la tradition que seul Casio G-Shock peut offrir.<\/p>","protected":false},"excerpt":{"rendered":"<p>\ud83d\ude9a\u00a0<strong>Options d&#039;exp\u00e9dition standard et express<\/strong>: Choisissez entre\u00a0<strong>Exp\u00e9dition standard mondiale<\/strong>\u00a0(15 \u00e0 21 jours ouvrables pour l&#039;Union europ\u00e9enne, 14 \u00e0 18 jours ouvrables pour les \u00c9tats-Unis et l&#039;Australie, 4 \u00e0 6 semaines pour le Br\u00e9sil et 3 \u00e0 6 semaines pour les autres pays) \u2013 le client peut \u00eatre responsable de la TVA et des frais de douane, si ils se produisent \u2013 ou\u00a0<strong>Exp\u00e9dition express (DHL\/FedEx)<\/strong>\u00a0dans\u00a0<strong>5 jours ouvrables<\/strong>\u00a0avec tous les frais d\u00e9j\u00e0 inclus dans le prix.<br \/>\nConsultez notre\u00a0<strong>Politique\u00a0<a href=\"https:\/\/relogios-online.com\/politica-de-envio\/\" target=\"_blank\" rel=\"noopener\">Politique d&#039;exp\u00e9dition<\/a>.<\/strong><\/p>\n<p>\ud83d\udd12\u00a0<strong>Assurance qualit\u00e9<\/strong>: Tous nos produits ont\u00a0<strong>Garantie 12 mois<\/strong>, garantissant qualit\u00e9 et satisfaction.<\/p>\n<p>\ud83d\udcde\u00a0<strong>Service client<\/strong>: Notre \u00e9quipe est toujours pr\u00eate \u00e0 vous accompagner \u00e0 chaque \u00e9tape de votre achat.<\/p>\n<p>\ud83d\udcb3\u00a0<strong>Paiement s\u00e9curis\u00e9<\/strong>: Nous proposons des options de paiement s\u00e9curis\u00e9es 100% pour garantir la protection de vos donn\u00e9es.<\/p>\n<p>\u2705\u00a0<strong>Produit original<\/strong>: Nous travaillons uniquement avec des montres originales de haute qualit\u00e9, directement issues des meilleures marques.<\/p>","protected":false},"featured_media":5562,"comment_status":"open","ping_status":"closed","template":"","meta":[],"product_brand":[],"product_cat":[175,57],"product_tag":[],"class_list":{"0":"post-5735","1":"product","2":"type-product","3":"status-publish","4":"has-post-thumbnail","6":"product_cat-casio","7":"product_cat-relogios-femininos","9":"first","10":"instock","11":"sale","12":"shipping-taxable","13":"purchasable","14":"product-type-variable"},"jetpack_sharing_enabled":true,"_links":{"self":[{"href":"https:\/\/relogios-online.com\/fr\/wp-json\/wp\/v2\/product\/5735","targetHints":{"allow":["GET"]}}],"collection":[{"href":"https:\/\/relogios-online.com\/fr\/wp-json\/wp\/v2\/product"}],"about":[{"href":"https:\/\/relogios-online.com\/fr\/wp-json\/wp\/v2\/types\/product"}],"replies":[{"embeddable":true,"href":"https:\/\/relogios-online.com\/fr\/wp-json\/wp\/v2\/comments?post=5735"}],"version-history":[{"count":0,"href":"https:\/\/relogios-online.com\/fr\/wp-json\/wp\/v2\/product\/5735\/revisions"}],"wp:featuredmedia":[{"embeddable":true,"href":"https:\/\/relogios-online.com\/fr\/wp-json\/wp\/v2\/media\/5562"}],"wp:attachment":[{"href":"https:\/\/relogios-online.com\/fr\/wp-json\/wp\/v2\/media?parent=5735"}],"wp:term":[{"taxonomy":"product_brand","embeddable":true,"href":"https:\/\/relogios-online.com\/fr\/wp-json\/wp\/v2\/product_brand?post=5735"},{"taxonomy":"product_cat","embeddable":true,"href":"https:\/\/relogios-online.com\/fr\/wp-json\/wp\/v2\/product_cat?post=5735"},{"taxonomy":"product_tag","embeddable":true,"href":"https:\/\/relogios-online.com\/fr\/wp-json\/wp\/v2\/product_tag?post=5735"}],"curies":[{"name":"wp","href":"https:\/\/api.w.org\/{rel}","templated":true}]}}