{"id":5743,"date":"2024-09-25T19:42:41","date_gmt":"2024-09-25T19:42:41","guid":{"rendered":"https:\/\/relogios-online.com\/produto\/relogio-casio-alarme-digital-la-670wa-2d-la670wa-2d-mulher\/"},"modified":"2025-04-07T20:33:54","modified_gmt":"2025-04-07T20:33:54","slug":"relogio-casio-alarme-digital-la-670wa-2d-la670wa-2d-mulher","status":"publish","type":"product","link":"https:\/\/relogios-online.com\/fr\/produit\/casio-montre-alarme-numerique-la-670wa-2d-la670wa-2d-femme-2\/","title":{"rendered":"Montre pour femme Casio avec alarme num\u00e9rique LA-670WA-2D LA670WA-2D"},"content":{"rendered":"<p>La Casio LA-670WA-2D est une montre classique pour femme qui allie l&#039;\u00e9l\u00e9gance d&#039;un bracelet en acier inoxydable \u00e0 la fonctionnalit\u00e9 d&#039;un affichage num\u00e9rique. Ce mod\u00e8le au design intemporel est parfait pour ceux qui recherchent un accessoire pratique et sophistiqu\u00e9 pour un usage quotidien. L&#039;\u00e9tanch\u00e9it\u00e9 30M vous permet de l&#039;utiliser dans diff\u00e9rentes situations du quotidien sans soucis. Avec son alarme quotidienne, son chronom\u00e8tre 1\/10 de seconde et son calendrier automatique, la Casio LA-670WA-2D est un choix id\u00e9al pour les femmes qui souhaitent une montre fonctionnelle et \u00e9l\u00e9gante. De plus, sa taille compacte offre confort et l\u00e9g\u00e8ret\u00e9 au poignet, ce qui en fait un compl\u00e9ment parfait pour toute occasion.<\/p>\n<p>Achetez le Casio LA-670WA-2D et profitez de toute la tradition et de la qualit\u00e9 que Casio offre dans ses produits. Que ce soit pour offrir ou pour un usage quotidien, cette montre est un choix qui allie style et praticit\u00e9 en un seul produit.<\/p>\n<h3>Caract\u00e9ristiques techniques :<\/h3>\n<ul>\n<li><strong>Marque<\/strong>:Casio<\/li>\n<li><strong>S\u00e9rie<\/strong>: Classique<\/li>\n<li><strong>Mod\u00e8le<\/strong>: LA-670WA-2D<\/li>\n<li><strong>Genre<\/strong>: F\u00e9minin<\/li>\n<li><strong>Mouvement<\/strong>:Quartz<\/li>\n<li><strong>Mat\u00e9riau de la bo\u00eete<\/strong>: R\u00e9sine<\/li>\n<li><strong>Format de la bo\u00eete<\/strong>: Carr\u00e9<\/li>\n<li><strong>Taille de la bo\u00eete<\/strong>: 24,6mm<\/li>\n<li><strong>\u00c9paisseur du bo\u00eetier<\/strong>: 7,3 mm<\/li>\n<li><strong>Mat\u00e9riau du bracelet<\/strong>: Acier inoxydable<\/li>\n<li><strong>Type de fermeture<\/strong>: Cl\u00f4ture du d\u00e9ploiement<\/li>\n<li><strong>Type d&#039;affichage<\/strong>:Num\u00e9rique<\/li>\n<li><strong>R\u00e9sistance \u00e0 l&#039;eau<\/strong>: 30M<\/li>\n<li><strong>Fonctions<\/strong>: Alarme quotidienne, chronom\u00e8tre 1\/10 seconde, compte \u00e0 rebours, calendrier automatique<\/li>\n<li><strong>Garantie<\/strong>: 1 an de garantie internationale<\/li>\n<\/ul>\n<p>Soyez \u00e9l\u00e9gant et ponctuel \u00e0 tout moment avec le Casio LA-670WA-2D !<\/p>","protected":false},"excerpt":{"rendered":"<p>\ud83d\ude9a\u00a0<strong>Options d&#039;exp\u00e9dition standard et express<\/strong>: Choisissez entre\u00a0<strong>Exp\u00e9dition standard mondiale<\/strong>\u00a0(15 \u00e0 21 jours ouvrables pour l&#039;Union europ\u00e9enne, 14 \u00e0 18 jours ouvrables pour les \u00c9tats-Unis et l&#039;Australie, 4 \u00e0 6 semaines pour le Br\u00e9sil et 3 \u00e0 6 semaines pour les autres pays) \u2013 le client peut \u00eatre responsable de la TVA et des frais de douane, si ils se produisent \u2013 ou\u00a0<strong>Exp\u00e9dition express (DHL\/FedEx)<\/strong>\u00a0dans\u00a0<strong>5 jours ouvrables<\/strong>\u00a0avec tous les frais d\u00e9j\u00e0 inclus dans le prix.<br \/>\nConsultez notre\u00a0<strong>Politique\u00a0<a href=\"https:\/\/relogios-online.com\/politica-de-envio\/\" target=\"_blank\" rel=\"noopener\">Politique d&#039;exp\u00e9dition<\/a>.<\/strong><\/p>\n<p>\ud83d\udd12\u00a0<strong>Assurance qualit\u00e9<\/strong>: Tous nos produits ont\u00a0<strong>Garantie 12 mois<\/strong>, garantissant qualit\u00e9 et satisfaction.<\/p>\n<p>\ud83d\udcde\u00a0<strong>Service client<\/strong>: Notre \u00e9quipe est toujours pr\u00eate \u00e0 vous accompagner \u00e0 chaque \u00e9tape de votre achat.<\/p>\n<p>\ud83d\udcb3\u00a0<strong>Paiement s\u00e9curis\u00e9<\/strong>: Nous proposons des options de paiement s\u00e9curis\u00e9es 100% pour garantir la protection de vos donn\u00e9es.<\/p>\n<p>\u2705\u00a0<strong>Produit original<\/strong>: Nous travaillons uniquement avec des montres originales de haute qualit\u00e9, directement issues des meilleures marques.<\/p>","protected":false},"featured_media":5554,"comment_status":"open","ping_status":"closed","template":"","meta":[],"product_brand":[],"product_cat":[57,175,108,61],"product_tag":[],"class_list":{"0":"post-5743","1":"product","2":"type-product","3":"status-publish","4":"has-post-thumbnail","6":"product_cat-relogios-femininos","7":"product_cat-casio","8":"product_cat-digital","9":"product_cat-quartzo","11":"first","12":"instock","13":"sale","14":"shipping-taxable","15":"purchasable","16":"product-type-variable"},"jetpack_sharing_enabled":true,"_links":{"self":[{"href":"https:\/\/relogios-online.com\/fr\/wp-json\/wp\/v2\/product\/5743","targetHints":{"allow":["GET"]}}],"collection":[{"href":"https:\/\/relogios-online.com\/fr\/wp-json\/wp\/v2\/product"}],"about":[{"href":"https:\/\/relogios-online.com\/fr\/wp-json\/wp\/v2\/types\/product"}],"replies":[{"embeddable":true,"href":"https:\/\/relogios-online.com\/fr\/wp-json\/wp\/v2\/comments?post=5743"}],"version-history":[{"count":0,"href":"https:\/\/relogios-online.com\/fr\/wp-json\/wp\/v2\/product\/5743\/revisions"}],"wp:featuredmedia":[{"embeddable":true,"href":"https:\/\/relogios-online.com\/fr\/wp-json\/wp\/v2\/media\/5554"}],"wp:attachment":[{"href":"https:\/\/relogios-online.com\/fr\/wp-json\/wp\/v2\/media?parent=5743"}],"wp:term":[{"taxonomy":"product_brand","embeddable":true,"href":"https:\/\/relogios-online.com\/fr\/wp-json\/wp\/v2\/product_brand?post=5743"},{"taxonomy":"product_cat","embeddable":true,"href":"https:\/\/relogios-online.com\/fr\/wp-json\/wp\/v2\/product_cat?post=5743"},{"taxonomy":"product_tag","embeddable":true,"href":"https:\/\/relogios-online.com\/fr\/wp-json\/wp\/v2\/product_tag?post=5743"}],"curies":[{"name":"wp","href":"https:\/\/api.w.org\/{rel}","templated":true}]}}