{"id":5757,"date":"2024-09-25T20:12:06","date_gmt":"2024-09-25T20:12:06","guid":{"rendered":"https:\/\/relogios-online.com\/produto\/relogio-casio-classic-quartz-calculator-ca-506-1df-ca506-1df-men\/"},"modified":"2025-10-17T17:16:12","modified_gmt":"2025-10-17T16:16:12","slug":"relogio-casio-classic-quartz-calculator-ca-506-1df-ca506-1df-men","status":"publish","type":"product","link":"https:\/\/relogios-online.com\/fr\/produit\/casio-calculatrice-a-quartz-classique-ca-506-1df-ca506-1df-montre-homme\/","title":{"rendered":"Montre Casio Classic Quartz Calculatrice CA-506-1DF CA506-1DF pour hommes"},"content":{"rendered":"<p>La montre Casio CA-506-1DF est un classique qui allie fonctionnalit\u00e9 et style. Avec sa calculatrice int\u00e9gr\u00e9e \u00e0 8 chiffres, cette montre se distingue par sa praticit\u00e9 et sa modernit\u00e9, ce qui en fait un accessoire indispensable pour ceux qui appr\u00e9cient les fonctionnalit\u00e9s suppl\u00e9mentaires dans leur vie quotidienne. Equip\u00e9 d&#039;un mouvement \u00e0 quartz, il garantit pr\u00e9cision et efficacit\u00e9 dans ses fonctions.<\/p>\n<p>Sa structure en acier inoxydable offre durabilit\u00e9 et r\u00e9sistance, tandis que le bracelet en m\u00e9tal r\u00e9glable offre un ajustement confortable et s\u00fbr au poignet. L&#039;affichage num\u00e9rique clair et l&#039;option de format 12\/24 heures offrent une flexibilit\u00e9 adapt\u00e9e aux pr\u00e9f\u00e9rences individuelles. De plus, il dispose de fonctionnalit\u00e9s telles qu&#039;un chronom\u00e8tre au 1\/100e de seconde, une alarme quotidienne et un calendrier automatique programm\u00e9 jusqu&#039;en 2079, ce qui le rend extr\u00eamement utile pour un usage quotidien.<\/p>\n<p>Avec une r\u00e9sistance \u00e0 l&#039;eau et une finition en cristal min\u00e9ral, cette montre est parfaite pour un usage quotidien et des activit\u00e9s de plein air. La combinaison de durabilit\u00e9, d&#039;\u00e9l\u00e9gance et de fonctionnalit\u00e9s avanc\u00e9es font de cette Casio une montre polyvalente qui peut s&#039;adapter \u00e0 diff\u00e9rentes situations.<\/p>\n<p>Profitez de l\u2019opportunit\u00e9 d\u2019avoir une montre qui repr\u00e9sente l\u2019union parfaite entre le design classique et la technologie moderne. Ne manquez pas votre chance d&#039;ajouter ce Casio \u00e0 votre collection !<\/p>\n<p><strong>D\u00e9tails techniques\u00a0:<\/strong><\/p>\n<ul>\n<li><strong>Marque:<\/strong> Casio<\/li>\n<li><strong>S\u00e9rie:<\/strong> Classique<\/li>\n<li><strong>Mod\u00e8le:<\/strong> CA-506-1DF<\/li>\n<li><strong>Genre:<\/strong> Masculin<\/li>\n<li><strong>Mouvement:<\/strong> Quartz<\/li>\n<li><strong>Taille de la bo\u00eete\u00a0:<\/strong> 36,00 mm<\/li>\n<li><strong>\u00c9paisseur du bo\u00eetier\u00a0:<\/strong> 11,00 mm<\/li>\n<li><strong>Mat\u00e9riau du bo\u00eetier\u00a0:<\/strong> Acier inoxydable<\/li>\n<li><strong>Format de la bo\u00eete\u00a0:<\/strong> Rectangle<\/li>\n<li><strong>Cadre:<\/strong> Lunette fixe<\/li>\n<li><strong>Type de cadran\u00a0:<\/strong> Num\u00e9rique<\/li>\n<li><strong>Couleur du cadran\u00a0:<\/strong> Noir<\/li>\n<li><strong>Cristal:<\/strong> Cristal min\u00e9ral<\/li>\n<li><strong>R\u00e9sistance \u00e0 l&#039;eau\u00a0:<\/strong> R\u00e9sistant aux \u00e9claboussures<\/li>\n<li><strong>Calendrier:<\/strong> Automatique (pr\u00e9programm\u00e9 jusqu&#039;en 2079)<\/li>\n<li><strong>Fonctions :<\/strong> Heure, minute, seconde, chronom\u00e8tre 1\/100 seconde, alarme quotidienne, calendrier automatique<\/li>\n<li><strong>Bracelet:<\/strong> Acier inoxydable<\/li>\n<li><strong>Cl\u00f4ture:<\/strong> Cl\u00f4ture du d\u00e9ploiement<\/li>\n<li><strong>Style:<\/strong> Sportif<\/li>\n<li><strong>Garantie:<\/strong> Garantie internationale 1 an<\/li>\n<li><strong>Code EAN\u00a0:<\/strong> 4971850438915<\/li>\n<\/ul>\n<p>Procurez-vous votre Casio CA-506-1DF d\u00e8s maintenant et profitez d&#039;une montre qui offre bien plus que l&#039;heure !<\/p>\n<p><a href=\"https:\/\/relogios-online.com\/\" target=\"_blank\" rel=\"noopener\">D\u00e9couvrez tous les produits Montres Homme sur relogios-online.com<\/a><\/p>","protected":false},"excerpt":{"rendered":"<p>\ud83d\ude9a\u00a0<strong>Options d&#039;exp\u00e9dition standard et express<\/strong>: Choisissez entre\u00a0<strong>Exp\u00e9dition standard mondiale<\/strong>\u00a0(15 \u00e0 21 jours ouvrables pour l&#039;Union europ\u00e9enne, 14 \u00e0 18 jours ouvrables pour les \u00c9tats-Unis et l&#039;Australie, 4 \u00e0 6 semaines pour le Br\u00e9sil et 3 \u00e0 6 semaines pour les autres pays) \u2013 le client peut \u00eatre responsable de la TVA et des frais de douane, si ils se produisent \u2013 ou\u00a0<strong>Exp\u00e9dition express (DHL\/FedEx)<\/strong>\u00a0dans\u00a0<strong>5 jours ouvrables<\/strong>\u00a0avec tous les frais d\u00e9j\u00e0 inclus dans le prix.<br \/>\nConsultez notre\u00a0<strong>Politique\u00a0<a href=\"https:\/\/relogios-online.com\/politica-de-envio\/\" target=\"_blank\" rel=\"noopener\">Politique d&#039;exp\u00e9dition<\/a>.<\/strong><\/p>\n<p>\ud83d\udd12\u00a0<strong>Assurance qualit\u00e9<\/strong>: Tous nos produits ont\u00a0<strong>Garantie 12 mois<\/strong>, garantissant qualit\u00e9 et satisfaction.<\/p>\n<p>\ud83d\udcde\u00a0<strong>Service client<\/strong>: Notre \u00e9quipe est toujours pr\u00eate \u00e0 vous accompagner \u00e0 chaque \u00e9tape de votre achat.<\/p>\n<p>\ud83d\udcb3\u00a0<strong>Paiement s\u00e9curis\u00e9<\/strong>: Nous proposons des options de paiement s\u00e9curis\u00e9es 100% pour garantir la protection de vos donn\u00e9es.<\/p>\n<p>\u2705\u00a0<strong>Produit original<\/strong>: Nous travaillons uniquement avec des montres originales de haute qualit\u00e9, directement issues des meilleures marques.<\/p>","protected":false},"featured_media":5536,"comment_status":"open","ping_status":"closed","template":"","meta":[],"product_brand":[],"product_cat":[56,108],"product_tag":[],"class_list":{"0":"post-5757","1":"product","2":"type-product","3":"status-publish","4":"has-post-thumbnail","6":"product_cat-relogios-homem","7":"product_cat-digital","9":"first","10":"instock","11":"sale","12":"shipping-taxable","13":"purchasable","14":"product-type-variable"},"jetpack_sharing_enabled":true,"_links":{"self":[{"href":"https:\/\/relogios-online.com\/fr\/wp-json\/wp\/v2\/product\/5757","targetHints":{"allow":["GET"]}}],"collection":[{"href":"https:\/\/relogios-online.com\/fr\/wp-json\/wp\/v2\/product"}],"about":[{"href":"https:\/\/relogios-online.com\/fr\/wp-json\/wp\/v2\/types\/product"}],"replies":[{"embeddable":true,"href":"https:\/\/relogios-online.com\/fr\/wp-json\/wp\/v2\/comments?post=5757"}],"version-history":[{"count":1,"href":"https:\/\/relogios-online.com\/fr\/wp-json\/wp\/v2\/product\/5757\/revisions"}],"predecessor-version":[{"id":9647,"href":"https:\/\/relogios-online.com\/fr\/wp-json\/wp\/v2\/product\/5757\/revisions\/9647"}],"wp:featuredmedia":[{"embeddable":true,"href":"https:\/\/relogios-online.com\/fr\/wp-json\/wp\/v2\/media\/5536"}],"wp:attachment":[{"href":"https:\/\/relogios-online.com\/fr\/wp-json\/wp\/v2\/media?parent=5757"}],"wp:term":[{"taxonomy":"product_brand","embeddable":true,"href":"https:\/\/relogios-online.com\/fr\/wp-json\/wp\/v2\/product_brand?post=5757"},{"taxonomy":"product_cat","embeddable":true,"href":"https:\/\/relogios-online.com\/fr\/wp-json\/wp\/v2\/product_cat?post=5757"},{"taxonomy":"product_tag","embeddable":true,"href":"https:\/\/relogios-online.com\/fr\/wp-json\/wp\/v2\/product_tag?post=5757"}],"curies":[{"name":"wp","href":"https:\/\/api.w.org\/{rel}","templated":true}]}}