{"id":5765,"date":"2024-09-25T20:49:30","date_gmt":"2024-09-25T20:49:30","guid":{"rendered":"https:\/\/relogios-online.com\/produto\/alarme-de-hora-mundial-casio-g-shock-relogio-ga-100-1a2-ga-100\/"},"modified":"2025-10-17T17:16:10","modified_gmt":"2025-10-17T16:16:10","slug":"alarme-de-hora-mundial-casio-g-shock-relogio-ga-100-1a2-ga-100","status":"publish","type":"product","link":"https:\/\/relogios-online.com\/fr\/produit\/alarme-heure-mondiale-casio-g-choc-montre-ga-100-1a2-ga-100\/","title":{"rendered":"Casio G-Shock Montre avec alarme \u00e0 heure mondiale GA-100-1A2 GA-100"},"content":{"rendered":"<p>LE <strong>Casio G-Shock GA-100-1A2<\/strong> C&#039;est la montre parfaite pour ceux qui recherchent durabilit\u00e9, style et fonctionnalit\u00e9s avanc\u00e9es. Connu pour son <strong>r\u00e9sistance aux chocs<\/strong> et de construction robuste, cette montre est id\u00e9ale pour ceux qui ont un style de vie actif et ont besoin d&#039;un accessoire capable de suivre toutes leurs aventures quotidiennes. Equip\u00e9 de <strong>r\u00e9sistance magn\u00e9tique<\/strong> et <strong>R\u00e9sistance \u00e0 l&#039;eau 200M<\/strong>, c&#039;est le choix parfait pour ceux qui pratiquent des sports nautiques ou des activit\u00e9s de plein air.<\/p>\n<p>Le mod\u00e8le a <strong>affichage analogique et num\u00e9rique<\/strong>, offrant une lecture claire et pr\u00e9cise de l&#039;heure. LE <strong>Lumi\u00e8re LED<\/strong> et l&#039;option d&#039;interrupteur d&#039;\u00e9clairage automatique vous permettent de visualiser la montre m\u00eame dans des environnements sombres, et la luminosit\u00e9 s\u00e9lectionnable garantit une exp\u00e9rience de port confortable. Par ailleurs, le <strong>calendrier enti\u00e8rement automatique<\/strong> et le <strong>5 alarmes quotidiennes ind\u00e9pendantes<\/strong> rendent le Casio G-Shock GA-100-1A2 extr\u00eamement fonctionnel pour ceux qui ont une routine bien remplie.<\/p>\n<p>La fonctionnalit\u00e9 de <strong>heure mondiale<\/strong> vous permet de suivre l&#039;heure dans 29 fuseaux horaires diff\u00e9rents, ce qui en fait un excellent choix pour les voyageurs et les aventuriers. LE <strong>Chronom\u00e8tre 1\/1000 seconde<\/strong> et le <strong>compte \u00e0 rebours<\/strong> offrent une pr\u00e9cision unique, parfaite pour ceux qui pratiquent des activit\u00e9s qui n\u00e9cessitent une mesure du temps, comme la course \u00e0 pied ou le v\u00e9lo.<\/p>\n<p>Fabriqu\u00e9 avec <strong>bo\u00eete en r\u00e9sine r\u00e9sistante<\/strong> et <strong>bracelet en r\u00e9sine durable<\/strong>, cette montre est con\u00e7ue pour durer. LE <strong>fermeture \u00e0 boucle<\/strong> offre un ajustement s\u00fbr au poignet, tandis que le <strong>cristal min\u00e9ral<\/strong> prot\u00e8ge le cadran des rayures. Si vous recherchez une montre de sport qui correspond <strong>style, r\u00e9sistance et technologie<\/strong>, le Casio G-Shock GA-100-1A2 est le bon choix pour vous.<\/p>\n<p>S\u00e9curisez votre Casio G-Shock GA-100-1A2 d\u00e8s maintenant et profitez de toutes ses fonctionnalit\u00e9s avanc\u00e9es avec un design qui ne se d\u00e9mode jamais.<\/p>\n<h3>Sp\u00e9cifications techniques\u00a0:<\/h3>\n<ul>\n<li><strong>Marque:<\/strong> Casio<\/li>\n<li><strong>S\u00e9rie:<\/strong> G-Shock<\/li>\n<li><strong>Mod\u00e8le:<\/strong> GA-100-1A2<\/li>\n<li><strong>Genre:<\/strong> Masculin<\/li>\n<li><strong>Mouvement:<\/strong> Quartz<\/li>\n<li><strong>Mat\u00e9riau du bo\u00eetier\u00a0:<\/strong> R\u00e9sine<\/li>\n<li><strong>Taille de la bo\u00eete\u00a0:<\/strong> 55,0 mm<\/li>\n<li><strong>\u00c9paisseur du bo\u00eetier\u00a0:<\/strong> 16,9 mm<\/li>\n<li><strong>Format de la bo\u00eete\u00a0:<\/strong> Rond<\/li>\n<li><strong>Type de bracelet\u00a0:<\/strong> R\u00e9sine<\/li>\n<li><strong>R\u00e9sistance \u00e0 l&#039;eau\u00a0:<\/strong> 200M<\/li>\n<li><strong>Type d&#039;affichage\u00a0:<\/strong> Analogique-Num\u00e9rique<\/li>\n<li><strong>Fonctions :<\/strong> Jour, date, heure, minute, seconde<\/li>\n<li><strong>Ressources suppl\u00e9mentaires\u00a0:<\/strong> Lumi\u00e8re LED, r\u00e9sistant aux chocs, r\u00e9sistant aux magn\u00e9tiques, heure mondiale, chronom\u00e8tre, compte \u00e0 rebours, 5 alarmes quotidiennes ind\u00e9pendantes, calendrier enti\u00e8rement automatique.<\/li>\n<li><strong>Style:<\/strong> Sportif<\/li>\n<li><strong>Garantie:<\/strong> Garantie internationale 1 an<\/li>\n<\/ul>\n<p>D\u00e9couvrez l&#039;innovation et la r\u00e9sistance de la Casio G-Shock GA-100-1A2, une montre qui allie design moderne et fonctionnalit\u00e9s incroyables. Obtenez le v\u00f4tre maintenant\u00a0!<\/p>\n<p><a href=\"https:\/\/relogios-online.com\/\" target=\"_blank\" rel=\"noopener\">D\u00e9couvrez tous les produits Montres Homme sur relogios-online.com<\/a><\/p>","protected":false},"excerpt":{"rendered":"<p>\ud83d\ude9a\u00a0<strong>Options d&#039;exp\u00e9dition standard et express<\/strong>: Choisissez entre\u00a0<strong>Exp\u00e9dition standard mondiale<\/strong>\u00a0(15 \u00e0 21 jours ouvrables pour l&#039;Union europ\u00e9enne, 14 \u00e0 18 jours ouvrables pour les \u00c9tats-Unis et l&#039;Australie, 4 \u00e0 6 semaines pour le Br\u00e9sil et 3 \u00e0 6 semaines pour les autres pays) \u2013 le client peut \u00eatre responsable de la TVA et des frais de douane, si ils se produisent \u2013 ou\u00a0<strong>Exp\u00e9dition express (DHL\/FedEx)<\/strong>\u00a0dans\u00a0<strong>5 jours ouvrables<\/strong>\u00a0avec tous les frais d\u00e9j\u00e0 inclus dans le prix.<br \/>\nConsultez notre\u00a0<strong>Politique\u00a0<a href=\"https:\/\/relogios-online.com\/politica-de-envio\/\" target=\"_blank\" rel=\"noopener\">Politique d&#039;exp\u00e9dition<\/a>.<\/strong><\/p>\n<p>\ud83d\udd12\u00a0<strong>Assurance qualit\u00e9<\/strong>: Tous nos produits ont\u00a0<strong>Garantie 12 mois<\/strong>, garantissant qualit\u00e9 et satisfaction.<\/p>\n<p>\ud83d\udcde\u00a0<strong>Service client<\/strong>: Notre \u00e9quipe est toujours pr\u00eate \u00e0 vous accompagner \u00e0 chaque \u00e9tape de votre achat.<\/p>\n<p>\ud83d\udcb3\u00a0<strong>Paiement s\u00e9curis\u00e9<\/strong>: Nous proposons des options de paiement s\u00e9curis\u00e9es 100% pour garantir la protection de vos donn\u00e9es.<\/p>\n<p>\u2705\u00a0<strong>Produit original<\/strong>: Nous travaillons uniquement avec des montres originales de haute qualit\u00e9, directement issues des meilleures marques.<\/p>","protected":false},"featured_media":5530,"comment_status":"open","ping_status":"closed","template":"","meta":[],"product_brand":[],"product_cat":[56,175,108,59],"product_tag":[],"class_list":{"0":"post-5765","1":"product","2":"type-product","3":"status-publish","4":"has-post-thumbnail","6":"product_cat-relogios-homem","7":"product_cat-casio","8":"product_cat-digital","9":"product_cat-relogios-esportivos","11":"first","12":"instock","13":"sale","14":"shipping-taxable","15":"purchasable","16":"product-type-variable"},"jetpack_sharing_enabled":true,"_links":{"self":[{"href":"https:\/\/relogios-online.com\/fr\/wp-json\/wp\/v2\/product\/5765","targetHints":{"allow":["GET"]}}],"collection":[{"href":"https:\/\/relogios-online.com\/fr\/wp-json\/wp\/v2\/product"}],"about":[{"href":"https:\/\/relogios-online.com\/fr\/wp-json\/wp\/v2\/types\/product"}],"replies":[{"embeddable":true,"href":"https:\/\/relogios-online.com\/fr\/wp-json\/wp\/v2\/comments?post=5765"}],"version-history":[{"count":1,"href":"https:\/\/relogios-online.com\/fr\/wp-json\/wp\/v2\/product\/5765\/revisions"}],"predecessor-version":[{"id":9646,"href":"https:\/\/relogios-online.com\/fr\/wp-json\/wp\/v2\/product\/5765\/revisions\/9646"}],"wp:featuredmedia":[{"embeddable":true,"href":"https:\/\/relogios-online.com\/fr\/wp-json\/wp\/v2\/media\/5530"}],"wp:attachment":[{"href":"https:\/\/relogios-online.com\/fr\/wp-json\/wp\/v2\/media?parent=5765"}],"wp:term":[{"taxonomy":"product_brand","embeddable":true,"href":"https:\/\/relogios-online.com\/fr\/wp-json\/wp\/v2\/product_brand?post=5765"},{"taxonomy":"product_cat","embeddable":true,"href":"https:\/\/relogios-online.com\/fr\/wp-json\/wp\/v2\/product_cat?post=5765"},{"taxonomy":"product_tag","embeddable":true,"href":"https:\/\/relogios-online.com\/fr\/wp-json\/wp\/v2\/product_tag?post=5765"}],"curies":[{"name":"wp","href":"https:\/\/api.w.org\/{rel}","templated":true}]}}