{"id":5800,"date":"2024-09-26T00:46:36","date_gmt":"2024-09-26T00:46:36","guid":{"rendered":"https:\/\/relogios-online.com\/produto\/relogio-masculino-casio-g-shock-virtual-rainbow-analogico-digital-quartzo-ga-100rgb-1a-ga100rgb-1-200m\/"},"modified":"2024-09-26T17:31:04","modified_gmt":"2024-09-26T17:31:04","slug":"relogio-masculino-casio-g-shock-virtual-rainbow-analogico-digital-quartzo-ga-100rgb-1a-ga100rgb-1-200m","status":"publish","type":"product","link":"https:\/\/relogios-online.com\/fr\/produit\/montre-a-quartz-analogique-numerique-casio-g-shock-virtual-rainbow-ga-100rgb-1a-ga100rgb-1-200m-pour-homme\/","title":{"rendered":"Montre pour homme Casio G-Shock Virtual Rainbow Analog Digital Quartz GA-100RGB-1A GA100RGB-1 200M"},"content":{"rendered":"<p><strong>Description du produit : Casio G-Shock GA-100RGB-1A \u2013 Style et fonctionnalit\u00e9 dans une seule montre<\/strong><\/p>\n<p>D\u00e9couvrez la puissance de la Casio G-Shock GA-100RGB-1A, une montre con\u00e7ue pour ceux qui recherchent force, style et fonctionnalit\u00e9 de pointe. Dot\u00e9 d&#039;un bo\u00eetier et d&#039;un bracelet en r\u00e9sine tr\u00e8s r\u00e9sistante, ce mod\u00e8le est parfait pour les hommes qui appr\u00e9cient un accessoire robuste, mais plein de personnalit\u00e9.<\/p>\n<p>Le mouvement \u00e0 quartz, associ\u00e9 au calibre 5081, offre une pr\u00e9cision in\u00e9gal\u00e9e, tandis que l&#039;affichage num\u00e9rique analogique multicolore apporte une touche de modernit\u00e9. La r\u00e9sistance aux chocs et la protection magn\u00e9tique garantissent que votre montre est toujours pr\u00eate \u00e0 affronter n&#039;importe quelle situation, que ce soit lors d&#039;activit\u00e9s sportives ou dans votre vie de tous les jours.<\/p>\n<p>Avec des fonctionnalit\u00e9s avanc\u00e9es telles que l&#039;heure mondiale, un chronom\u00e8tre 1\/1000 seconde, un compte \u00e0 rebours et 5 alarmes quotidiennes, la Casio G-Shock GA-100RGB-1A est plus qu&#039;une simple montre. L&#039;\u00e9clairage LED facilite la visibilit\u00e9 dans les environnements sombres, et le calendrier enti\u00e8rement automatique vous tient toujours au courant du mois, du jour et de la date.<\/p>\n<p>Cette montre est \u00e9tanche jusqu&#039;\u00e0 200 m, ce qui la rend id\u00e9ale pour les activit\u00e9s nautiques, la plong\u00e9e et les sports d&#039;aventure. Ses aiguilles et cadrans lumineux facilitent la lecture, m\u00eame dans des environnements faiblement \u00e9clair\u00e9s. La fermeture \u00e0 boucle assure un ajustement s\u00fbr et confortable \u00e0 votre poignet.<\/p>\n<p>Procurez-vous votre Casio G-Shock GA-100RGB-1A et d\u00e9couvrez la combinaison parfaite de style, de technologie et de r\u00e9sistance. Ne manquez pas l&#039;opportunit\u00e9 d&#039;avoir une montre qui suit votre rythme et vous tient toujours \u00e0 l&#039;heure, quel que soit le d\u00e9fi.<\/p>\n<p><strong>D\u00e9tail technique\u00a0:<\/strong><\/p>\n<ul>\n<li><strong>Marque:<\/strong> Casio<\/li>\n<li><strong>S\u00e9rie:<\/strong> G-Shock<\/li>\n<li><strong>Mod\u00e8le:<\/strong> GA-100RGB-1A<\/li>\n<li><strong>Sexe:<\/strong> Masculin<\/li>\n<li><strong>Mouvement:<\/strong> Quartz<\/li>\n<li><strong>Moteur:<\/strong> Calibre 5081<\/li>\n<li><strong>Mat\u00e9riau du bo\u00eetier\u00a0:<\/strong> R\u00e9sine<\/li>\n<li><strong>Taille de la bo\u00eete\u00a0:<\/strong> 51,2 mm<\/li>\n<li><strong>\u00c9paisseur du bo\u00eetier\u00a0:<\/strong> 16,9 mm<\/li>\n<li><strong>Format de la bo\u00eete\u00a0:<\/strong> Rond<\/li>\n<li><strong>Dos de la bo\u00eete\u00a0:<\/strong> Boulonn\u00e9<\/li>\n<li><strong>Cristal:<\/strong> cristal min\u00e9ral<\/li>\n<li><strong>Type de cadran\u00a0:<\/strong> num\u00e9rique analogique<\/li>\n<li><strong>Couleur du cadran\u00a0:<\/strong> Multicolore<\/li>\n<li><strong>Marqueurs de cadran\u00a0:<\/strong> Indice<\/li>\n<li><strong>Luminescence:<\/strong> Aiguilles lumineuses<\/li>\n<li><strong>R\u00e9sistance \u00e0 l&#039;eau\u00a0:<\/strong> 200M<\/li>\n<li><strong>Calendrier:<\/strong> Affichage du mois, du jour et de la date<\/li>\n<li><strong>Fonctions :<\/strong> Mois, jour, date, heure, minute, seconde<\/li>\n<li><strong>Type de bande\u00a0:<\/strong> Ceinture en r\u00e9sine<\/li>\n<li><strong>Cl\u00f4ture:<\/strong> Fermeture \u00e0 boucle<\/li>\n<li><strong>Style:<\/strong> Sportif<\/li>\n<li><strong>Garantie:<\/strong> Garantie internationale 1 an<\/li>\n<\/ul>\n<p>Achetez maintenant et profitez d&#039;un accessoire qui refl\u00e8te la force, le style et la pr\u00e9cision dans les moindres d\u00e9tails.<\/p>","protected":false},"excerpt":{"rendered":"<p>\ud83d\ude9a\u00a0<strong>Options d&#039;exp\u00e9dition standard et express<\/strong>: Choisissez entre\u00a0<strong>Exp\u00e9dition standard mondiale<\/strong>\u00a0(15 \u00e0 21 jours ouvrables pour l&#039;Union europ\u00e9enne, 14 \u00e0 18 jours ouvrables pour les \u00c9tats-Unis et l&#039;Australie, 4 \u00e0 6 semaines pour le Br\u00e9sil et 3 \u00e0 6 semaines pour les autres pays) \u2013 le client peut \u00eatre responsable de la TVA et des frais de douane, si ils se produisent \u2013 ou\u00a0<strong>Exp\u00e9dition express (DHL\/FedEx)<\/strong>\u00a0dans\u00a0<strong>5 jours ouvrables<\/strong>\u00a0avec tous les frais d\u00e9j\u00e0 inclus dans le prix.<br \/>\nConsultez notre\u00a0<strong>Politique\u00a0<a href=\"https:\/\/relogios-online.com\/politica-de-envio\/\" target=\"_blank\" rel=\"noopener\">Politique d&#039;exp\u00e9dition<\/a>.<\/strong><\/p>\n<p>\ud83d\udd12\u00a0<strong>Assurance qualit\u00e9<\/strong>: Tous nos produits ont\u00a0<strong>Garantie 12 mois<\/strong>, garantissant qualit\u00e9 et satisfaction.<\/p>\n<p>\ud83d\udcde\u00a0<strong>Service client<\/strong>: Notre \u00e9quipe est toujours pr\u00eate \u00e0 vous accompagner \u00e0 chaque \u00e9tape de votre achat.<\/p>\n<p>\ud83d\udcb3\u00a0<strong>Paiement s\u00e9curis\u00e9<\/strong>: Nous proposons des options de paiement s\u00e9curis\u00e9es 100% pour garantir la protection de vos donn\u00e9es.<\/p>\n<p>\u2705\u00a0<strong>Produit original<\/strong>: Nous travaillons uniquement avec des montres originales de haute qualit\u00e9, directement issues des meilleures marques.<\/p>","protected":false},"featured_media":5799,"comment_status":"open","ping_status":"closed","template":"","meta":[],"product_brand":[],"product_cat":[20],"product_tag":[],"class_list":{"0":"post-5800","1":"product","2":"type-product","3":"status-publish","4":"has-post-thumbnail","6":"product_cat-sem-categoria","8":"first","9":"instock","10":"sale","11":"shipping-taxable","12":"purchasable","13":"product-type-variable"},"jetpack_sharing_enabled":true,"_links":{"self":[{"href":"https:\/\/relogios-online.com\/fr\/wp-json\/wp\/v2\/product\/5800","targetHints":{"allow":["GET"]}}],"collection":[{"href":"https:\/\/relogios-online.com\/fr\/wp-json\/wp\/v2\/product"}],"about":[{"href":"https:\/\/relogios-online.com\/fr\/wp-json\/wp\/v2\/types\/product"}],"replies":[{"embeddable":true,"href":"https:\/\/relogios-online.com\/fr\/wp-json\/wp\/v2\/comments?post=5800"}],"version-history":[{"count":0,"href":"https:\/\/relogios-online.com\/fr\/wp-json\/wp\/v2\/product\/5800\/revisions"}],"wp:featuredmedia":[{"embeddable":true,"href":"https:\/\/relogios-online.com\/fr\/wp-json\/wp\/v2\/media\/5799"}],"wp:attachment":[{"href":"https:\/\/relogios-online.com\/fr\/wp-json\/wp\/v2\/media?parent=5800"}],"wp:term":[{"taxonomy":"product_brand","embeddable":true,"href":"https:\/\/relogios-online.com\/fr\/wp-json\/wp\/v2\/product_brand?post=5800"},{"taxonomy":"product_cat","embeddable":true,"href":"https:\/\/relogios-online.com\/fr\/wp-json\/wp\/v2\/product_cat?post=5800"},{"taxonomy":"product_tag","embeddable":true,"href":"https:\/\/relogios-online.com\/fr\/wp-json\/wp\/v2\/product_tag?post=5800"}],"curies":[{"name":"wp","href":"https:\/\/api.w.org\/{rel}","templated":true}]}}