{"id":5809,"date":"2024-09-26T00:56:46","date_gmt":"2024-09-26T00:56:46","guid":{"rendered":"https:\/\/relogios-online.com\/produto\/casio-g-shock-indicador-de-velocidade-alarme-ga-100-1a4-relogio-masculino\/"},"modified":"2025-10-17T17:16:01","modified_gmt":"2025-10-17T16:16:01","slug":"casio-g-shock-indicador-de-velocidade-alarme-ga-100-1a4-relogio-masculino","status":"publish","type":"product","link":"https:\/\/relogios-online.com\/fr\/produit\/casio-g-choc-indicateur-de-vitesse-alarme-ga-100-1a4-montre-pour-hommes\/","title":{"rendered":"Montre pour homme Casio G-Shock avec indicateur de vitesse et alarme GA-100-1A4"},"content":{"rendered":"<h3><strong>Casio GA-100-1A4 \u2013 Montre indicateur de vitesse G-Shock pour homme<\/strong><\/h3>\n<p>LE <strong>Casio GA-100-1A4<\/strong> C&#039;est une montre pour homme robuste et multifonctionnelle, id\u00e9ale pour ceux qui recherchent r\u00e9sistance, pr\u00e9cision et style dans un seul accessoire. Une partie de la c\u00e9l\u00e8bre s\u00e9rie <strong>G-Shock<\/strong>, il a \u00e9t\u00e9 con\u00e7u pour offrir une durabilit\u00e9 maximale et des fonctionnalit\u00e9s avanc\u00e9es, ce qui en fait un compagnon id\u00e9al pour les activit\u00e9s sportives, les aventures et l&#039;utilisation quotidienne.<\/p>\n<h4><strong>Points forts du produit\u00a0:<\/strong><\/h4>\n<ul>\n<li><strong>R\u00e9sistant aux chocs (G-SHOCK)\u00a0:<\/strong> Technologie exclusive Casio qui garantit une protection contre les impacts et les vibrations.<\/li>\n<li><strong>R\u00e9sistant magn\u00e9tique\u00a0:<\/strong> Parfait pour les environnements avec des champs magn\u00e9tiques, pr\u00e9servant la pr\u00e9cision de la montre.<\/li>\n<li><strong>Lumi\u00e8re LED avec luminosit\u00e9 r\u00e9siduelle\u00a0:<\/strong> Permet la lecture dans des conditions de faible luminosit\u00e9, avec une dur\u00e9e d&#039;\u00e9clairage s\u00e9lectionnable.<\/li>\n<li><strong>Heure mondiale\u00a0:<\/strong> Suivez l\u2019heure dans 29 fuseaux horaires diff\u00e9rents, couvrant 48 villes et le temps universel coordonn\u00e9.<\/li>\n<li><strong>Chronom\u00e8tre 1\/1000 seconde\u00a0:<\/strong> Fonctions temps \u00e9coul\u00e9, temps au tour et temps interm\u00e9diaire, ainsi qu&#039;indicateur de vitesse.<\/li>\n<li><strong>Compte \u00e0 rebours\u00a0:<\/strong> Programmable de 1 minute \u00e0 24 heures, id\u00e9al pour surveiller diff\u00e9rentes activit\u00e9s.<\/li>\n<li><strong>5 alarmes quotidiennes ind\u00e9pendantes\u00a0:<\/strong> Configurez jusqu&#039;\u00e0 5 alarmes, dont une avec fonction snooze.<\/li>\n<li><strong>Calendrier enti\u00e8rement automatique\u00a0:<\/strong> Configur\u00e9 jusqu&#039;en 2099, garantissant praticit\u00e9 et pr\u00e9cision des dates.<\/li>\n<li><strong>Format 12\/24 heures\u00a0:<\/strong> S&#039;adapte \u00e0 votre style de lecture.<\/li>\n<\/ul>\n<h4><strong>D\u00e9tails suppl\u00e9mentaires\u00a0:<\/strong><\/h4>\n<ul>\n<li><strong>Mouvement:<\/strong> Quartz de haute pr\u00e9cision, avec une marge d\u2019erreur de seulement \u00b1 15 secondes par mois.<\/li>\n<li><strong>Autonomie de la batterie\u00a0:<\/strong> Environ 2 ans avec pile CR1220.<\/li>\n<li><strong>R\u00e9sistance \u00e0 l&#039;eau\u00a0:<\/strong> Jusqu&#039;\u00e0 200 m\u00e8tres, parfait pour les activit\u00e9s nautiques et la plong\u00e9e peu profonde.<\/li>\n<\/ul>\n<p>Profitez du design imposant avec bo\u00eetier et bracelet en r\u00e9sine, garantissant durabilit\u00e9 et confort d&#039;utilisation.<\/p>\n<hr \/>\n<h3><strong>Sp\u00e9cifications techniques<\/strong><\/h3>\n<table>\n<thead>\n<tr>\n<th><strong>Caract\u00e9ristiques<\/strong><\/th>\n<th><strong>D\u00e9tails<\/strong><\/th>\n<\/tr>\n<\/thead>\n<tbody>\n<tr>\n<td><strong>Marque<\/strong><\/td>\n<td>Casio<\/td>\n<\/tr>\n<tr>\n<td><strong>S\u00e9rie<\/strong><\/td>\n<td>G-Shock<\/td>\n<\/tr>\n<tr>\n<td><strong>Mod\u00e8le<\/strong><\/td>\n<td>GA-100-1A4<\/td>\n<\/tr>\n<tr>\n<td><strong>Sexe<\/strong><\/td>\n<td>Masculin<\/td>\n<\/tr>\n<tr>\n<td><strong>Mouvement<\/strong><\/td>\n<td>Quartz<\/td>\n<\/tr>\n<tr>\n<td><strong>Mat\u00e9riau du bo\u00eetier<\/strong><\/td>\n<td>R\u00e9sine<\/td>\n<\/tr>\n<tr>\n<td><strong>Taille du bo\u00eetier<\/strong><\/td>\n<td>51,20 mm<\/td>\n<\/tr>\n<tr>\n<td><strong>\u00c9paisseur du bo\u00eetier<\/strong><\/td>\n<td>16,90 mm<\/td>\n<\/tr>\n<tr>\n<td><strong>Format du cas<\/strong><\/td>\n<td>Rond<\/td>\n<\/tr>\n<tr>\n<td><strong>Dos du bo\u00eetier<\/strong><\/td>\n<td>Viss\u00e9<\/td>\n<\/tr>\n<tr>\n<td><strong>Type de verre<\/strong><\/td>\n<td>Cristal min\u00e9ral<\/td>\n<\/tr>\n<tr>\n<td><strong>Type d&#039;affichage<\/strong><\/td>\n<td>Analogique-Num\u00e9rique<\/td>\n<\/tr>\n<tr>\n<td><strong>R\u00e9sistance \u00e0 l&#039;eau<\/strong><\/td>\n<td>200M<\/td>\n<\/tr>\n<tr>\n<td><strong>Type de bracelet<\/strong><\/td>\n<td>Ceinture en r\u00e9sine<\/td>\n<\/tr>\n<tr>\n<td><strong>Cl\u00f4ture<\/strong><\/td>\n<td>Boucle<\/td>\n<\/tr>\n<tr>\n<td><strong>Calendrier<\/strong><\/td>\n<td>Jour et date<\/td>\n<\/tr>\n<tr>\n<td><strong>Fonctions suppl\u00e9mentaires<\/strong><\/td>\n<td>Heure mondiale, alarme, chronom\u00e8tre 1\/1000 seconde, compte \u00e0 rebours, r\u00e9sistance aux chocs et magn\u00e9tique, lumi\u00e8re LED.<\/td>\n<\/tr>\n<tr>\n<td><strong>Style<\/strong><\/td>\n<td>Sportif<\/td>\n<\/tr>\n<tr>\n<td><strong>Garantie<\/strong><\/td>\n<td>Garantie internationale 1 an<\/td>\n<\/tr>\n<\/tbody>\n<\/table>\n<p>Il s&#039;agit d&#039;une montre qui combine la pr\u00e9cision et la r\u00e9sistance de Casio, offrant non seulement des fonctionnalit\u00e9s mais \u00e9galement un design audacieux pour ceux qui recherchent un accessoire remarquable.<\/p>\n<p><a href=\"https:\/\/relogios-online.com\/\" target=\"_blank\" rel=\"noopener\">D\u00e9couvrez tous les produits Montres Homme sur relogios-online.com<\/a><\/p>","protected":false},"excerpt":{"rendered":"<p>\ud83d\ude9a\u00a0<strong>Options d&#039;exp\u00e9dition standard et express<\/strong>: Choisissez entre\u00a0<strong>Exp\u00e9dition standard mondiale<\/strong>\u00a0(15 \u00e0 21 jours ouvrables pour l&#039;Union europ\u00e9enne, 14 \u00e0 18 jours ouvrables pour les \u00c9tats-Unis et l&#039;Australie, 4 \u00e0 6 semaines pour le Br\u00e9sil et 3 \u00e0 6 semaines pour les autres pays) \u2013 le client peut \u00eatre responsable de la TVA et des frais de douane, si ils se produisent \u2013 ou\u00a0<strong>Exp\u00e9dition express (DHL\/FedEx)<\/strong>\u00a0dans\u00a0<strong>5 jours ouvrables<\/strong>\u00a0avec tous les frais d\u00e9j\u00e0 inclus dans le prix.<br \/>\nConsultez notre\u00a0<strong>Politique\u00a0<a href=\"https:\/\/relogios-online.com\/politica-de-envio\/\" target=\"_blank\" rel=\"noopener\">Politique d&#039;exp\u00e9dition<\/a>.<\/strong><\/p>\n<p>\ud83d\udd12\u00a0<strong>Assurance qualit\u00e9<\/strong>: Tous nos produits ont\u00a0<strong>Garantie 12 mois<\/strong>, garantissant qualit\u00e9 et satisfaction.<\/p>\n<p>\ud83d\udcde\u00a0<strong>Service client<\/strong>: Notre \u00e9quipe est toujours pr\u00eate \u00e0 vous accompagner \u00e0 chaque \u00e9tape de votre achat.<\/p>\n<p>\ud83d\udcb3\u00a0<strong>Paiement s\u00e9curis\u00e9<\/strong>: Nous proposons des options de paiement s\u00e9curis\u00e9es 100% pour garantir la protection de vos donn\u00e9es.<\/p>\n<p>\u2705\u00a0<strong>Produit original<\/strong>: Nous travaillons uniquement avec des montres originales de haute qualit\u00e9, directement issues des meilleures marques.<\/p>","protected":false},"featured_media":5808,"comment_status":"open","ping_status":"closed","template":"","meta":[],"product_brand":[],"product_cat":[56,175,59],"product_tag":[],"class_list":{"0":"post-5809","1":"product","2":"type-product","3":"status-publish","4":"has-post-thumbnail","6":"product_cat-relogios-homem","7":"product_cat-casio","8":"product_cat-relogios-esportivos","10":"first","11":"instock","12":"sale","13":"shipping-taxable","14":"purchasable","15":"product-type-variable"},"jetpack_sharing_enabled":true,"_links":{"self":[{"href":"https:\/\/relogios-online.com\/fr\/wp-json\/wp\/v2\/product\/5809","targetHints":{"allow":["GET"]}}],"collection":[{"href":"https:\/\/relogios-online.com\/fr\/wp-json\/wp\/v2\/product"}],"about":[{"href":"https:\/\/relogios-online.com\/fr\/wp-json\/wp\/v2\/types\/product"}],"replies":[{"embeddable":true,"href":"https:\/\/relogios-online.com\/fr\/wp-json\/wp\/v2\/comments?post=5809"}],"version-history":[{"count":1,"href":"https:\/\/relogios-online.com\/fr\/wp-json\/wp\/v2\/product\/5809\/revisions"}],"predecessor-version":[{"id":9642,"href":"https:\/\/relogios-online.com\/fr\/wp-json\/wp\/v2\/product\/5809\/revisions\/9642"}],"wp:featuredmedia":[{"embeddable":true,"href":"https:\/\/relogios-online.com\/fr\/wp-json\/wp\/v2\/media\/5808"}],"wp:attachment":[{"href":"https:\/\/relogios-online.com\/fr\/wp-json\/wp\/v2\/media?parent=5809"}],"wp:term":[{"taxonomy":"product_brand","embeddable":true,"href":"https:\/\/relogios-online.com\/fr\/wp-json\/wp\/v2\/product_brand?post=5809"},{"taxonomy":"product_cat","embeddable":true,"href":"https:\/\/relogios-online.com\/fr\/wp-json\/wp\/v2\/product_cat?post=5809"},{"taxonomy":"product_tag","embeddable":true,"href":"https:\/\/relogios-online.com\/fr\/wp-json\/wp\/v2\/product_tag?post=5809"}],"curies":[{"name":"wp","href":"https:\/\/api.w.org\/{rel}","templated":true}]}}