{"id":5844,"date":"2024-09-26T01:11:01","date_gmt":"2024-09-26T01:11:01","guid":{"rendered":"https:\/\/relogios-online.com\/produto\/relogio-ga-100b-4a-ga100b-4a-casio-g-shock-ga100b-4a-masculino-analogico-digital\/"},"modified":"2025-10-17T17:15:50","modified_gmt":"2025-10-17T16:15:50","slug":"relogio-ga-100b-4a-ga100b-4a-casio-g-shock-ga100b-4a-masculino-analogico-digital","status":"publish","type":"product","link":"https:\/\/relogios-online.com\/fr\/produit\/montre-ga-100b-4a-ga100b-4a-casio-g-shock-ga100b-4a-montre-numerique-analogique-pour-hommes\/","title":{"rendered":"Casio G-Shock GA100B-4A Montre analogique-num\u00e9rique pour homme GA-100B-4A GA100B-4A"},"content":{"rendered":"<h3>Casio G-Shock GA-100B-4A : la montre analogique-num\u00e9rique parfaite pour les aventuriers<\/h3>\n<p>LE <strong>Casio G-Shock GA-100B-4A<\/strong> C&#039;est le choix id\u00e9al pour ceux qui recherchent une montre r\u00e9sistante, pleine de fonctionnalit\u00e9s et au design sportif. Construit avec la qualit\u00e9 traditionnelle de la gamme G-Shock, ce mod\u00e8le offre une durabilit\u00e9 et des performances in\u00e9gal\u00e9es. Que ce soit pour le sport, les aventures en plein air ou la vie quotidienne, cette montre est une option fiable et \u00e9l\u00e9gante.<\/p>\n<h4><strong>Caract\u00e9ristiques mises en \u00e9vidence\u00a0:<\/strong><\/h4>\n<ul>\n<li><strong>R\u00e9sistance \u00e0 l&#039;eau de 200 m\u00e8tres\u00a0:<\/strong> Plongez, nagez ou pratiquez des sports nautiques sans souci.<\/li>\n<li><strong>R\u00e9sistant aux chocs et magn\u00e9tique :<\/strong> Con\u00e7u pour r\u00e9sister aux chutes, aux impacts et aux champs magn\u00e9tiques, restant intact m\u00eame dans les situations les plus extr\u00eames.<\/li>\n<li><strong>Lumi\u00e8re LED et heure mondiale\u00a0:<\/strong> Visibilit\u00e9 dans les environnements sombres et les fuseaux horaires dans 29 villes \u00e0 travers le monde, parfaite pour les voyageurs.<\/li>\n<li><strong>Chronom\u00e8tre 1\/1000 seconde et compte \u00e0 rebours\u00a0:<\/strong> Des fonctions pr\u00e9cises pour suivre votre entra\u00eenement ou vos t\u00e2ches quotidiennes.<\/li>\n<li><strong>5 alarmes quotidiennes\u00a0:<\/strong> Planifiez jusqu&#039;\u00e0 cinq rappels pour rester \u00e0 l&#039;heure.<\/li>\n<li><strong>Calendrier enti\u00e8rement automatique\u00a0:<\/strong> Ne perdez plus jamais la trace du jour, du mois ou de l&#039;ann\u00e9e avec le calendrier qui va jusqu&#039;en 2099.<\/li>\n<li><strong>Format 12\/24 heures\u00a0:<\/strong> Choisissez la forme qui correspond le mieux \u00e0 votre style.<\/li>\n<\/ul>\n<h4><strong>Conception et construction<\/strong><\/h4>\n<p>Avec son bo\u00eetier et son bracelet en r\u00e9sine d&#039;une couleur vibrante et audacieuse, la <strong>Casio GA-100B-4A<\/strong> offre un design qui attire l&#039;attention et ajoute du style \u00e0 votre look. L&#039;affichage analogique-num\u00e9rique, prot\u00e9g\u00e9 par un verre min\u00e9ral, est facile \u00e0 lire et id\u00e9al pour ceux qui recherchent praticit\u00e9 et \u00e9l\u00e9gance dans un seul accessoire.<\/p>\n<p><strong>Appel \u00e0 l&#039;action\u00a0:<\/strong> Procurez-vous d\u00e8s maintenant votre Casio G-Shock GA-100B-4A et disposez d&#039;une montre robuste et moderne avec toutes les fonctionnalit\u00e9s dont vous avez besoin pour votre vie quotidienne ou pour vos aventures !<\/p>\n<hr \/>\n<h4><strong>D\u00e9tails techniques\u00a0:<\/strong><\/h4>\n<ul>\n<li><strong>Marque:<\/strong> Casio<\/li>\n<li><strong>S\u00e9rie:<\/strong> G-Shock<\/li>\n<li><strong>Mod\u00e8le:<\/strong> GA-100B-4A<\/li>\n<li><strong>Mouvement:<\/strong> Quartz<\/li>\n<li><strong>Diam\u00e8tre du bo\u00eetier\u00a0:<\/strong> 51,20 mm<\/li>\n<li><strong>\u00c9paisseur du bo\u00eetier\u00a0:<\/strong> 16,90 mm<\/li>\n<li><strong>Mat\u00e9riau du bo\u00eetier\u00a0:<\/strong> R\u00e9sine<\/li>\n<li><strong>Format de la bo\u00eete\u00a0:<\/strong> Rond<\/li>\n<li><strong>Type de verre\u00a0:<\/strong> Cristal min\u00e9ral<\/li>\n<li><strong>Type d&#039;affichage\u00a0:<\/strong> Analogique-Num\u00e9rique<\/li>\n<li><strong>Mat\u00e9riau du bracelet\u00a0:<\/strong> R\u00e9sine<\/li>\n<li><strong>Cl\u00f4ture:<\/strong> Fermeture \u00e0 boucle<\/li>\n<li><strong>R\u00e9sistance \u00e0 l&#039;eau\u00a0:<\/strong> 200 m\u00e8tres<\/li>\n<li><strong>Fonctions :<\/strong> Heure, date, chronom\u00e8tre, minuterie, 5 alarmes quotidiennes, lumi\u00e8re LED<\/li>\n<li><strong>Calendrier:<\/strong> Jour et date<\/li>\n<li><strong>Poids:<\/strong> 70g<\/li>\n<li><strong>Garantie:<\/strong> Garantie internationale 1 an<\/li>\n<\/ul>\n<p><a href=\"https:\/\/relogios-online.com\/\" target=\"_blank\" rel=\"noopener\">D\u00e9couvrez tous les produits Montres Homme sur relogios-online.com<\/a><\/p>","protected":false},"excerpt":{"rendered":"<p>\ud83d\ude9a\u00a0<strong>Options d&#039;exp\u00e9dition standard et express<\/strong>: Choisissez entre\u00a0<strong>Exp\u00e9dition standard mondiale<\/strong>\u00a0(15 \u00e0 21 jours ouvrables pour l&#039;Union europ\u00e9enne, 14 \u00e0 18 jours ouvrables pour les \u00c9tats-Unis et l&#039;Australie, 4 \u00e0 6 semaines pour le Br\u00e9sil et 3 \u00e0 6 semaines pour les autres pays) \u2013 le client peut \u00eatre responsable de la TVA et des frais de douane, si ils se produisent \u2013 ou\u00a0<strong>Exp\u00e9dition express (DHL\/FedEx)<\/strong>\u00a0dans\u00a0<strong>5 jours ouvrables<\/strong>\u00a0avec tous les frais d\u00e9j\u00e0 inclus dans le prix.<br \/>\nConsultez notre\u00a0<strong>Politique\u00a0<a href=\"https:\/\/relogios-online.com\/politica-de-envio\/\" target=\"_blank\" rel=\"noopener\">Politique d&#039;exp\u00e9dition<\/a>.<\/strong><\/p>\n<p>\ud83d\udd12\u00a0<strong>Assurance qualit\u00e9<\/strong>: Tous nos produits ont\u00a0<strong>Garantie 12 mois<\/strong>, garantissant qualit\u00e9 et satisfaction.<\/p>\n<p>\ud83d\udcde\u00a0<strong>Service client<\/strong>: Notre \u00e9quipe est toujours pr\u00eate \u00e0 vous accompagner \u00e0 chaque \u00e9tape de votre achat.<\/p>\n<p>\ud83d\udcb3\u00a0<strong>Paiement s\u00e9curis\u00e9<\/strong>: Nous proposons des options de paiement s\u00e9curis\u00e9es 100% pour garantir la protection de vos donn\u00e9es.<\/p>\n<p>\u2705\u00a0<strong>Produit original<\/strong>: Nous travaillons uniquement avec des montres originales de haute qualit\u00e9, directement issues des meilleures marques.<\/p>","protected":false},"featured_media":5843,"comment_status":"open","ping_status":"closed","template":"","meta":[],"product_brand":[],"product_cat":[175,59,56,20],"product_tag":[],"class_list":{"0":"post-5844","1":"product","2":"type-product","3":"status-publish","4":"has-post-thumbnail","6":"product_cat-casio","7":"product_cat-relogios-esportivos","8":"product_cat-relogios-homem","9":"product_cat-sem-categoria","11":"first","12":"instock","13":"sale","14":"shipping-taxable","15":"purchasable","16":"product-type-variable"},"jetpack_sharing_enabled":true,"_links":{"self":[{"href":"https:\/\/relogios-online.com\/fr\/wp-json\/wp\/v2\/product\/5844","targetHints":{"allow":["GET"]}}],"collection":[{"href":"https:\/\/relogios-online.com\/fr\/wp-json\/wp\/v2\/product"}],"about":[{"href":"https:\/\/relogios-online.com\/fr\/wp-json\/wp\/v2\/types\/product"}],"replies":[{"embeddable":true,"href":"https:\/\/relogios-online.com\/fr\/wp-json\/wp\/v2\/comments?post=5844"}],"version-history":[{"count":1,"href":"https:\/\/relogios-online.com\/fr\/wp-json\/wp\/v2\/product\/5844\/revisions"}],"predecessor-version":[{"id":9638,"href":"https:\/\/relogios-online.com\/fr\/wp-json\/wp\/v2\/product\/5844\/revisions\/9638"}],"wp:featuredmedia":[{"embeddable":true,"href":"https:\/\/relogios-online.com\/fr\/wp-json\/wp\/v2\/media\/5843"}],"wp:attachment":[{"href":"https:\/\/relogios-online.com\/fr\/wp-json\/wp\/v2\/media?parent=5844"}],"wp:term":[{"taxonomy":"product_brand","embeddable":true,"href":"https:\/\/relogios-online.com\/fr\/wp-json\/wp\/v2\/product_brand?post=5844"},{"taxonomy":"product_cat","embeddable":true,"href":"https:\/\/relogios-online.com\/fr\/wp-json\/wp\/v2\/product_cat?post=5844"},{"taxonomy":"product_tag","embeddable":true,"href":"https:\/\/relogios-online.com\/fr\/wp-json\/wp\/v2\/product_tag?post=5844"}],"curies":[{"name":"wp","href":"https:\/\/api.w.org\/{rel}","templated":true}]}}