{"id":5883,"date":"2024-09-26T23:44:49","date_gmt":"2024-09-26T23:44:49","guid":{"rendered":"https:\/\/relogios-online.com\/produto\/casio-baby-g-moon-and-star-series-analogico-digital-resin-strap-roxo-dial-quartz-bga-290ds-2a-100m-relogio-feminino\/"},"modified":"2024-09-26T23:45:25","modified_gmt":"2024-09-26T23:45:25","slug":"casio-baby-g-moon-and-star-series-analogico-digital-resin-strap-roxo-dial-quartz-bga-290ds-2a-100m-relogio-feminino","status":"publish","type":"product","link":"https:\/\/relogios-online.com\/fr\/produit\/montre-pour-femme-casio-baby-g-moon-and-star-series-analogique-numerique-bracelet-en-resine-cadran-violet-quartz-bga-290ds-2a-100m\/","title":{"rendered":"Casio Baby-G Moon And Star Series Bracelet en r\u00e9sine num\u00e9rique analogique Cadran violet Quartz BGA-290DS-2A 100M Montre pour femme"},"content":{"rendered":"<p>Caract\u00e9ristiques : Bo\u00eetier en r\u00e9sine Bracelet en r\u00e9sine Mouvement \u00e0 quartz Cristal min\u00e9ral Cadran violet Affichage num\u00e9rique analogique R\u00e9sistant aux chocs Heure mondiale Neobrite 31 fuseaux horaires Chronom\u00e8tre 1\/100 seconde Compte \u00e0 rebours 5 alarmes quotidiennes Signal horaire Double lumi\u00e8re LED Calendrier enti\u00e8rement automatique Tonalit\u00e9 de fonctionnement des boutons marche\/arr\u00eat 12\/24 Affichage des heures Aiguilles lumineuses Affichage du jour et de la date Fond viss\u00e9 Fermeture \u00e0 boucle R\u00e9sistance \u00e0 l&#039;eau \u00e0 100 m Diam\u00e8tre approximatif du bo\u00eetier : 41,5 mm \u00c9paisseur approximative du bo\u00eetier : 10,1 mm<\/p>","protected":false},"excerpt":{"rendered":"<p>Caract\u00e9ristiques : Bo\u00eetier en r\u00e9sine Bracelet en r\u00e9sine Mouvement \u00e0 quartz Cristal min\u00e9ral Cadran violet Affichage num\u00e9rique analogique R\u00e9sistant aux chocs<\/p>","protected":false},"featured_media":5882,"comment_status":"open","ping_status":"closed","template":"","meta":[],"product_brand":[],"product_cat":[20],"product_tag":[],"class_list":{"0":"post-5883","1":"product","2":"type-product","3":"status-publish","4":"has-post-thumbnail","6":"product_cat-sem-categoria","8":"first","9":"instock","10":"sale","11":"shipping-taxable","12":"purchasable","13":"product-type-variable"},"jetpack_sharing_enabled":true,"_links":{"self":[{"href":"https:\/\/relogios-online.com\/fr\/wp-json\/wp\/v2\/product\/5883","targetHints":{"allow":["GET"]}}],"collection":[{"href":"https:\/\/relogios-online.com\/fr\/wp-json\/wp\/v2\/product"}],"about":[{"href":"https:\/\/relogios-online.com\/fr\/wp-json\/wp\/v2\/types\/product"}],"replies":[{"embeddable":true,"href":"https:\/\/relogios-online.com\/fr\/wp-json\/wp\/v2\/comments?post=5883"}],"version-history":[{"count":0,"href":"https:\/\/relogios-online.com\/fr\/wp-json\/wp\/v2\/product\/5883\/revisions"}],"wp:featuredmedia":[{"embeddable":true,"href":"https:\/\/relogios-online.com\/fr\/wp-json\/wp\/v2\/media\/5882"}],"wp:attachment":[{"href":"https:\/\/relogios-online.com\/fr\/wp-json\/wp\/v2\/media?parent=5883"}],"wp:term":[{"taxonomy":"product_brand","embeddable":true,"href":"https:\/\/relogios-online.com\/fr\/wp-json\/wp\/v2\/product_brand?post=5883"},{"taxonomy":"product_cat","embeddable":true,"href":"https:\/\/relogios-online.com\/fr\/wp-json\/wp\/v2\/product_cat?post=5883"},{"taxonomy":"product_tag","embeddable":true,"href":"https:\/\/relogios-online.com\/fr\/wp-json\/wp\/v2\/product_tag?post=5883"}],"curies":[{"name":"wp","href":"https:\/\/api.w.org\/{rel}","templated":true}]}}