{"id":5900,"date":"2024-09-26T23:46:31","date_gmt":"2024-09-26T23:46:31","guid":{"rendered":"https:\/\/relogios-online.com\/produto\/casio-baby-g-analogico-digital-resina-pulseira-mostrador-azul-quartzo-bga-280dn-2a-100m-relogio-feminino\/"},"modified":"2024-09-26T23:54:00","modified_gmt":"2024-09-26T23:54:00","slug":"casio-baby-g-analogico-digital-resina-pulseira-mostrador-azul-quartzo-bga-280dn-2a-100m-relogio-feminino","status":"publish","type":"product","link":"https:\/\/relogios-online.com\/fr\/produit\/casio-baby-g-bracelet-en-resine-numerique-analogique-cadran-bleu-quartz-bga-280dn-2a-100m-relogio-feminino\/","title":{"rendered":"Montre pour femme Casio Baby-G analogique num\u00e9rique en r\u00e9sine avec cadran bleu \u00e0 quartz BGA-280DN-2A 100M"},"content":{"rendered":"<p>Caract\u00e9ristiques : Bo\u00eetier en r\u00e9sine Bracelet en r\u00e9sine Mouvement \u00e0 quartz Cristal min\u00e9ral Cadran bleu Affichage analogique num\u00e9rique R\u00e9sistant aux chocs Heure mondiale Neobrite Chronom\u00e8tre 1 seconde 5 alarmes quotidiennes Signal horaire Lumi\u00e8re LED Calendrier enti\u00e8rement automatique Affichage 12\/24 heures Aiguilles lumineuses jour et date Couvercle arri\u00e8re viss\u00e9 Boucle fermeture R\u00e9sistance \u00e0 l&#039;eau 100M Diam\u00e8tre approximatif du bo\u00eetier : 43,40 mm \u00c9paisseur approximative du bo\u00eetier : 14,80 mm<\/p>","protected":false},"excerpt":{"rendered":"<p>Caract\u00e9ristiques : Bo\u00eetier en r\u00e9sine Bracelet en r\u00e9sine Mouvement \u00e0 quartz Cristal min\u00e9ral Cadran bleu Affichage analogique num\u00e9rique R\u00e9sistant aux chocs<\/p>","protected":false},"featured_media":5899,"comment_status":"open","ping_status":"closed","template":"","meta":[],"product_brand":[],"product_cat":[20],"product_tag":[],"class_list":{"0":"post-5900","1":"product","2":"type-product","3":"status-publish","4":"has-post-thumbnail","6":"product_cat-sem-categoria","8":"first","9":"instock","10":"sale","11":"shipping-taxable","12":"purchasable","13":"product-type-variable"},"jetpack_sharing_enabled":true,"_links":{"self":[{"href":"https:\/\/relogios-online.com\/fr\/wp-json\/wp\/v2\/product\/5900","targetHints":{"allow":["GET"]}}],"collection":[{"href":"https:\/\/relogios-online.com\/fr\/wp-json\/wp\/v2\/product"}],"about":[{"href":"https:\/\/relogios-online.com\/fr\/wp-json\/wp\/v2\/types\/product"}],"replies":[{"embeddable":true,"href":"https:\/\/relogios-online.com\/fr\/wp-json\/wp\/v2\/comments?post=5900"}],"version-history":[{"count":0,"href":"https:\/\/relogios-online.com\/fr\/wp-json\/wp\/v2\/product\/5900\/revisions"}],"wp:featuredmedia":[{"embeddable":true,"href":"https:\/\/relogios-online.com\/fr\/wp-json\/wp\/v2\/media\/5899"}],"wp:attachment":[{"href":"https:\/\/relogios-online.com\/fr\/wp-json\/wp\/v2\/media?parent=5900"}],"wp:term":[{"taxonomy":"product_brand","embeddable":true,"href":"https:\/\/relogios-online.com\/fr\/wp-json\/wp\/v2\/product_brand?post=5900"},{"taxonomy":"product_cat","embeddable":true,"href":"https:\/\/relogios-online.com\/fr\/wp-json\/wp\/v2\/product_cat?post=5900"},{"taxonomy":"product_tag","embeddable":true,"href":"https:\/\/relogios-online.com\/fr\/wp-json\/wp\/v2\/product_tag?post=5900"}],"curies":[{"name":"wp","href":"https:\/\/api.w.org\/{rel}","templated":true}]}}