{"id":5923,"date":"2024-09-27T00:05:55","date_gmt":"2024-09-27T00:05:55","guid":{"rendered":"https:\/\/relogios-online.com\/produto\/relogio-feminino-analogico-baby-g-casio-baby-g-com-quartzo-metalico-ba-110xpm-6a-ba110xpm-6-100m\/"},"modified":"2024-09-27T00:19:47","modified_gmt":"2024-09-27T00:19:47","slug":"relogio-feminino-analogico-baby-g-casio-baby-g-com-quartzo-metalico-ba-110xpm-6a-ba110xpm-6-100m","status":"publish","type":"product","link":"https:\/\/relogios-online.com\/fr\/produit\/casio-baby-g-montre-analogique-pour-femme-avec-quartz-metallique-ba-110xpm-6a-ba110xpm-6-100m\/","title":{"rendered":"Montre analogique \u00e0 quartz m\u00e9tallique Baby-G Casio Baby-G BA-110XPM-6A BA110XPM-6 100M pour femme"},"content":{"rendered":"<p>Caract\u00e9ristiques : Bo\u00eetier en r\u00e9sine Bracelet en r\u00e9sine Mouvement \u00e0 quartz Calibre : 5338 Cristal min\u00e9ral Cadran blanc Affichage num\u00e9rique analogique r\u00e9sistant aux chocs en n\u00e9obrite Lumi\u00e8re LED Heure mondiale Chronom\u00e8tre 1\/100 seconde Compte \u00e0 rebours 5 alarmes quotidiennes Carillon horaire Calendrier enti\u00e8rement automatique Bouton de tonalit\u00e9 de fonctionnement marche\/arr\u00eat Chronom\u00e9trage r\u00e9gulier 12 \/Affichage 24 heures Aiguilles lumineuses Affichage du jour, de la date et du mois Fond viss\u00e9 Fermeture \u00e0 boucle R\u00e9sistance \u00e0 l&#039;eau 100 m Diam\u00e8tre approximatif du bo\u00eetier : 43,4 mm \u00c9paisseur approximative du bo\u00eetier : 15,8 mm Largeur approximative des cornes : 14 mm<\/p>","protected":false},"excerpt":{"rendered":"<p>Caracter\u00edsticas: Estojo de Resina Correia de resina movimento de quartzo Calibre: 5338 Cristal mineral mostrador branco Visor digital anal\u00f3gico resistente<\/p>","protected":false},"featured_media":5922,"comment_status":"open","ping_status":"closed","template":"","meta":[],"product_brand":[],"product_cat":[20],"product_tag":[],"class_list":{"0":"post-5923","1":"product","2":"type-product","3":"status-publish","4":"has-post-thumbnail","6":"product_cat-sem-categoria","8":"first","9":"instock","10":"sale","11":"shipping-taxable","12":"purchasable","13":"product-type-variable"},"jetpack_sharing_enabled":true,"_links":{"self":[{"href":"https:\/\/relogios-online.com\/fr\/wp-json\/wp\/v2\/product\/5923","targetHints":{"allow":["GET"]}}],"collection":[{"href":"https:\/\/relogios-online.com\/fr\/wp-json\/wp\/v2\/product"}],"about":[{"href":"https:\/\/relogios-online.com\/fr\/wp-json\/wp\/v2\/types\/product"}],"replies":[{"embeddable":true,"href":"https:\/\/relogios-online.com\/fr\/wp-json\/wp\/v2\/comments?post=5923"}],"version-history":[{"count":0,"href":"https:\/\/relogios-online.com\/fr\/wp-json\/wp\/v2\/product\/5923\/revisions"}],"wp:featuredmedia":[{"embeddable":true,"href":"https:\/\/relogios-online.com\/fr\/wp-json\/wp\/v2\/media\/5922"}],"wp:attachment":[{"href":"https:\/\/relogios-online.com\/fr\/wp-json\/wp\/v2\/media?parent=5923"}],"wp:term":[{"taxonomy":"product_brand","embeddable":true,"href":"https:\/\/relogios-online.com\/fr\/wp-json\/wp\/v2\/product_brand?post=5923"},{"taxonomy":"product_cat","embeddable":true,"href":"https:\/\/relogios-online.com\/fr\/wp-json\/wp\/v2\/product_cat?post=5923"},{"taxonomy":"product_tag","embeddable":true,"href":"https:\/\/relogios-online.com\/fr\/wp-json\/wp\/v2\/product_tag?post=5923"}],"curies":[{"name":"wp","href":"https:\/\/api.w.org\/{rel}","templated":true}]}}