{"id":5935,"date":"2024-09-27T00:19:57","date_gmt":"2024-09-27T00:19:57","guid":{"rendered":"https:\/\/relogios-online.com\/produto\/relogio-feminino-casio-baby-g-digital-com-pulseira-de-resina-branca-quartzo-bgd-565sc-4-100m\/"},"modified":"2024-09-27T00:20:59","modified_gmt":"2024-09-27T00:20:59","slug":"relogio-feminino-casio-baby-g-digital-com-pulseira-de-resina-branca-quartzo-bgd-565sc-4-100m","status":"publish","type":"product","link":"https:\/\/relogios-online.com\/fr\/produit\/casio-baby-g-montre-numerique-pour-femme-avec-bracelet-en-resine-blanche-quartz-bgd-565sc-4-100m\/","title":{"rendered":"Montre pour femme Casio Baby-G num\u00e9rique avec bracelet en r\u00e9sine blanche et quartz BGD-565SC-4 100M"},"content":{"rendered":"<p>Caract\u00e9ristiques : Bo\u00eetier en r\u00e9sine Bracelet en r\u00e9sine Mouvement \u00e0 quartz Cristal min\u00e9ral Cadran beige \u00c9cran num\u00e9rique R\u00e9sistant aux chocs Chronom\u00e8tre 1\/100 seconde Compte \u00e0 rebours Alarme multifonctionnelle Signal horaire Alerte flash R\u00e9tro-\u00e9clairage LED Calendrier enti\u00e8rement automatique Chronom\u00e9trage r\u00e9gulier Affichage de l&#039;heure 12\/24 heures Affichage du mois, du jour et de la date Vis bo\u00eetier arri\u00e8re Fermeture \u00e0 boucle R\u00e9sistance \u00e0 l&#039;eau \u00e0 100 m Diam\u00e8tre approximatif du bo\u00eetier : 37,9 mm \u00c9paisseur approximative du bo\u00eetier : 11,3 mm<\/p>","protected":false},"excerpt":{"rendered":"<p>Caracter\u00edsticas: Estojo de resina Pulseira de resina Movimento de Quartzo Cristal mineral Mostrador Bege Tela digital Resistente a choques Cron\u00f4metro<\/p>","protected":false},"featured_media":5934,"comment_status":"open","ping_status":"closed","template":"","meta":[],"product_brand":[],"product_cat":[20],"product_tag":[],"class_list":{"0":"post-5935","1":"product","2":"type-product","3":"status-publish","4":"has-post-thumbnail","6":"product_cat-sem-categoria","8":"first","9":"instock","10":"sale","11":"shipping-taxable","12":"purchasable","13":"product-type-variable"},"jetpack_sharing_enabled":true,"_links":{"self":[{"href":"https:\/\/relogios-online.com\/fr\/wp-json\/wp\/v2\/product\/5935","targetHints":{"allow":["GET"]}}],"collection":[{"href":"https:\/\/relogios-online.com\/fr\/wp-json\/wp\/v2\/product"}],"about":[{"href":"https:\/\/relogios-online.com\/fr\/wp-json\/wp\/v2\/types\/product"}],"replies":[{"embeddable":true,"href":"https:\/\/relogios-online.com\/fr\/wp-json\/wp\/v2\/comments?post=5935"}],"version-history":[{"count":0,"href":"https:\/\/relogios-online.com\/fr\/wp-json\/wp\/v2\/product\/5935\/revisions"}],"wp:featuredmedia":[{"embeddable":true,"href":"https:\/\/relogios-online.com\/fr\/wp-json\/wp\/v2\/media\/5934"}],"wp:attachment":[{"href":"https:\/\/relogios-online.com\/fr\/wp-json\/wp\/v2\/media?parent=5935"}],"wp:term":[{"taxonomy":"product_brand","embeddable":true,"href":"https:\/\/relogios-online.com\/fr\/wp-json\/wp\/v2\/product_brand?post=5935"},{"taxonomy":"product_cat","embeddable":true,"href":"https:\/\/relogios-online.com\/fr\/wp-json\/wp\/v2\/product_cat?post=5935"},{"taxonomy":"product_tag","embeddable":true,"href":"https:\/\/relogios-online.com\/fr\/wp-json\/wp\/v2\/product_tag?post=5935"}],"curies":[{"name":"wp","href":"https:\/\/api.w.org\/{rel}","templated":true}]}}