{"id":5944,"date":"2024-09-27T00:21:11","date_gmt":"2024-09-27T00:21:11","guid":{"rendered":"https:\/\/relogios-online.com\/produto\/casio-baby-g-analogico-digital-undersea-world-resin-strap-laranja-mostrador-quartzo-bga-290us-4a-100m-relogio-feminino\/"},"modified":"2024-09-27T00:21:46","modified_gmt":"2024-09-27T00:21:46","slug":"casio-baby-g-analogico-digital-undersea-world-resin-strap-laranja-mostrador-quartzo-bga-290us-4a-100m-relogio-feminino","status":"publish","type":"product","link":"https:\/\/relogios-online.com\/fr\/produit\/montre-pour-femme-casio-baby-g-analogique-numerique-monde-sous-marin-bracelet-en-resine-cadran-orange-quartz-bga-290us-4a-100m\/","title":{"rendered":"Montre pour femme Casio Baby-G analogique num\u00e9rique monde sous-marin bracelet en r\u00e9sine cadran orange Quartz BGA-290US-4A 100M"},"content":{"rendered":"<p>Caract\u00e9ristiques : Bo\u00eetier en r\u00e9sine Bracelet en r\u00e9sine Mouvement \u00e0 quartz Cristal min\u00e9ral Cadran orange Affichage num\u00e9rique analogique R\u00e9sistant aux chocs Heure mondiale Neobrite 5 alarmes quotidiennes Signal horaire Chronom\u00e8tre 1\/100 seconde Compte \u00e0 rebours Double lumi\u00e8re LED Fonctionnement du bouton de calendrier enti\u00e8rement automatique marche\/arr\u00eat Fonction de changement d&#039;aiguille Chronom\u00e9trage r\u00e9gulier 12\/ Affichage 24 heures Aiguilles lumineuses Affichage du mois, du jour et de la date Fond viss\u00e9 Fermeture \u00e0 boucle R\u00e9sistance \u00e0 l&#039;eau \u00e0 100 m Diam\u00e8tre approximatif du bo\u00eetier : 41,50 mm \u00c9paisseur largeur approximative de la bo\u00eete : 10,10 mm Largeur approximative des entrecornes : 20,00 mm<\/p>","protected":false},"excerpt":{"rendered":"<p>Caract\u00e9ristiques : Bo\u00eetier en r\u00e9sine Bracelet en r\u00e9sine Mouvement \u00e0 quartz Verre min\u00e9ral Cadran orange Affichage num\u00e9rique analogique R\u00e9sistant aux chocs<\/p>","protected":false},"featured_media":5943,"comment_status":"open","ping_status":"closed","template":"","meta":[],"product_brand":[],"product_cat":[20],"product_tag":[],"class_list":{"0":"post-5944","1":"product","2":"type-product","3":"status-publish","4":"has-post-thumbnail","6":"product_cat-sem-categoria","8":"first","9":"instock","10":"sale","11":"shipping-taxable","12":"purchasable","13":"product-type-variable"},"jetpack_sharing_enabled":true,"_links":{"self":[{"href":"https:\/\/relogios-online.com\/fr\/wp-json\/wp\/v2\/product\/5944","targetHints":{"allow":["GET"]}}],"collection":[{"href":"https:\/\/relogios-online.com\/fr\/wp-json\/wp\/v2\/product"}],"about":[{"href":"https:\/\/relogios-online.com\/fr\/wp-json\/wp\/v2\/types\/product"}],"replies":[{"embeddable":true,"href":"https:\/\/relogios-online.com\/fr\/wp-json\/wp\/v2\/comments?post=5944"}],"version-history":[{"count":0,"href":"https:\/\/relogios-online.com\/fr\/wp-json\/wp\/v2\/product\/5944\/revisions"}],"wp:featuredmedia":[{"embeddable":true,"href":"https:\/\/relogios-online.com\/fr\/wp-json\/wp\/v2\/media\/5943"}],"wp:attachment":[{"href":"https:\/\/relogios-online.com\/fr\/wp-json\/wp\/v2\/media?parent=5944"}],"wp:term":[{"taxonomy":"product_brand","embeddable":true,"href":"https:\/\/relogios-online.com\/fr\/wp-json\/wp\/v2\/product_brand?post=5944"},{"taxonomy":"product_cat","embeddable":true,"href":"https:\/\/relogios-online.com\/fr\/wp-json\/wp\/v2\/product_cat?post=5944"},{"taxonomy":"product_tag","embeddable":true,"href":"https:\/\/relogios-online.com\/fr\/wp-json\/wp\/v2\/product_tag?post=5944"}],"curies":[{"name":"wp","href":"https:\/\/api.w.org\/{rel}","templated":true}]}}