{"id":5976,"date":"2024-09-27T00:26:22","date_gmt":"2024-09-27T00:26:22","guid":{"rendered":"https:\/\/relogios-online.com\/produto\/casio-baby-g-especial-cor-analogico-digital-ba-130cvg-7a-ba130cvg-7-100m-relogio-feminino\/"},"modified":"2024-09-27T00:26:52","modified_gmt":"2024-09-27T00:26:52","slug":"casio-baby-g-especial-cor-analogico-digital-ba-130cvg-7a-ba130cvg-7-100m-relogio-feminino","status":"publish","type":"product","link":"https:\/\/relogios-online.com\/fr\/produit\/casio-baby-g-couleur-speciale-analogique-numerique-ba-130cvg-7a-ba130cvg-7-100m-montre-pour-femme\/","title":{"rendered":"Montre pour femme Casio Baby-G Special Color Analog Digital BA-130CVG-7A BA130CVG-7 100M"},"content":{"rendered":"<p>Caract\u00e9ristiques : Bo\u00eetier en r\u00e9sine Bracelet en r\u00e9sine Cadran en cristal min\u00e9ral dor\u00e9 Affichage analogique num\u00e9rique Neobrite R\u00e9sistant aux chocs Lumi\u00e8re LED Heure mondiale Chronom\u00e8tre 1\/100 seconde Compte \u00e0 rebours Alarmes Signal horaire Calendrier complet automatique Aiguilles lumineuses Affichage du jour et de la date Affichage 12\/24 heures Bo\u00eetier viss\u00e9 Fermoir \u00e0 boucle R\u00e9sistance \u00e0 l&#039;eau \u00e0 100 m Diam\u00e8tre approximatif du bo\u00eetier : 46 mm \u00c9paisseur approximative du bo\u00eetier : 16 mm Largeur approximative des entre-cornes : 14 mm<\/p>","protected":false},"excerpt":{"rendered":"<p>Recursos: Estojo de resina Correia de resina Cristal mineral Gold Tone Dial Display anal\u00f3gico digital Neobrite Resistente ao choque Luz<\/p>","protected":false},"featured_media":5975,"comment_status":"open","ping_status":"closed","template":"","meta":[],"product_brand":[],"product_cat":[20],"product_tag":[],"class_list":{"0":"post-5976","1":"product","2":"type-product","3":"status-publish","4":"has-post-thumbnail","6":"product_cat-sem-categoria","8":"first","9":"instock","10":"sale","11":"shipping-taxable","12":"purchasable","13":"product-type-variable"},"jetpack_sharing_enabled":true,"_links":{"self":[{"href":"https:\/\/relogios-online.com\/fr\/wp-json\/wp\/v2\/product\/5976","targetHints":{"allow":["GET"]}}],"collection":[{"href":"https:\/\/relogios-online.com\/fr\/wp-json\/wp\/v2\/product"}],"about":[{"href":"https:\/\/relogios-online.com\/fr\/wp-json\/wp\/v2\/types\/product"}],"replies":[{"embeddable":true,"href":"https:\/\/relogios-online.com\/fr\/wp-json\/wp\/v2\/comments?post=5976"}],"version-history":[{"count":0,"href":"https:\/\/relogios-online.com\/fr\/wp-json\/wp\/v2\/product\/5976\/revisions"}],"wp:featuredmedia":[{"embeddable":true,"href":"https:\/\/relogios-online.com\/fr\/wp-json\/wp\/v2\/media\/5975"}],"wp:attachment":[{"href":"https:\/\/relogios-online.com\/fr\/wp-json\/wp\/v2\/media?parent=5976"}],"wp:term":[{"taxonomy":"product_brand","embeddable":true,"href":"https:\/\/relogios-online.com\/fr\/wp-json\/wp\/v2\/product_brand?post=5976"},{"taxonomy":"product_cat","embeddable":true,"href":"https:\/\/relogios-online.com\/fr\/wp-json\/wp\/v2\/product_cat?post=5976"},{"taxonomy":"product_tag","embeddable":true,"href":"https:\/\/relogios-online.com\/fr\/wp-json\/wp\/v2\/product_tag?post=5976"}],"curies":[{"name":"wp","href":"https:\/\/api.w.org\/{rel}","templated":true}]}}