{"id":5989,"date":"2024-09-27T00:27:18","date_gmt":"2024-09-27T00:27:18","guid":{"rendered":"https:\/\/relogios-online.com\/produto\/relogio-feminino-casio-baby-g-analogico-digital-com-mostrador-branco-quartzo-ba-110xrg-4a-100m\/"},"modified":"2024-09-27T00:33:42","modified_gmt":"2024-09-27T00:33:42","slug":"relogio-feminino-casio-baby-g-analogico-digital-com-mostrador-branco-quartzo-ba-110xrg-4a-100m","status":"publish","type":"product","link":"https:\/\/relogios-online.com\/fr\/produit\/casio-baby-g-montre-femme-analogique-numerique-avec-cadran-blanc-quartz-ba-110xrg-4a-100m\/","title":{"rendered":"Montre Casio Baby-G analogique num\u00e9rique \u00e0 cadran blanc \u00e0 quartz BA-110XRG-4A 100M pour femme"},"content":{"rendered":"<p>Caract\u00e9ristiques : Bo\u00eetier en r\u00e9sine Bracelet en r\u00e9sine Mouvement \u00e0 quartz Calibre : 5338 Cristal min\u00e9ral Cadran blanc Affichage num\u00e9rique analogique Heure mondiale R\u00e9sistant aux chocs Neobrite Chronom\u00e8tre 1\/100 seconde Compte \u00e0 rebours 5 alarmes quotidiennes Signal horaire Lumi\u00e8re LED Calendrier enti\u00e8rement automatique Tonalit\u00e9 de fonctionnement des boutons marche\/arr\u00eat Chronom\u00e9trage r\u00e9gulier 12\/ Affichage 24 heures Aiguilles lumineuses Affichage du mois, du jour et de la date Fond viss\u00e9 Fermeture \u00e0 boucle R\u00e9sistance \u00e0 l&#039;eau \u00e0 100 m Diam\u00e8tre approximatif du bo\u00eetier : 43,4 mm \u00c9paisseur approximative du bo\u00eetier : 15,8 mm Largeur approximative du cordon : 14 mm<\/p>","protected":false},"excerpt":{"rendered":"<p>Caract\u00e9ristiques : Bo\u00eetier en r\u00e9sine Bracelet en r\u00e9sine Mouvement \u00e0 quartz Calibre : 5338 Cristal min\u00e9ral Cadran blanc Affichage num\u00e9rique de l&#039;heure analogique<\/p>","protected":false},"featured_media":5988,"comment_status":"open","ping_status":"closed","template":"","meta":[],"product_brand":[],"product_cat":[20],"product_tag":[],"class_list":{"0":"post-5989","1":"product","2":"type-product","3":"status-publish","4":"has-post-thumbnail","6":"product_cat-sem-categoria","8":"first","9":"instock","10":"sale","11":"shipping-taxable","12":"purchasable","13":"product-type-variable"},"jetpack_sharing_enabled":true,"_links":{"self":[{"href":"https:\/\/relogios-online.com\/fr\/wp-json\/wp\/v2\/product\/5989","targetHints":{"allow":["GET"]}}],"collection":[{"href":"https:\/\/relogios-online.com\/fr\/wp-json\/wp\/v2\/product"}],"about":[{"href":"https:\/\/relogios-online.com\/fr\/wp-json\/wp\/v2\/types\/product"}],"replies":[{"embeddable":true,"href":"https:\/\/relogios-online.com\/fr\/wp-json\/wp\/v2\/comments?post=5989"}],"version-history":[{"count":0,"href":"https:\/\/relogios-online.com\/fr\/wp-json\/wp\/v2\/product\/5989\/revisions"}],"wp:featuredmedia":[{"embeddable":true,"href":"https:\/\/relogios-online.com\/fr\/wp-json\/wp\/v2\/media\/5988"}],"wp:attachment":[{"href":"https:\/\/relogios-online.com\/fr\/wp-json\/wp\/v2\/media?parent=5989"}],"wp:term":[{"taxonomy":"product_brand","embeddable":true,"href":"https:\/\/relogios-online.com\/fr\/wp-json\/wp\/v2\/product_brand?post=5989"},{"taxonomy":"product_cat","embeddable":true,"href":"https:\/\/relogios-online.com\/fr\/wp-json\/wp\/v2\/product_cat?post=5989"},{"taxonomy":"product_tag","embeddable":true,"href":"https:\/\/relogios-online.com\/fr\/wp-json\/wp\/v2\/product_tag?post=5989"}],"curies":[{"name":"wp","href":"https:\/\/api.w.org\/{rel}","templated":true}]}}