{"id":6018,"date":"2024-09-27T00:35:58","date_gmt":"2024-09-27T00:35:58","guid":{"rendered":"https:\/\/relogios-online.com\/produto\/relogio-feminino-casio-g-shock-gma-analogico-digital-quartzo-gma-s120gs-8a-gmas120gs-8-200m\/"},"modified":"2024-09-27T00:36:46","modified_gmt":"2024-09-27T00:36:46","slug":"relogio-feminino-casio-g-shock-gma-analogico-digital-quartzo-gma-s120gs-8a-gmas120gs-8-200m","status":"publish","type":"product","link":"https:\/\/relogios-online.com\/fr\/produit\/montre-pour-femme-casio-g-shock-gma-analogique-numerique-a-quartz-gma-s120gs-8a-gma120gs-8-200-m\/","title":{"rendered":"Montre pour femme Casio G-Shock GMA \u00e0 quartz analogique num\u00e9rique GMA-S120GS-8A GMAS120GS-8 200M"},"content":{"rendered":"<p>Caract\u00e9ristiques : Bo\u00eetier en r\u00e9sine Bracelet en r\u00e9sine Mouvement \u00e0 quartz Cristal min\u00e9ral Cadran dor\u00e9 Affichage analogique num\u00e9rique N\u00e9obrite R\u00e9sistant aux chocs R\u00e9sistant magn\u00e9tique Heure mondiale Lumi\u00e8re LED Chronom\u00e8tre 1\/1000 seconde Compte \u00e0 rebours 5 alarmes quotidiennes Carillon horaire Calendrier enti\u00e8rement automatique Affichage 12\/12 Heure r\u00e9guli\u00e8re 24 heures Jour et affichage de la date Fond du bo\u00eetier viss\u00e9 Fermeture \u00e0 boucle R\u00e9sistance \u00e0 l&#039;eau \u00e0 200 m Diam\u00e8tre approximatif du bo\u00eetier : 45,9 mm \u00c9paisseur approximative du bo\u00eetier : 15,8 mm<\/p>","protected":false},"excerpt":{"rendered":"<p>Caract\u00e9ristiques : Bo\u00eetier en r\u00e9sine Bracelet en r\u00e9sine Mouvement \u00e0 quartz Cristal min\u00e9ral Cadran dor\u00e9 Affichage num\u00e9rique analogique Neobrite R\u00e9sistant aux intemp\u00e9ries<\/p>","protected":false},"featured_media":6017,"comment_status":"open","ping_status":"closed","template":"","meta":[],"product_brand":[],"product_cat":[20],"product_tag":[],"class_list":{"0":"post-6018","1":"product","2":"type-product","3":"status-publish","4":"has-post-thumbnail","6":"product_cat-sem-categoria","8":"first","9":"instock","10":"sale","11":"shipping-taxable","12":"purchasable","13":"product-type-variable"},"jetpack_sharing_enabled":true,"_links":{"self":[{"href":"https:\/\/relogios-online.com\/fr\/wp-json\/wp\/v2\/product\/6018","targetHints":{"allow":["GET"]}}],"collection":[{"href":"https:\/\/relogios-online.com\/fr\/wp-json\/wp\/v2\/product"}],"about":[{"href":"https:\/\/relogios-online.com\/fr\/wp-json\/wp\/v2\/types\/product"}],"replies":[{"embeddable":true,"href":"https:\/\/relogios-online.com\/fr\/wp-json\/wp\/v2\/comments?post=6018"}],"version-history":[{"count":0,"href":"https:\/\/relogios-online.com\/fr\/wp-json\/wp\/v2\/product\/6018\/revisions"}],"wp:featuredmedia":[{"embeddable":true,"href":"https:\/\/relogios-online.com\/fr\/wp-json\/wp\/v2\/media\/6017"}],"wp:attachment":[{"href":"https:\/\/relogios-online.com\/fr\/wp-json\/wp\/v2\/media?parent=6018"}],"wp:term":[{"taxonomy":"product_brand","embeddable":true,"href":"https:\/\/relogios-online.com\/fr\/wp-json\/wp\/v2\/product_brand?post=6018"},{"taxonomy":"product_cat","embeddable":true,"href":"https:\/\/relogios-online.com\/fr\/wp-json\/wp\/v2\/product_cat?post=6018"},{"taxonomy":"product_tag","embeddable":true,"href":"https:\/\/relogios-online.com\/fr\/wp-json\/wp\/v2\/product_tag?post=6018"}],"curies":[{"name":"wp","href":"https:\/\/api.w.org\/{rel}","templated":true}]}}