{"id":6026,"date":"2024-09-27T00:37:17","date_gmt":"2024-09-27T00:37:17","guid":{"rendered":"https:\/\/relogios-online.com\/produto\/relogio-feminino-casio-g-shock-natures-color-series-analogico-digital-mostrador-amarelo-quartzo-gma-s2100nc-4a-200m\/"},"modified":"2024-09-27T00:38:18","modified_gmt":"2024-09-27T00:38:18","slug":"relogio-feminino-casio-g-shock-natures-color-series-analogico-digital-mostrador-amarelo-quartzo-gma-s2100nc-4a-200m","status":"publish","type":"product","link":"https:\/\/relogios-online.com\/fr\/produit\/montre-pour-femme-casio-g-shock-natures-color-series-analogique-numerique-cadran-jaune-a-quartz-gma-s2100nc-4a-200m\/","title":{"rendered":"Montre pour femme Casio G-Shock Nature&#039;s Color Series analogique num\u00e9rique avec cadran jaune \u00e0 quartz GMA-S2100NC-4A 200M"},"content":{"rendered":"<p>Caract\u00e9ristiques : Bo\u00eetier en composite de carbone Bracelet en r\u00e9sine biosourc\u00e9e Mouvement \u00e0 quartz Cristal min\u00e9ral Cadran jaune Affichage num\u00e9rique analogique R\u00e9sistant aux chocs Noyau en carbone Neobrite Structure de protection Heure mondiale Chronom\u00e8tre 1\/100 seconde Compte \u00e0 rebours 5 alarmes quotidiennes Double lumi\u00e8re LED horaire Calendrier enti\u00e8rement automatique Fonctionnement des boutons tonalit\u00e9 allum\u00e9e\/ Fonction de changement d&#039;aiguille Chronom\u00e9trage r\u00e9gulier Affichage 12\/24 heures Aiguilles lumineuses Affichage du mois, du jour et de la date Fond viss\u00e9 Fermeture \u00e0 boucle R\u00e9sistance \u00e0 l&#039;eau 200 m Diam\u00e8tre approximatif du bo\u00eetier : 42,9 mm \u00c9paisseur approximative du bo\u00eetier : 11,2 mm<\/p>","protected":false},"excerpt":{"rendered":"<p>Caract\u00e9ristiques : Bo\u00eetier en composite de carbone Bracelet en r\u00e9sine biosourc\u00e9e Mouvement \u00e0 quartz Verre min\u00e9ral Cadran jaune Affichage num\u00e9rique<\/p>","protected":false},"featured_media":6025,"comment_status":"open","ping_status":"closed","template":"","meta":[],"product_brand":[],"product_cat":[20],"product_tag":[],"class_list":{"0":"post-6026","1":"product","2":"type-product","3":"status-publish","4":"has-post-thumbnail","6":"product_cat-sem-categoria","8":"first","9":"instock","10":"sale","11":"shipping-taxable","12":"purchasable","13":"product-type-variable"},"jetpack_sharing_enabled":true,"_links":{"self":[{"href":"https:\/\/relogios-online.com\/fr\/wp-json\/wp\/v2\/product\/6026","targetHints":{"allow":["GET"]}}],"collection":[{"href":"https:\/\/relogios-online.com\/fr\/wp-json\/wp\/v2\/product"}],"about":[{"href":"https:\/\/relogios-online.com\/fr\/wp-json\/wp\/v2\/types\/product"}],"replies":[{"embeddable":true,"href":"https:\/\/relogios-online.com\/fr\/wp-json\/wp\/v2\/comments?post=6026"}],"version-history":[{"count":0,"href":"https:\/\/relogios-online.com\/fr\/wp-json\/wp\/v2\/product\/6026\/revisions"}],"wp:featuredmedia":[{"embeddable":true,"href":"https:\/\/relogios-online.com\/fr\/wp-json\/wp\/v2\/media\/6025"}],"wp:attachment":[{"href":"https:\/\/relogios-online.com\/fr\/wp-json\/wp\/v2\/media?parent=6026"}],"wp:term":[{"taxonomy":"product_brand","embeddable":true,"href":"https:\/\/relogios-online.com\/fr\/wp-json\/wp\/v2\/product_brand?post=6026"},{"taxonomy":"product_cat","embeddable":true,"href":"https:\/\/relogios-online.com\/fr\/wp-json\/wp\/v2\/product_cat?post=6026"},{"taxonomy":"product_tag","embeddable":true,"href":"https:\/\/relogios-online.com\/fr\/wp-json\/wp\/v2\/product_tag?post=6026"}],"curies":[{"name":"wp","href":"https:\/\/api.w.org\/{rel}","templated":true}]}}