{"id":6050,"date":"2024-09-27T00:40:22","date_gmt":"2024-09-27T00:40:22","guid":{"rendered":"https:\/\/relogios-online.com\/produto\/relogio-feminino-casio-g-shock-cinza-translucido-analogico-digital-quartzo-gma-s120tb-8a-200m\/"},"modified":"2024-09-27T00:46:10","modified_gmt":"2024-09-27T00:46:10","slug":"relogio-feminino-casio-g-shock-cinza-translucido-analogico-digital-quartzo-gma-s120tb-8a-200m","status":"publish","type":"product","link":"https:\/\/relogios-online.com\/fr\/produit\/montre-pour-femme-casio-g-shock-gris-translucide-analogique-a-quartz-numerique-gma-s120tb-8a-200-m\/","title":{"rendered":"Montre Casio G-Shock gris translucide analogique num\u00e9rique \u00e0 quartz GMA-S120TB-8A 200M pour femme"},"content":{"rendered":"<p>Caract\u00e9ristiques : Bo\u00eetier en r\u00e9sine Bracelet en r\u00e9sine Mouvement \u00e0 quartz Calibre : 5518 Verre min\u00e9ral Cadran bleu Affichage num\u00e9rique analogique r\u00e9sistant aux chocs N\u00e9obrite magn\u00e9tique r\u00e9sistant Heure mondiale Chronom\u00e8tre 1\/1000 seconde Compte \u00e0 rebours 5 alarmes quotidiennes Lumi\u00e8re LED Calendrier enti\u00e8rement automatique Affichage 12 pouces \/ Aiguilles lumineuses 24 heures Affichage du mois, du jour et de la date Fond du bo\u00eetier viss\u00e9 Fermeture \u00e0 boucle R\u00e9sistance \u00e0 l&#039;eau \u00e0 200 m Diam\u00e8tre approximatif du bo\u00eetier : 45,9 mm \u00c9paisseur approximative du bo\u00eetier : 15,8 mm Largeur approximative de l&#039;entre-corne : 16 mm<\/p>","protected":false},"excerpt":{"rendered":"<p>Caracter\u00edsticas: Estojo de Resina Correia de resina movimento de quartzo Calibre: 5518 Cristal mineral mostrador azul Visor digital anal\u00f3gico resistente<\/p>","protected":false},"featured_media":6049,"comment_status":"open","ping_status":"closed","template":"","meta":[],"product_brand":[],"product_cat":[20],"product_tag":[],"class_list":{"0":"post-6050","1":"product","2":"type-product","3":"status-publish","4":"has-post-thumbnail","6":"product_cat-sem-categoria","8":"first","9":"instock","10":"sale","11":"shipping-taxable","12":"purchasable","13":"product-type-variable"},"jetpack_sharing_enabled":true,"_links":{"self":[{"href":"https:\/\/relogios-online.com\/fr\/wp-json\/wp\/v2\/product\/6050","targetHints":{"allow":["GET"]}}],"collection":[{"href":"https:\/\/relogios-online.com\/fr\/wp-json\/wp\/v2\/product"}],"about":[{"href":"https:\/\/relogios-online.com\/fr\/wp-json\/wp\/v2\/types\/product"}],"replies":[{"embeddable":true,"href":"https:\/\/relogios-online.com\/fr\/wp-json\/wp\/v2\/comments?post=6050"}],"version-history":[{"count":0,"href":"https:\/\/relogios-online.com\/fr\/wp-json\/wp\/v2\/product\/6050\/revisions"}],"wp:featuredmedia":[{"embeddable":true,"href":"https:\/\/relogios-online.com\/fr\/wp-json\/wp\/v2\/media\/6049"}],"wp:attachment":[{"href":"https:\/\/relogios-online.com\/fr\/wp-json\/wp\/v2\/media?parent=6050"}],"wp:term":[{"taxonomy":"product_brand","embeddable":true,"href":"https:\/\/relogios-online.com\/fr\/wp-json\/wp\/v2\/product_brand?post=6050"},{"taxonomy":"product_cat","embeddable":true,"href":"https:\/\/relogios-online.com\/fr\/wp-json\/wp\/v2\/product_cat?post=6050"},{"taxonomy":"product_tag","embeddable":true,"href":"https:\/\/relogios-online.com\/fr\/wp-json\/wp\/v2\/product_tag?post=6050"}],"curies":[{"name":"wp","href":"https:\/\/api.w.org\/{rel}","templated":true}]}}