{"id":6090,"date":"2024-09-27T00:53:48","date_gmt":"2024-09-27T00:53:48","guid":{"rendered":"https:\/\/relogios-online.com\/produto\/casio-g-shock-analogico-digital-gma-s2100-7a-gmas2100-7-200m-relogio-feminino\/"},"modified":"2024-09-27T00:54:12","modified_gmt":"2024-09-27T00:54:12","slug":"casio-g-shock-analogico-digital-gma-s2100-7a-gmas2100-7-200m-relogio-feminino","status":"publish","type":"product","link":"https:\/\/relogios-online.com\/fr\/produit\/casio-g-choc-analogique-numerique-gma-s2100-7a-gmas2100-7-200m-montre-femme\/","title":{"rendered":"Montre Casio G-Shock analogique num\u00e9rique GMA-S2100-7A GMAS2100-7 200M pour femme"},"content":{"rendered":"<p>Caract\u00e9ristiques : Bo\u00eetier en r\u00e9sine Bracelet en r\u00e9sine Cristal min\u00e9ral Cadran blanc Affichage analogique num\u00e9rique Neobrite R\u00e9sistant aux chocs Noyau de carbone Cadre de protection Lumi\u00e8re LED Heure mondiale 1\/100 seconde Chronom\u00e8tre Compte \u00e0 rebours Alarmes Signal horaire Fonction de d\u00e9calage horaire Aiguille Calendrier enti\u00e8rement automatique Aiguilles et marqueurs lumineux 12\/24 heures affichage Tonalit\u00e9 de fonctionnement du bouton marche\/arr\u00eat Affichage du jour et de la date Fond du bo\u00eetier viss\u00e9 Boucle \u00e0 fermoir R\u00e9sistance \u00e0 l&#039;eau 200 m Diam\u00e8tre approximatif du bo\u00eetier : 43 mm \u00c9paisseur approximative du bo\u00eetier : 11 mm Largeur approximative des bornes : 16 mm<\/p>","protected":false},"excerpt":{"rendered":"<p>Recursos: Estojo de resina Correia de resina Cristal mineral White Dial Display anal\u00f3gico digital Neobrite Resistente ao choque Estrutura de<\/p>","protected":false},"featured_media":6089,"comment_status":"open","ping_status":"closed","template":"","meta":[],"product_brand":[],"product_cat":[20],"product_tag":[],"class_list":{"0":"post-6090","1":"product","2":"type-product","3":"status-publish","4":"has-post-thumbnail","6":"product_cat-sem-categoria","8":"first","9":"instock","10":"sale","11":"shipping-taxable","12":"purchasable","13":"product-type-variable"},"jetpack_sharing_enabled":true,"_links":{"self":[{"href":"https:\/\/relogios-online.com\/fr\/wp-json\/wp\/v2\/product\/6090","targetHints":{"allow":["GET"]}}],"collection":[{"href":"https:\/\/relogios-online.com\/fr\/wp-json\/wp\/v2\/product"}],"about":[{"href":"https:\/\/relogios-online.com\/fr\/wp-json\/wp\/v2\/types\/product"}],"replies":[{"embeddable":true,"href":"https:\/\/relogios-online.com\/fr\/wp-json\/wp\/v2\/comments?post=6090"}],"version-history":[{"count":0,"href":"https:\/\/relogios-online.com\/fr\/wp-json\/wp\/v2\/product\/6090\/revisions"}],"wp:featuredmedia":[{"embeddable":true,"href":"https:\/\/relogios-online.com\/fr\/wp-json\/wp\/v2\/media\/6089"}],"wp:attachment":[{"href":"https:\/\/relogios-online.com\/fr\/wp-json\/wp\/v2\/media?parent=6090"}],"wp:term":[{"taxonomy":"product_brand","embeddable":true,"href":"https:\/\/relogios-online.com\/fr\/wp-json\/wp\/v2\/product_brand?post=6090"},{"taxonomy":"product_cat","embeddable":true,"href":"https:\/\/relogios-online.com\/fr\/wp-json\/wp\/v2\/product_cat?post=6090"},{"taxonomy":"product_tag","embeddable":true,"href":"https:\/\/relogios-online.com\/fr\/wp-json\/wp\/v2\/product_tag?post=6090"}],"curies":[{"name":"wp","href":"https:\/\/api.w.org\/{rel}","templated":true}]}}