{"id":6100,"date":"2024-09-27T00:54:27","date_gmt":"2024-09-27T00:54:27","guid":{"rendered":"https:\/\/relogios-online.com\/produto\/casio-g-shock-analogico-digital-mostrador-preto-quartzo-gma-s2100ga-1a-gmas2100ga-1-200m-relogio-feminino\/"},"modified":"2024-09-27T01:01:18","modified_gmt":"2024-09-27T01:01:18","slug":"casio-g-shock-analogico-digital-mostrador-preto-quartzo-gma-s2100ga-1a-gmas2100ga-1-200m-relogio-feminino","status":"publish","type":"product","link":"https:\/\/relogios-online.com\/fr\/produit\/montre-casio-g-shock-analogique-numerique-a-cadran-noir-a-quartz-gma-s2100ga-1a-gma2100ga-1-200m-pour-femme\/","title":{"rendered":"Montre Casio G-Shock analogique num\u00e9rique \u00e0 cadran noir \u00e0 quartz GMA-S2100GA-1A GMAS2100GA-1 200M pour femme"},"content":{"rendered":"<p>Caract\u00e9ristiques : Bo\u00eetier en composite de carbone Bracelet en r\u00e9sine Mouvement \u00e0 quartz Calibre : 5611 Verre min\u00e9ral Cadran noir Affichage num\u00e9rique analogique r\u00e9sistant aux chocs Structure de protection en carbone Neobrite Heure mondiale Chronom\u00e8tre 1\/100 seconde Compte \u00e0 rebours 5 alarmes quotidiennes Signal horaire Double lumi\u00e8re LED Calendrier enti\u00e8rement automatique Tonalit\u00e9 de fonctionnement des boutons marche\/arr\u00eat Affichage 12\/24 heures aiguilles lumineuses Affichage du mois, du jour et de la date Fond du bo\u00eetier viss\u00e9 Fermeture \u00e0 boucle R\u00e9sistance \u00e0 l&#039;eau \u00e0 200 m Diam\u00e8tre approximatif du bo\u00eetier : 42,9 mm \u00c9paisseur approximative du bo\u00eetier : 11,2 mm Largeur approximative des entrecornes : 16 mm<\/p>","protected":false},"excerpt":{"rendered":"<p>Caract\u00e9ristiques : Bo\u00eetier en composite de carbone Bracelet en r\u00e9sine Mouvement \u00e0 quartz Calibre : 5611 Verre min\u00e9ral Cadran noir Affichage num\u00e9rique analogique<\/p>","protected":false},"featured_media":6099,"comment_status":"open","ping_status":"closed","template":"","meta":[],"product_brand":[],"product_cat":[20],"product_tag":[],"class_list":{"0":"post-6100","1":"product","2":"type-product","3":"status-publish","4":"has-post-thumbnail","6":"product_cat-sem-categoria","8":"first","9":"instock","10":"sale","11":"shipping-taxable","12":"purchasable","13":"product-type-variable"},"jetpack_sharing_enabled":true,"_links":{"self":[{"href":"https:\/\/relogios-online.com\/fr\/wp-json\/wp\/v2\/product\/6100","targetHints":{"allow":["GET"]}}],"collection":[{"href":"https:\/\/relogios-online.com\/fr\/wp-json\/wp\/v2\/product"}],"about":[{"href":"https:\/\/relogios-online.com\/fr\/wp-json\/wp\/v2\/types\/product"}],"replies":[{"embeddable":true,"href":"https:\/\/relogios-online.com\/fr\/wp-json\/wp\/v2\/comments?post=6100"}],"version-history":[{"count":0,"href":"https:\/\/relogios-online.com\/fr\/wp-json\/wp\/v2\/product\/6100\/revisions"}],"wp:featuredmedia":[{"embeddable":true,"href":"https:\/\/relogios-online.com\/fr\/wp-json\/wp\/v2\/media\/6099"}],"wp:attachment":[{"href":"https:\/\/relogios-online.com\/fr\/wp-json\/wp\/v2\/media?parent=6100"}],"wp:term":[{"taxonomy":"product_brand","embeddable":true,"href":"https:\/\/relogios-online.com\/fr\/wp-json\/wp\/v2\/product_brand?post=6100"},{"taxonomy":"product_cat","embeddable":true,"href":"https:\/\/relogios-online.com\/fr\/wp-json\/wp\/v2\/product_cat?post=6100"},{"taxonomy":"product_tag","embeddable":true,"href":"https:\/\/relogios-online.com\/fr\/wp-json\/wp\/v2\/product_tag?post=6100"}],"curies":[{"name":"wp","href":"https:\/\/api.w.org\/{rel}","templated":true}]}}