{"id":7068,"date":"2024-10-03T04:15:55","date_gmt":"2024-10-03T04:15:55","guid":{"rendered":"https:\/\/relogios-online.com\/?post_type=product&#038;p=7068"},"modified":"2025-10-17T17:19:12","modified_gmt":"2025-10-17T16:19:12","slug":"relogio-unissex-casio-analogico-padrao-de-aco-inoxidavel-com-mostrador-amarelo-quartzo-mtp-b145d-9av","status":"publish","type":"product","link":"https:\/\/relogios-online.com\/fr\/produit\/montre-unisexe-analogique-standard-en-acier-inoxydable-casio-avec-cadran-jaune-a-quartz-mtp-b145d-9av\/","title":{"rendered":"Casio Standard analogique en acier inoxydable cadran jaune Quartz MTP-B145D-9AV montre unisexe"},"content":{"rendered":"<p>Caract\u00e9ristiques : Bo\u00eetier en acier inoxydable Bracelet en acier inoxydable Mouvement \u00e0 quartz Verre min\u00e9ral Cadran jaune Affichage analogique Indication de l&#039;heure r\u00e9guli\u00e8re Affichage de la date Fond solide Fermoir d\u00e9ployant R\u00e9sistance \u00e0 l&#039;eau 50 m Diam\u00e8tre approximatif du bo\u00eetier : 35 mm \u00c9paisseur approximative du bo\u00eetier : 7. 4 mm<\/p>\n<p><a href=\"https:\/\/relogios-online.com\/\" target=\"_blank\" rel=\"noopener\">D\u00e9couvrez tous les produits automatiques sur relogios-online.com<\/a><\/p>","protected":false},"excerpt":{"rendered":"<p>Caracter\u00edsticas: Caixa de a\u00e7o inoxid\u00e1vel Pulseira de a\u00e7o inoxid\u00e1vel Movimento de Quartzo Cristal mineral Mostrador Amarelo Visor anal\u00f3gico Cronometragem Regular<\/p>","protected":false},"featured_media":7133,"comment_status":"open","ping_status":"closed","template":"","meta":[],"product_brand":[],"product_cat":[62,20],"product_tag":[],"class_list":{"0":"post-7068","1":"product","2":"type-product","3":"status-publish","4":"has-post-thumbnail","6":"product_cat-automatico","7":"product_cat-sem-categoria","9":"first","10":"instock","11":"sale","12":"shipping-taxable","13":"purchasable","14":"product-type-variable"},"jetpack_sharing_enabled":true,"_links":{"self":[{"href":"https:\/\/relogios-online.com\/fr\/wp-json\/wp\/v2\/product\/7068","targetHints":{"allow":["GET"]}}],"collection":[{"href":"https:\/\/relogios-online.com\/fr\/wp-json\/wp\/v2\/product"}],"about":[{"href":"https:\/\/relogios-online.com\/fr\/wp-json\/wp\/v2\/types\/product"}],"replies":[{"embeddable":true,"href":"https:\/\/relogios-online.com\/fr\/wp-json\/wp\/v2\/comments?post=7068"}],"version-history":[{"count":1,"href":"https:\/\/relogios-online.com\/fr\/wp-json\/wp\/v2\/product\/7068\/revisions"}],"predecessor-version":[{"id":9659,"href":"https:\/\/relogios-online.com\/fr\/wp-json\/wp\/v2\/product\/7068\/revisions\/9659"}],"wp:featuredmedia":[{"embeddable":true,"href":"https:\/\/relogios-online.com\/fr\/wp-json\/wp\/v2\/media\/7133"}],"wp:attachment":[{"href":"https:\/\/relogios-online.com\/fr\/wp-json\/wp\/v2\/media?parent=7068"}],"wp:term":[{"taxonomy":"product_brand","embeddable":true,"href":"https:\/\/relogios-online.com\/fr\/wp-json\/wp\/v2\/product_brand?post=7068"},{"taxonomy":"product_cat","embeddable":true,"href":"https:\/\/relogios-online.com\/fr\/wp-json\/wp\/v2\/product_cat?post=7068"},{"taxonomy":"product_tag","embeddable":true,"href":"https:\/\/relogios-online.com\/fr\/wp-json\/wp\/v2\/product_tag?post=7068"}],"curies":[{"name":"wp","href":"https:\/\/api.w.org\/{rel}","templated":true}]}}