{"id":7128,"date":"2024-10-03T04:16:16","date_gmt":"2024-10-03T04:16:16","guid":{"rendered":"https:\/\/relogios-online.com\/?post_type=product&#038;p=7128"},"modified":"2025-10-17T17:19:11","modified_gmt":"2025-10-17T16:19:11","slug":"relogio-de-quartzo-casio-quartz-mtp-vt01l-7b2-mtpvt01l-7b2-analogico","status":"publish","type":"product","link":"https:\/\/relogios-online.com\/fr\/produit\/casio-quartz-mtp-vt01l-7b2-mtpvt01l-7b2-montre-a-quartz-analogique\/","title":{"rendered":"Montre \u00e0 quartz analogique Casio Quartz MTP-VT01L-7B2 MTPVT01L-7B2"},"content":{"rendered":"<p>Caract\u00e9ristiques : Bo\u00eetier en acier inoxydable Bracelet en cuir Mouvement \u00e0 quartz Calibre : 1330 Cristal min\u00e9ral Cadran argent\u00e9\/blanc Affichage analogique Couronne viss\u00e9e Bo\u00eetier Dos solide Fermoir \u00e0 boucle R\u00e9sistance \u00e0 l&#039;eau Taille approximative du bo\u00eetier : 46 x 40 x 8,2 mm<\/p>\n<p><a href=\"https:\/\/relogios-online.com\/\" target=\"_blank\" rel=\"noopener\">D\u00e9couvrez tous les produits automatiques sur relogios-online.com<\/a><\/p>","protected":false},"excerpt":{"rendered":"<p>Caracter\u00edsticas: Caixa de a\u00e7o inoxid\u00e1vel Pulseira de couro Movimento de quartzo Calibre: 1330 Cristal mineral Mostrador prateado \/ branco Display<\/p>","protected":false},"featured_media":7123,"comment_status":"open","ping_status":"closed","template":"","meta":[],"product_brand":[],"product_cat":[62,20],"product_tag":[],"class_list":{"0":"post-7128","1":"product","2":"type-product","3":"status-publish","4":"has-post-thumbnail","6":"product_cat-automatico","7":"product_cat-sem-categoria","9":"first","10":"instock","11":"sale","12":"shipping-taxable","13":"purchasable","14":"product-type-variable"},"jetpack_sharing_enabled":true,"_links":{"self":[{"href":"https:\/\/relogios-online.com\/fr\/wp-json\/wp\/v2\/product\/7128","targetHints":{"allow":["GET"]}}],"collection":[{"href":"https:\/\/relogios-online.com\/fr\/wp-json\/wp\/v2\/product"}],"about":[{"href":"https:\/\/relogios-online.com\/fr\/wp-json\/wp\/v2\/types\/product"}],"replies":[{"embeddable":true,"href":"https:\/\/relogios-online.com\/fr\/wp-json\/wp\/v2\/comments?post=7128"}],"version-history":[{"count":1,"href":"https:\/\/relogios-online.com\/fr\/wp-json\/wp\/v2\/product\/7128\/revisions"}],"predecessor-version":[{"id":9658,"href":"https:\/\/relogios-online.com\/fr\/wp-json\/wp\/v2\/product\/7128\/revisions\/9658"}],"wp:featuredmedia":[{"embeddable":true,"href":"https:\/\/relogios-online.com\/fr\/wp-json\/wp\/v2\/media\/7123"}],"wp:attachment":[{"href":"https:\/\/relogios-online.com\/fr\/wp-json\/wp\/v2\/media?parent=7128"}],"wp:term":[{"taxonomy":"product_brand","embeddable":true,"href":"https:\/\/relogios-online.com\/fr\/wp-json\/wp\/v2\/product_brand?post=7128"},{"taxonomy":"product_cat","embeddable":true,"href":"https:\/\/relogios-online.com\/fr\/wp-json\/wp\/v2\/product_cat?post=7128"},{"taxonomy":"product_tag","embeddable":true,"href":"https:\/\/relogios-online.com\/fr\/wp-json\/wp\/v2\/product_tag?post=7128"}],"curies":[{"name":"wp","href":"https:\/\/api.w.org\/{rel}","templated":true}]}}