{"id":7167,"date":"2024-10-03T04:15:00","date_gmt":"2024-10-03T04:15:00","guid":{"rendered":"https:\/\/relogios-online.com\/?post_type=product&#038;p=7167"},"modified":"2025-10-17T17:19:15","modified_gmt":"2025-10-17T16:19:15","slug":"relogio-analogico-casio-quartz-mtp-vt01d-1b-mtpvt01d-1b","status":"publish","type":"product","link":"https:\/\/relogios-online.com\/fr\/produit\/montre-analogique-a-quartz-casio-mtp-vt01d-1b-mtpvt01d-1b\/","title":{"rendered":"Montre analogique \u00e0 quartz Casio MTP-VT01D-1B MTPVT01D-1B"},"content":{"rendered":"<p>Caract\u00e9ristiques : Bo\u00eetier en acier inoxydable Bracelet en acier inoxydable Mouvement \u00e0 quartz Calibre : 1330 Cristal min\u00e9ral Affichage analogique Cadran noir Couronne viss\u00e9e Bo\u00eetier Fond solide Boucle d\u00e9ployante R\u00e9sistance \u00e0 l&#039;eau Taille approximative du bo\u00eetier : 46 x 40 x 8,2 mm<\/p>\n<p><a href=\"https:\/\/relogios-online.com\/\" target=\"_blank\" rel=\"noopener\">D\u00e9couvrez tous les produits automatiques sur relogios-online.com<\/a><\/p>","protected":false},"excerpt":{"rendered":"<p>Caract\u00e9ristiques : Bo\u00eetier en acier inoxydable Bracelet en acier inoxydable Mouvement \u00e0 quartz Calibre : 1330 Verre min\u00e9ral Affichage analogique Cadran noir<\/p>","protected":false},"featured_media":7162,"comment_status":"open","ping_status":"closed","template":"","meta":[],"product_brand":[],"product_cat":[62,20],"product_tag":[],"class_list":{"0":"post-7167","1":"product","2":"type-product","3":"status-publish","4":"has-post-thumbnail","6":"product_cat-automatico","7":"product_cat-sem-categoria","9":"first","10":"instock","11":"sale","12":"shipping-taxable","13":"purchasable","14":"product-type-variable"},"jetpack_sharing_enabled":true,"_links":{"self":[{"href":"https:\/\/relogios-online.com\/fr\/wp-json\/wp\/v2\/product\/7167","targetHints":{"allow":["GET"]}}],"collection":[{"href":"https:\/\/relogios-online.com\/fr\/wp-json\/wp\/v2\/product"}],"about":[{"href":"https:\/\/relogios-online.com\/fr\/wp-json\/wp\/v2\/types\/product"}],"replies":[{"embeddable":true,"href":"https:\/\/relogios-online.com\/fr\/wp-json\/wp\/v2\/comments?post=7167"}],"version-history":[{"count":1,"href":"https:\/\/relogios-online.com\/fr\/wp-json\/wp\/v2\/product\/7167\/revisions"}],"predecessor-version":[{"id":9662,"href":"https:\/\/relogios-online.com\/fr\/wp-json\/wp\/v2\/product\/7167\/revisions\/9662"}],"wp:featuredmedia":[{"embeddable":true,"href":"https:\/\/relogios-online.com\/fr\/wp-json\/wp\/v2\/media\/7162"}],"wp:attachment":[{"href":"https:\/\/relogios-online.com\/fr\/wp-json\/wp\/v2\/media?parent=7167"}],"wp:term":[{"taxonomy":"product_brand","embeddable":true,"href":"https:\/\/relogios-online.com\/fr\/wp-json\/wp\/v2\/product_brand?post=7167"},{"taxonomy":"product_cat","embeddable":true,"href":"https:\/\/relogios-online.com\/fr\/wp-json\/wp\/v2\/product_cat?post=7167"},{"taxonomy":"product_tag","embeddable":true,"href":"https:\/\/relogios-online.com\/fr\/wp-json\/wp\/v2\/product_tag?post=7167"}],"curies":[{"name":"wp","href":"https:\/\/api.w.org\/{rel}","templated":true}]}}