{"id":7195,"date":"2024-10-03T04:14:15","date_gmt":"2024-10-03T04:14:15","guid":{"rendered":"https:\/\/relogios-online.com\/?post_type=product&#038;p=7195"},"modified":"2025-10-17T17:19:19","modified_gmt":"2025-10-17T16:19:19","slug":"relogio-masculino-casio-maroon-com-mostrador-em-aco-inoxidavel-analogico-quartzo-mtp-v002l-5b3-mtpv002l-5","status":"publish","type":"product","link":"https:\/\/relogios-online.com\/fr\/produit\/montre-homme-casio-maroon-avec-cadran-en-acier-inoxydable-quartz-analogique-mtp-v002l-5b3-mtpv002l-5\/","title":{"rendered":"Montre pour homme Casio Maroon avec cadran en acier inoxydable et quartz analogique MTP-V002L-5B3 MTPV002L-5"},"content":{"rendered":"<p>Caract\u00e9ristiques : Bo\u00eetier en acier inoxydable Bande de cuir Mouvement \u00e0 quartz Verre min\u00e9ral Cadran marron Affichage analogique Affichage de la date Bo\u00eetier solide Fermoir \u00e0 boucle R\u00e9sistance aux \u00e9claboussures Diam\u00e8tre approximatif du bo\u00eetier : 44 mm \u00c9paisseur approximative du bo\u00eetier : 10 mm Largeur approximative des entrecornes : 20 mm<\/p>\n<p><a href=\"https:\/\/relogios-online.com\/\" target=\"_blank\" rel=\"noopener\">D\u00e9couvrez tous les produits automatiques sur relogios-online.com<\/a><\/p>","protected":false},"excerpt":{"rendered":"<p>Recursos: Caixa de a\u00e7o inoxid\u00e1vel Pulseira de couro Movimento de quartzo Cristal mineral Maroon Dial Display Anal\u00f3gico Exibi\u00e7\u00e3o de data<\/p>","protected":false},"featured_media":7190,"comment_status":"open","ping_status":"closed","template":"","meta":[],"product_brand":[],"product_cat":[62,20],"product_tag":[],"class_list":{"0":"post-7195","1":"product","2":"type-product","3":"status-publish","4":"has-post-thumbnail","6":"product_cat-automatico","7":"product_cat-sem-categoria","9":"first","10":"instock","11":"sale","12":"shipping-taxable","13":"purchasable","14":"product-type-variable"},"jetpack_sharing_enabled":true,"_links":{"self":[{"href":"https:\/\/relogios-online.com\/fr\/wp-json\/wp\/v2\/product\/7195","targetHints":{"allow":["GET"]}}],"collection":[{"href":"https:\/\/relogios-online.com\/fr\/wp-json\/wp\/v2\/product"}],"about":[{"href":"https:\/\/relogios-online.com\/fr\/wp-json\/wp\/v2\/types\/product"}],"replies":[{"embeddable":true,"href":"https:\/\/relogios-online.com\/fr\/wp-json\/wp\/v2\/comments?post=7195"}],"version-history":[{"count":1,"href":"https:\/\/relogios-online.com\/fr\/wp-json\/wp\/v2\/product\/7195\/revisions"}],"predecessor-version":[{"id":9665,"href":"https:\/\/relogios-online.com\/fr\/wp-json\/wp\/v2\/product\/7195\/revisions\/9665"}],"wp:featuredmedia":[{"embeddable":true,"href":"https:\/\/relogios-online.com\/fr\/wp-json\/wp\/v2\/media\/7190"}],"wp:attachment":[{"href":"https:\/\/relogios-online.com\/fr\/wp-json\/wp\/v2\/media?parent=7195"}],"wp:term":[{"taxonomy":"product_brand","embeddable":true,"href":"https:\/\/relogios-online.com\/fr\/wp-json\/wp\/v2\/product_brand?post=7195"},{"taxonomy":"product_cat","embeddable":true,"href":"https:\/\/relogios-online.com\/fr\/wp-json\/wp\/v2\/product_cat?post=7195"},{"taxonomy":"product_tag","embeddable":true,"href":"https:\/\/relogios-online.com\/fr\/wp-json\/wp\/v2\/product_tag?post=7195"}],"curies":[{"name":"wp","href":"https:\/\/api.w.org\/{rel}","templated":true}]}}