{"id":7309,"date":"2024-10-03T04:12:58","date_gmt":"2024-10-03T04:12:58","guid":{"rendered":"https:\/\/relogios-online.com\/?post_type=product&#038;p=7309"},"modified":"2025-10-17T17:19:27","modified_gmt":"2025-10-17T16:19:27","slug":"seiko-5-snxs79-snxs79k1-snxs79k-relogio-automatico-dos-homens","status":"publish","type":"product","link":"https:\/\/relogios-online.com\/fr\/produit\/montre-automatique-pour-hommes-seiko-5-snxs79-snxs79k1-snxs79k\/","title":{"rendered":"Montre automatique pour hommes Seiko 5 SNXS79 SNXS79K1 SNXS79K"},"content":{"rendered":"<p>Caract\u00e9ristiques : Bo\u00eetier en acier inoxydable Bracelet en acier inoxydable Mouvement automatique Calibre : 7s26 Cristal min\u00e9ral 21 bijoux Cadran noir Aiguilles et marqueurs lumineux Affichage du jour et de la date Couronne push\/pull Bo\u00eetier arri\u00e8re transparent Boucle d\u00e9ployante R\u00e9sistance \u00e0 l&#039;eau 30M Diam\u00e8tre \u00c9paisseur approximative du bo\u00eetier : 38 mm \u00c9paisseur approximative du bo\u00eetier : 12mm<\/p>\n<p><a href=\"https:\/\/relogios-online.com\/\" target=\"_blank\" rel=\"noopener\">D\u00e9couvrez tous les produits automatiques sur relogios-online.com<\/a><\/p>","protected":false},"excerpt":{"rendered":"<p>Caracter\u00edsticas: Caixa de a\u00e7o inoxid\u00e1vel Pulseira de a\u00e7o inoxid\u00e1vel Movimento Autom\u00e1tico Calibre: 7s26 Cristal mineral 21 j\u00f3ias Mostrador preto M\u00e3os<\/p>","protected":false},"featured_media":7304,"comment_status":"open","ping_status":"closed","template":"","meta":[],"product_brand":[],"product_cat":[62,20],"product_tag":[],"class_list":{"0":"post-7309","1":"product","2":"type-product","3":"status-publish","4":"has-post-thumbnail","6":"product_cat-automatico","7":"product_cat-sem-categoria","9":"first","10":"instock","11":"sale","12":"shipping-taxable","13":"purchasable","14":"product-type-variable"},"jetpack_sharing_enabled":true,"_links":{"self":[{"href":"https:\/\/relogios-online.com\/fr\/wp-json\/wp\/v2\/product\/7309","targetHints":{"allow":["GET"]}}],"collection":[{"href":"https:\/\/relogios-online.com\/fr\/wp-json\/wp\/v2\/product"}],"about":[{"href":"https:\/\/relogios-online.com\/fr\/wp-json\/wp\/v2\/types\/product"}],"replies":[{"embeddable":true,"href":"https:\/\/relogios-online.com\/fr\/wp-json\/wp\/v2\/comments?post=7309"}],"version-history":[{"count":1,"href":"https:\/\/relogios-online.com\/fr\/wp-json\/wp\/v2\/product\/7309\/revisions"}],"predecessor-version":[{"id":9672,"href":"https:\/\/relogios-online.com\/fr\/wp-json\/wp\/v2\/product\/7309\/revisions\/9672"}],"wp:featuredmedia":[{"embeddable":true,"href":"https:\/\/relogios-online.com\/fr\/wp-json\/wp\/v2\/media\/7304"}],"wp:attachment":[{"href":"https:\/\/relogios-online.com\/fr\/wp-json\/wp\/v2\/media?parent=7309"}],"wp:term":[{"taxonomy":"product_brand","embeddable":true,"href":"https:\/\/relogios-online.com\/fr\/wp-json\/wp\/v2\/product_brand?post=7309"},{"taxonomy":"product_cat","embeddable":true,"href":"https:\/\/relogios-online.com\/fr\/wp-json\/wp\/v2\/product_cat?post=7309"},{"taxonomy":"product_tag","embeddable":true,"href":"https:\/\/relogios-online.com\/fr\/wp-json\/wp\/v2\/product_tag?post=7309"}],"curies":[{"name":"wp","href":"https:\/\/api.w.org\/{rel}","templated":true}]}}