{"id":7356,"date":"2024-10-01T14:58:01","date_gmt":"2024-10-01T14:58:01","guid":{"rendered":"https:\/\/relogios-online.com\/?post_type=product&#038;p=7356"},"modified":"2025-10-17T17:15:45","modified_gmt":"2025-10-17T16:15:45","slug":"relogio-masculino-seiko-5-automatico-mostrador-branco-snkp09-snkp09k1-snkp09k","status":"publish","type":"product","link":"https:\/\/relogios-online.com\/fr\/produit\/montre-homme-seiko-5-automatique-cadran-blanc-snkp09-snkp09k1-snkp09k\/","title":{"rendered":"Montre Seiko 5 automatique pour homme, cadran blanc SNKP09 SNKP09K1 SNKP09K"},"content":{"rendered":"<div class=\"flex max-w-full flex-col flex-grow\">\n<div class=\"min-h-8 text-message flex w-full flex-col items-end gap-2 whitespace-normal break-words [.text-message+&amp;]:mt-5\" dir=\"auto\" data-message-author-role=\"assistant\" data-message-id=\"3fcb0c21-14f5-4d2a-a54e-2014cf08ee2c\">\n<div class=\"flex w-full flex-col gap-1 empty:hidden first:pt-[3px]\">\n<div class=\"markdown prose w-full break-words dark:prose-invert light\">\n<h3>Montre Seiko SNKP09K1 \u2013 Style et sophistication pour l&#039;homme moderne<\/h3>\n<p>La Seiko SNKP09K1 est une montre pour homme qui allie la tradition Seiko \u00e0 un design moderne et sophistiqu\u00e9. Avec son mouvement automatique Calibre 7S26 et ses 21 rubis, il offre pr\u00e9cision et fiabilit\u00e9. Le cadran blanc et le bracelet en acier inoxydable offrent un look \u00e9l\u00e9gant, id\u00e9al pour une tenue d\u00e9contract\u00e9e ou des occasions sp\u00e9ciales. Cette montre est le choix parfait pour ceux qui recherchent qualit\u00e9, style et fonctionnalit\u00e9 dans un seul accessoire.<\/p>\n<h3>Caract\u00e9ristiques techniques<\/h3>\n<table>\n<thead>\n<tr>\n<th><strong>Caract\u00e9ristiques<\/strong><\/th>\n<th><strong>D\u00e9tails<\/strong><\/th>\n<\/tr>\n<\/thead>\n<tbody>\n<tr>\n<td>Marque<\/td>\n<td>Seiko<\/td>\n<\/tr>\n<tr>\n<td>S\u00e9rie<\/td>\n<td>Seiko5<\/td>\n<\/tr>\n<tr>\n<td>Mod\u00e8le<\/td>\n<td>SNKP09K1<\/td>\n<\/tr>\n<tr>\n<td>Genre<\/td>\n<td>Masculin<\/td>\n<\/tr>\n<tr>\n<td>Mouvement<\/td>\n<td>Automatique<\/td>\n<\/tr>\n<tr>\n<td>Calibre<\/td>\n<td>7S26<\/td>\n<\/tr>\n<tr>\n<td>Bijoux<\/td>\n<td>21<\/td>\n<\/tr>\n<tr>\n<td>Mat\u00e9riau de la bo\u00eete<\/td>\n<td>Acier inoxydable<\/td>\n<\/tr>\n<tr>\n<td>Mat\u00e9riau du bracelet<\/td>\n<td>Acier inoxydable<\/td>\n<\/tr>\n<tr>\n<td>Type d&#039;affichage<\/td>\n<td>Analogique<\/td>\n<\/tr>\n<tr>\n<td>Couleur du cadran<\/td>\n<td>Blanc<\/td>\n<\/tr>\n<tr>\n<td>Cristal<\/td>\n<td>Cristal Hardlex<\/td>\n<\/tr>\n<tr>\n<td>Diam\u00e8tre du bo\u00eetier<\/td>\n<td>42mm<\/td>\n<\/tr>\n<tr>\n<td>\u00c9paisseur du bo\u00eetier<\/td>\n<td>11mm<\/td>\n<\/tr>\n<tr>\n<td>Type de couronne<\/td>\n<td>Couronne viss\u00e9e<\/td>\n<\/tr>\n<tr>\n<td>Type de verre<\/td>\n<td>Cristal Hardlex<\/td>\n<\/tr>\n<tr>\n<td>R\u00e9sistance \u00e0 l&#039;eau<\/td>\n<td>50M<\/td>\n<\/tr>\n<tr>\n<td>Calendrier<\/td>\n<td>Affichage du jour et de la date<\/td>\n<\/tr>\n<tr>\n<td>Fonctions<\/td>\n<td>Jour, Date, Heure, Minute, Seconde<\/td>\n<\/tr>\n<tr>\n<td>Cl\u00f4ture<\/td>\n<td>Cl\u00f4ture du d\u00e9ploiement<\/td>\n<\/tr>\n<tr>\n<td>Marqueurs de cadran<\/td>\n<td>Indice<\/td>\n<\/tr>\n<tr>\n<td>Luminescence<\/td>\n<td>Mains et marqueurs<\/td>\n<\/tr>\n<tr>\n<td>Style<\/td>\n<td>Occasionnel<\/td>\n<\/tr>\n<tr>\n<td>Garantie<\/td>\n<td>Garantie internationale 1 an<\/td>\n<\/tr>\n<\/tbody>\n<\/table>\n<p>La Seiko SNKP09K1 est une montre qui allie la qualit\u00e9 et l&#039;innovation de la marque Seiko, ce qui en fait un choix exceptionnel pour ceux qui recherchent un accessoire adapt\u00e9 \u00e0 diff\u00e9rentes occasions, offrant \u00e9l\u00e9gance, fonctionnalit\u00e9 et durabilit\u00e9.<\/p>\n<\/div>\n<\/div>\n<\/div>\n<\/div>\n<div class=\"mb-2 flex gap-3 empty:hidden -ml-2\">\n<div class=\"items-center justify-start rounded-xl p-1 flex\">\n<div class=\"flex items-center\"><button class=\"rounded-lg text-token-text-secondary hover:bg-token-main-surface-secondary\" aria-label=\"Lire \u00e0 haute voix\" data-testid=\"voice-play-turn-action-button\"><\/button><button class=\"rounded-lg text-token-text-secondary hover:bg-token-main-surface-secondary\" aria-label=\"Copie\" data-testid=\"copy-turn-action-button\"><\/button><\/p>\n<div class=\"flex\"><\/div>\n<div class=\"flex items-center pb-0\"><span class=\"overflow-hidden text-clip whitespace-nowrap text-sm\">4\u00e8me<\/span><\/div>\n<\/div>\n<\/div>\n<\/div>\n<p><a href=\"https:\/\/relogios-online.com\/\" target=\"_blank\" rel=\"noopener\">D\u00e9couvrez tous les produits Montres Homme sur relogios-online.com<\/a><\/p>","protected":false},"excerpt":{"rendered":"<p>\ud83d\ude9a\u00a0<strong>Options d&#039;exp\u00e9dition standard et express<\/strong>: Choisissez entre\u00a0<strong>Exp\u00e9dition standard mondiale<\/strong>\u00a0(15 \u00e0 21 jours ouvrables pour l&#039;Union europ\u00e9enne, 14 \u00e0 18 jours ouvrables pour les \u00c9tats-Unis et l&#039;Australie, 4 \u00e0 6 semaines pour le Br\u00e9sil et 3 \u00e0 6 semaines pour les autres pays) \u2013 le client peut \u00eatre responsable de la TVA et des frais de douane, si ils se produisent \u2013 ou\u00a0<strong>Exp\u00e9dition express (DHL\/FedEx)<\/strong>\u00a0dans\u00a0<strong>5 jours ouvrables<\/strong>\u00a0avec tous les frais d\u00e9j\u00e0 inclus dans le prix.<br \/>\nConsultez notre\u00a0<strong>Politique\u00a0<a href=\"https:\/\/relogios-online.com\/politica-de-envio\/\" target=\"_blank\" rel=\"noopener\">Politique d&#039;exp\u00e9dition<\/a>.<\/strong><\/p>\n<p>\ud83d\udd12\u00a0<strong>Assurance qualit\u00e9<\/strong>: Tous nos produits ont\u00a0<strong>Garantie 12 mois<\/strong>, garantissant qualit\u00e9 et satisfaction.<\/p>\n<p>\ud83d\udcde\u00a0<strong>Service client<\/strong>: Notre \u00e9quipe est toujours pr\u00eate \u00e0 vous accompagner \u00e0 chaque \u00e9tape de votre achat.<\/p>\n<p>\ud83d\udcb3\u00a0<strong>Paiement s\u00e9curis\u00e9<\/strong>: Nous proposons des options de paiement s\u00e9curis\u00e9es 100% pour garantir la protection de vos donn\u00e9es.<\/p>\n<p>\u2705\u00a0<strong>Produit original<\/strong>: Nous travaillons uniquement avec des montres originales de haute qualit\u00e9, directement issues des meilleures marques.<\/p>","protected":false},"featured_media":7352,"comment_status":"open","ping_status":"closed","template":"","meta":[],"product_brand":[],"product_cat":[189,62,56],"product_tag":[],"class_list":{"0":"post-7356","1":"product","2":"type-product","3":"status-publish","4":"has-post-thumbnail","6":"product_cat-seiko","7":"product_cat-automatico","8":"product_cat-relogios-homem","10":"first","11":"instock","12":"sale","13":"shipping-taxable","14":"purchasable","15":"product-type-variable"},"jetpack_sharing_enabled":true,"_links":{"self":[{"href":"https:\/\/relogios-online.com\/fr\/wp-json\/wp\/v2\/product\/7356","targetHints":{"allow":["GET"]}}],"collection":[{"href":"https:\/\/relogios-online.com\/fr\/wp-json\/wp\/v2\/product"}],"about":[{"href":"https:\/\/relogios-online.com\/fr\/wp-json\/wp\/v2\/types\/product"}],"replies":[{"embeddable":true,"href":"https:\/\/relogios-online.com\/fr\/wp-json\/wp\/v2\/comments?post=7356"}],"version-history":[{"count":1,"href":"https:\/\/relogios-online.com\/fr\/wp-json\/wp\/v2\/product\/7356\/revisions"}],"predecessor-version":[{"id":9634,"href":"https:\/\/relogios-online.com\/fr\/wp-json\/wp\/v2\/product\/7356\/revisions\/9634"}],"wp:featuredmedia":[{"embeddable":true,"href":"https:\/\/relogios-online.com\/fr\/wp-json\/wp\/v2\/media\/7352"}],"wp:attachment":[{"href":"https:\/\/relogios-online.com\/fr\/wp-json\/wp\/v2\/media?parent=7356"}],"wp:term":[{"taxonomy":"product_brand","embeddable":true,"href":"https:\/\/relogios-online.com\/fr\/wp-json\/wp\/v2\/product_brand?post=7356"},{"taxonomy":"product_cat","embeddable":true,"href":"https:\/\/relogios-online.com\/fr\/wp-json\/wp\/v2\/product_cat?post=7356"},{"taxonomy":"product_tag","embeddable":true,"href":"https:\/\/relogios-online.com\/fr\/wp-json\/wp\/v2\/product_tag?post=7356"}],"curies":[{"name":"wp","href":"https:\/\/api.w.org\/{rel}","templated":true}]}}