{"id":7376,"date":"2024-10-01T15:00:16","date_gmt":"2024-10-01T15:00:16","guid":{"rendered":"https:\/\/relogios-online.com\/?post_type=product&#038;p=7376"},"modified":"2025-10-17T17:15:43","modified_gmt":"2025-10-17T16:15:43","slug":"relogio-citizen-automatic-nh8350-59l-para-homem","status":"publish","type":"product","link":"https:\/\/relogios-online.com\/fr\/produit\/montre-homme-automatique-citoyen-nh8350-59l\/","title":{"rendered":"Montre automatique Citizen NH8350-59L pour homme"},"content":{"rendered":"<div class=\"flex-1 overflow-hidden\">\n<div class=\"h-full\">\n<div class=\"react-scroll-to-bottom--css-drgtt-79elbk h-full\">\n<div class=\"react-scroll-to-bottom--css-drgtt-1n7m0yu\">\n<div class=\"flex flex-col text-sm\">\n<article class=\"w-full text-token-text-primary focus-visible:outline-2 focus-visible:outline-offset-[-4px]\" dir=\"auto\" data-testid=\"conversation-turn-741\" data-scroll-anchor=\"true\">\n<div class=\"text-base py-[18px] px-3 md:px-4 m-auto w-full md:px-5 lg:px-4 xl:px-5\">\n<div class=\"mx-auto flex flex-1 gap-4 text-base md:gap-5 lg:gap-6 md:max-w-3xl lg:max-w-[40rem] xl:max-w-[48rem]\">\n<div class=\"group\/conversation-turn relative flex w-full min-w-0 flex-col agent-turn\">\n<div class=\"flex-col gap-1 md:gap-3\">\n<div class=\"flex max-w-full flex-col flex-grow\">\n<div class=\"min-h-8 text-message flex w-full flex-col items-end gap-2 whitespace-normal break-words [.text-message+&amp;]:mt-5\" dir=\"auto\" data-message-author-role=\"assistant\" data-message-id=\"abb8708b-4801-4304-86da-9805023df286\">\n<div class=\"flex w-full flex-col gap-1 empty:hidden first:pt-[3px]\">\n<div class=\"markdown prose w-full break-words dark:prose-invert light\">\n<h3>Montre Citizen NH8350-59L \u2013 Style classique avec d\u00e9tails modernes<\/h3>\n<p>La Citizen NH8350-59L est une montre qui allie tradition horlog\u00e8re et touche contemporaine. \u00c9quip\u00e9 du mouvement automatique Calibre 8200, ce mod\u00e8le offre pr\u00e9cision et fiabilit\u00e9, ainsi qu&#039;un design \u00e9l\u00e9gant qui se d\u00e9marque. Son cadran bleu textur\u00e9, associ\u00e9 \u00e0 des index en chiffres romains, offre un look sophistiqu\u00e9 et moderne. Avec un bo\u00eetier et un bracelet en acier inoxydable, la Citizen NH8350-59L est le choix parfait pour ceux qui recherchent une montre qui peut \u00eatre port\u00e9e en toute occasion. De plus, il poss\u00e8de une \u00e9tanch\u00e9it\u00e9 de 50 m\u00e8tres et un cristal min\u00e9ral qui prot\u00e8ge des rayures et des impacts.<\/p>\n<h3>Caract\u00e9ristiques techniques<\/h3>\n<table>\n<thead>\n<tr>\n<th><strong>Caract\u00e9ristiques<\/strong><\/th>\n<th><strong>D\u00e9tails<\/strong><\/th>\n<\/tr>\n<\/thead>\n<tbody>\n<tr>\n<td>Marque<\/td>\n<td>citoyen<\/td>\n<\/tr>\n<tr>\n<td>S\u00e9rie<\/td>\n<td>Automatique<\/td>\n<\/tr>\n<tr>\n<td>Mod\u00e8le<\/td>\n<td>NH8350-59L<\/td>\n<\/tr>\n<tr>\n<td>Genre<\/td>\n<td>Masculin<\/td>\n<\/tr>\n<tr>\n<td>Mouvement<\/td>\n<td>Automatique<\/td>\n<\/tr>\n<tr>\n<td>Calibre<\/td>\n<td>8200<\/td>\n<\/tr>\n<tr>\n<td>Mat\u00e9riau de la bo\u00eete<\/td>\n<td>Acier inoxydable<\/td>\n<\/tr>\n<tr>\n<td>Mat\u00e9riau du bracelet<\/td>\n<td>Acier inoxydable<\/td>\n<\/tr>\n<tr>\n<td>Type d&#039;affichage<\/td>\n<td>Analogique<\/td>\n<\/tr>\n<tr>\n<td>Couleur du cadran<\/td>\n<td>Bleu textur\u00e9<\/td>\n<\/tr>\n<tr>\n<td>Cristal<\/td>\n<td>cristal min\u00e9ral<\/td>\n<\/tr>\n<tr>\n<td>Diam\u00e8tre du bo\u00eetier<\/td>\n<td>40mm<\/td>\n<\/tr>\n<tr>\n<td>\u00c9paisseur du bo\u00eetier<\/td>\n<td>11mm<\/td>\n<\/tr>\n<tr>\n<td>Type de couronne<\/td>\n<td>Tirer\/pousser<\/td>\n<\/tr>\n<tr>\n<td>Type de verre<\/td>\n<td>cristal min\u00e9ral<\/td>\n<\/tr>\n<tr>\n<td>R\u00e9sistance \u00e0 l&#039;eau<\/td>\n<td>50M<\/td>\n<\/tr>\n<tr>\n<td>Calendrier<\/td>\n<td>Affichage du jour et de la date<\/td>\n<\/tr>\n<tr>\n<td>Fonctions<\/td>\n<td>Jour, Date, Heure, Minute, Seconde<\/td>\n<\/tr>\n<tr>\n<td>Cl\u00f4ture<\/td>\n<td>Fermoir pliable avec bouton<\/td>\n<\/tr>\n<tr>\n<td>Luminescence<\/td>\n<td>Mains<\/td>\n<\/tr>\n<tr>\n<td>Style<\/td>\n<td>Robe<\/td>\n<\/tr>\n<tr>\n<td>Garantie<\/td>\n<td>Garantie internationale 1 an<\/td>\n<\/tr>\n<\/tbody>\n<\/table>\n<p>Avec la Citizen NH8350-59L, vous disposerez d&#039;une montre qui allie qualit\u00e9, design et fonctionnalit\u00e9. Un mod\u00e8le qui compl\u00e8te le look de tout homme qui recherche l&#039;\u00e9l\u00e9gance et la praticit\u00e9 au quotidien.<\/p>\n<\/div>\n<\/div>\n<\/div>\n<\/div>\n<div class=\"mb-2 flex gap-3 empty:hidden -ml-2\">\n<div class=\"items-center justify-start rounded-xl p-1 flex\">\n<div class=\"flex items-center\"><button class=\"rounded-lg text-token-text-secondary hover:bg-token-main-surface-secondary\" aria-label=\"Lire \u00e0 haute voix\" data-testid=\"voice-play-turn-action-button\"><\/button><button class=\"rounded-lg text-token-text-secondary hover:bg-token-main-surface-secondary\" aria-label=\"Copie\" data-testid=\"copy-turn-action-button\"><\/button><\/p>\n<div class=\"flex\"><\/div>\n<div class=\"flex items-center pb-0\"><span class=\"overflow-hidden text-clip whitespace-nowrap text-sm\">4\u00e8me<\/span><\/div>\n<\/div>\n<\/div>\n<\/div>\n<div class=\"pr-2 lg:pr-0\"><\/div>\n<div class=\"mt-3 w-full empty:hidden\">\n<div class=\"text-center\"><\/div>\n<\/div>\n<\/div>\n<div class=\"absolute\">\n<div class=\"flex items-center justify-center\"><\/div>\n<\/div>\n<\/div>\n<\/div>\n<\/div>\n<\/article>\n<\/div>\n<\/div>\n<\/div>\n<\/div>\n<\/div>\n<div class=\"md:pt-0 dark:border-white\/20 md:border-transparent md:dark:border-transparent w-full\">\n<div class=\"\">\n<div class=\"text-base px-3 md:px-4 m-auto w-full md:px-5 lg:px-4 xl:px-5\">\n<div class=\"mx-auto flex flex-1 gap-4 text-base md:gap-5 lg:gap-6 md:max-w-3xl lg:max-w-[40rem] xl:max-w-[48rem]\">\n<form class=\"w-full\" aria-haspopup=\"dialog\" aria-expanded=\"false\" aria-controls=\"radix-:r6:\" data-state=\"closed\" action=\"\">\n<div class=\"relative flex h-full max-w-full flex-1 flex-col\">\n<div class=\"absolute bottom-full left-0 right-0 z-20\">\n<div class=\"relative h-full w-full\">\n<div class=\"mb-2 flex flex-col gap-3.5 pt-2\"><\/div>\n<\/div>\n<\/div>\n<\/div>\n<input type=\"hidden\" name=\"trp-form-language\" value=\"fr\"\/><\/form>\n<\/div>\n<\/div>\n<\/div>\n<\/div>\n<p><a href=\"https:\/\/relogios-online.com\/\" target=\"_blank\" rel=\"noopener\">D\u00e9couvrez tous les produits Montres Homme sur relogios-online.com<\/a><\/p>","protected":false},"excerpt":{"rendered":"<p>\ud83d\ude9a\u00a0<strong>Options d&#039;exp\u00e9dition standard et express<\/strong>: Choisissez entre\u00a0<strong>Exp\u00e9dition standard mondiale<\/strong>\u00a0(15 \u00e0 21 jours ouvrables pour l&#039;Union europ\u00e9enne, 14 \u00e0 18 jours ouvrables pour les \u00c9tats-Unis et l&#039;Australie, 4 \u00e0 6 semaines pour le Br\u00e9sil et 3 \u00e0 6 semaines pour les autres pays) \u2013 le client peut \u00eatre responsable de la TVA et des frais de douane, si ils se produisent \u2013 ou\u00a0<strong>Exp\u00e9dition express (DHL\/FedEx)<\/strong>\u00a0dans\u00a0<strong>5 jours ouvrables<\/strong>\u00a0avec tous les frais d\u00e9j\u00e0 inclus dans le prix.<br \/>\nConsultez notre\u00a0<strong>Politique\u00a0<a href=\"https:\/\/relogios-online.com\/politica-de-envio\/\" target=\"_blank\" rel=\"noopener\">Politique d&#039;exp\u00e9dition<\/a>.<\/strong><\/p>\n<p>\ud83d\udd12\u00a0<strong>Assurance qualit\u00e9<\/strong>: Tous nos produits ont\u00a0<strong>Garantie 12 mois<\/strong>, garantissant qualit\u00e9 et satisfaction.<\/p>\n<p>\ud83d\udcde\u00a0<strong>Service client<\/strong>: Notre \u00e9quipe est toujours pr\u00eate \u00e0 vous accompagner \u00e0 chaque \u00e9tape de votre achat.<\/p>\n<p>\ud83d\udcb3\u00a0<strong>Paiement s\u00e9curis\u00e9<\/strong>: Nous proposons des options de paiement s\u00e9curis\u00e9es 100% pour garantir la protection de vos donn\u00e9es.<\/p>\n<p>\u2705\u00a0<strong>Produit original<\/strong>: Nous travaillons uniquement avec des montres originales de haute qualit\u00e9, directement issues des meilleures marques.<\/p>","protected":false},"featured_media":7371,"comment_status":"open","ping_status":"closed","template":"","meta":[],"product_brand":[],"product_cat":[188,62,56],"product_tag":[],"class_list":{"0":"post-7376","1":"product","2":"type-product","3":"status-publish","4":"has-post-thumbnail","6":"product_cat-citizen","7":"product_cat-automatico","8":"product_cat-relogios-homem","10":"first","11":"instock","12":"sale","13":"shipping-taxable","14":"purchasable","15":"product-type-variable"},"jetpack_sharing_enabled":true,"_links":{"self":[{"href":"https:\/\/relogios-online.com\/fr\/wp-json\/wp\/v2\/product\/7376","targetHints":{"allow":["GET"]}}],"collection":[{"href":"https:\/\/relogios-online.com\/fr\/wp-json\/wp\/v2\/product"}],"about":[{"href":"https:\/\/relogios-online.com\/fr\/wp-json\/wp\/v2\/types\/product"}],"replies":[{"embeddable":true,"href":"https:\/\/relogios-online.com\/fr\/wp-json\/wp\/v2\/comments?post=7376"}],"version-history":[{"count":1,"href":"https:\/\/relogios-online.com\/fr\/wp-json\/wp\/v2\/product\/7376\/revisions"}],"predecessor-version":[{"id":9632,"href":"https:\/\/relogios-online.com\/fr\/wp-json\/wp\/v2\/product\/7376\/revisions\/9632"}],"wp:featuredmedia":[{"embeddable":true,"href":"https:\/\/relogios-online.com\/fr\/wp-json\/wp\/v2\/media\/7371"}],"wp:attachment":[{"href":"https:\/\/relogios-online.com\/fr\/wp-json\/wp\/v2\/media?parent=7376"}],"wp:term":[{"taxonomy":"product_brand","embeddable":true,"href":"https:\/\/relogios-online.com\/fr\/wp-json\/wp\/v2\/product_brand?post=7376"},{"taxonomy":"product_cat","embeddable":true,"href":"https:\/\/relogios-online.com\/fr\/wp-json\/wp\/v2\/product_cat?post=7376"},{"taxonomy":"product_tag","embeddable":true,"href":"https:\/\/relogios-online.com\/fr\/wp-json\/wp\/v2\/product_tag?post=7376"}],"curies":[{"name":"wp","href":"https:\/\/api.w.org\/{rel}","templated":true}]}}