{"id":7386,"date":"2024-10-01T15:02:09","date_gmt":"2024-10-01T15:02:09","guid":{"rendered":"https:\/\/relogios-online.com\/?post_type=product&#038;p=7386"},"modified":"2025-10-17T17:15:42","modified_gmt":"2025-10-17T16:15:42","slug":"relogio-citizen-automatic-nh8350-59e-para-homem","status":"publish","type":"product","link":"https:\/\/relogios-online.com\/fr\/produit\/montre-citoyenne-automatique-nh8350-59e-pour-hommes\/","title":{"rendered":"Montre automatique Citizen NH8350-59E pour homme"},"content":{"rendered":"<h3>Montre Citizen NH8350-59E \u2013 \u00c9l\u00e9gance et pr\u00e9cision automatique<\/h3>\n<p>Le Citizen NH8350-59E est une combinaison parfaite de style et de technologie pour l&#039;homme moderne. Equip\u00e9e d&#039;un mouvement automatique Calibre 8200, cette montre offre la pr\u00e9cision et la durabilit\u00e9 qui font la renomm\u00e9e de la marque Citizen. Le cadran noir textur\u00e9 avec des index en chiffres romains offre un look sophistiqu\u00e9 et unique. Son bo\u00eetier et son bracelet en acier inoxydable compl\u00e8tent son design \u00e9l\u00e9gant, ce qui le rend id\u00e9al aussi bien pour un usage quotidien que pour des occasions sp\u00e9ciales. Avec une \u00e9tanch\u00e9it\u00e9 \u00e0 50 m\u00e8tres et un verre min\u00e9ral protecteur, la Citizen NH8350-59E est le bon choix pour ceux qui recherchent une montre alliant fonctionnalit\u00e9 et beaut\u00e9.<\/p>\n<h3>Caract\u00e9ristiques techniques :<\/h3>\n<table>\n<thead>\n<tr>\n<th><strong>Caract\u00e9ristiques<\/strong><\/th>\n<th><strong>D\u00e9tails<\/strong><\/th>\n<\/tr>\n<\/thead>\n<tbody>\n<tr>\n<td>Marque<\/td>\n<td>citoyen<\/td>\n<\/tr>\n<tr>\n<td>S\u00e9rie<\/td>\n<td>Automatique<\/td>\n<\/tr>\n<tr>\n<td>Mod\u00e8le<\/td>\n<td>NH8350-59E<\/td>\n<\/tr>\n<tr>\n<td>Genre<\/td>\n<td>Masculin<\/td>\n<\/tr>\n<tr>\n<td>Mouvement<\/td>\n<td>Automatique<\/td>\n<\/tr>\n<tr>\n<td>Calibre<\/td>\n<td>8200<\/td>\n<\/tr>\n<tr>\n<td>Mat\u00e9riau de la bo\u00eete<\/td>\n<td>Acier inoxydable<\/td>\n<\/tr>\n<tr>\n<td>Mat\u00e9riau du bracelet<\/td>\n<td>Acier inoxydable<\/td>\n<\/tr>\n<tr>\n<td>Type d&#039;affichage<\/td>\n<td>Analogique<\/td>\n<\/tr>\n<tr>\n<td>Couleur du cadran<\/td>\n<td>Noir textur\u00e9<\/td>\n<\/tr>\n<tr>\n<td>Cristal<\/td>\n<td>cristal min\u00e9ral<\/td>\n<\/tr>\n<tr>\n<td>Diam\u00e8tre du bo\u00eetier<\/td>\n<td>40mm<\/td>\n<\/tr>\n<tr>\n<td>\u00c9paisseur du bo\u00eetier<\/td>\n<td>11mm<\/td>\n<\/tr>\n<tr>\n<td>Type de couronne<\/td>\n<td>Tirer\/pousser<\/td>\n<\/tr>\n<tr>\n<td>Type de verre<\/td>\n<td>cristal min\u00e9ral<\/td>\n<\/tr>\n<tr>\n<td>R\u00e9sistance \u00e0 l&#039;eau<\/td>\n<td>50M<\/td>\n<\/tr>\n<tr>\n<td>Calendrier<\/td>\n<td>Affichage du jour et de la date<\/td>\n<\/tr>\n<tr>\n<td>Fonctions<\/td>\n<td>Jour, Date, Heure, Minute, Seconde<\/td>\n<\/tr>\n<tr>\n<td>Cl\u00f4ture<\/td>\n<td>Fermoir pliable<\/td>\n<\/tr>\n<tr>\n<td>Luminescence<\/td>\n<td>Mains<\/td>\n<\/tr>\n<tr>\n<td>Style<\/td>\n<td>Robe<\/td>\n<\/tr>\n<tr>\n<td>Garantie<\/td>\n<td>Garantie internationale 1 an<\/td>\n<\/tr>\n<\/tbody>\n<\/table>\n<p>Ce mod\u00e8le est un excellent exemple de l&#039;engagement de Citizen \u00e0 cr\u00e9er des montres de qualit\u00e9 au design exceptionnel. Ajoutez le Citizen NH8350-59E \u00e0 votre collection et d\u00e9couvrez la combinaison parfaite d&#039;\u00e9l\u00e9gance et de performance.<\/p>\n<p><a href=\"https:\/\/relogios-online.com\/\" target=\"_blank\" rel=\"noopener\">D\u00e9couvrez tous les produits Montres Homme sur relogios-online.com<\/a><\/p>","protected":false},"excerpt":{"rendered":"<p>\ud83d\ude9a\u00a0<strong>Options d&#039;exp\u00e9dition standard et express<\/strong>: Choisissez entre\u00a0<strong>Exp\u00e9dition standard mondiale<\/strong>\u00a0(15 \u00e0 21 jours ouvrables pour l&#039;Union europ\u00e9enne, 14 \u00e0 18 jours ouvrables pour les \u00c9tats-Unis et l&#039;Australie, 4 \u00e0 6 semaines pour le Br\u00e9sil et 3 \u00e0 6 semaines pour les autres pays) \u2013 le client peut \u00eatre responsable de la TVA et des frais de douane, si ils se produisent \u2013 ou\u00a0<strong>Exp\u00e9dition express (DHL\/FedEx)<\/strong>\u00a0dans\u00a0<strong>5 jours ouvrables<\/strong>\u00a0avec tous les frais d\u00e9j\u00e0 inclus dans le prix.<br \/>\nConsultez notre\u00a0<strong>Politique\u00a0<a href=\"https:\/\/relogios-online.com\/politica-de-envio\/\" target=\"_blank\" rel=\"noopener\">Politique d&#039;exp\u00e9dition<\/a>.<\/strong><\/p>\n<p>\ud83d\udd12\u00a0<strong>Assurance qualit\u00e9<\/strong>: Tous nos produits ont\u00a0<strong>Garantie 12 mois<\/strong>, garantissant qualit\u00e9 et satisfaction.<\/p>\n<p>\ud83d\udcde\u00a0<strong>Service client<\/strong>: Notre \u00e9quipe est toujours pr\u00eate \u00e0 vous accompagner \u00e0 chaque \u00e9tape de votre achat.<\/p>\n<p>\ud83d\udcb3\u00a0<strong>Paiement s\u00e9curis\u00e9<\/strong>: Nous proposons des options de paiement s\u00e9curis\u00e9es 100% pour garantir la protection de vos donn\u00e9es.<\/p>\n<p>\u2705\u00a0<strong>Produit original<\/strong>: Nous travaillons uniquement avec des montres originales de haute qualit\u00e9, directement issues des meilleures marques.<\/p>","protected":false},"featured_media":7381,"comment_status":"open","ping_status":"closed","template":"","meta":[],"product_brand":[],"product_cat":[188,62,56],"product_tag":[],"class_list":{"0":"post-7386","1":"product","2":"type-product","3":"status-publish","4":"has-post-thumbnail","6":"product_cat-citizen","7":"product_cat-automatico","8":"product_cat-relogios-homem","10":"first","11":"instock","12":"sale","13":"shipping-taxable","14":"purchasable","15":"product-type-variable"},"jetpack_sharing_enabled":true,"_links":{"self":[{"href":"https:\/\/relogios-online.com\/fr\/wp-json\/wp\/v2\/product\/7386","targetHints":{"allow":["GET"]}}],"collection":[{"href":"https:\/\/relogios-online.com\/fr\/wp-json\/wp\/v2\/product"}],"about":[{"href":"https:\/\/relogios-online.com\/fr\/wp-json\/wp\/v2\/types\/product"}],"replies":[{"embeddable":true,"href":"https:\/\/relogios-online.com\/fr\/wp-json\/wp\/v2\/comments?post=7386"}],"version-history":[{"count":1,"href":"https:\/\/relogios-online.com\/fr\/wp-json\/wp\/v2\/product\/7386\/revisions"}],"predecessor-version":[{"id":9631,"href":"https:\/\/relogios-online.com\/fr\/wp-json\/wp\/v2\/product\/7386\/revisions\/9631"}],"wp:featuredmedia":[{"embeddable":true,"href":"https:\/\/relogios-online.com\/fr\/wp-json\/wp\/v2\/media\/7381"}],"wp:attachment":[{"href":"https:\/\/relogios-online.com\/fr\/wp-json\/wp\/v2\/media?parent=7386"}],"wp:term":[{"taxonomy":"product_brand","embeddable":true,"href":"https:\/\/relogios-online.com\/fr\/wp-json\/wp\/v2\/product_brand?post=7386"},{"taxonomy":"product_cat","embeddable":true,"href":"https:\/\/relogios-online.com\/fr\/wp-json\/wp\/v2\/product_cat?post=7386"},{"taxonomy":"product_tag","embeddable":true,"href":"https:\/\/relogios-online.com\/fr\/wp-json\/wp\/v2\/product_tag?post=7386"}],"curies":[{"name":"wp","href":"https:\/\/api.w.org\/{rel}","templated":true}]}}