{"id":7448,"date":"2024-10-03T03:49:09","date_gmt":"2024-10-03T03:49:09","guid":{"rendered":"https:\/\/relogios-online.com\/?post_type=product&#038;p=7448"},"modified":"2025-10-17T17:19:30","modified_gmt":"2025-10-17T16:19:30","slug":"seiko-5-automatico-21-joias-japao-fez-snk574-snk574j1-snk574j-relogio-dos-homens","status":"publish","type":"product","link":"https:\/\/relogios-online.com\/fr\/produit\/montre-homme-seiko-5-automatique-21-rubis-fabriquee-au-japon-snk574-snk574j1-snk574j\/","title":{"rendered":"Montre pour homme Seiko 5 automatique 21 bijoux fabriqu\u00e9e au Japon SNK574 SNK574J1 SNK574J"},"content":{"rendered":"<p>Caract\u00e9ristiques : Fabriqu\u00e9 au Japon Bo\u00eetier en acier inoxydable dor\u00e9 Bracelet en acier inoxydable dor\u00e9 Mouvement automatique Calibre : 7s26 Verre min\u00e9ral 21 rubis Cadran dor\u00e9 Aiguilles et index lumineux Affichage du jour et de la date Fond transparent Fermoir d\u00e9ployant \u00c9tanch\u00e9it\u00e9 \u00e0 30 m Diam\u00e8tre approximatif du bo\u00eetier : 35 mm \u00c9paisseur approximative du bo\u00eetier : 11 mm<\/p>\n<p><a href=\"https:\/\/relogios-online.com\/\" target=\"_blank\" rel=\"noopener\">D\u00e9couvrez tous les produits automatiques sur relogios-online.com<\/a><\/p>","protected":false},"excerpt":{"rendered":"<p>Caracter\u00edsticas: Feito no Jap\u00e3o Caixa de a\u00e7o inoxid\u00e1vel tom de ouro Pulseira de a\u00e7o inoxid\u00e1vel tom de ouro Movimento Autom\u00e1tico<\/p>","protected":false},"featured_media":7443,"comment_status":"open","ping_status":"closed","template":"","meta":[],"product_brand":[],"product_cat":[62,20],"product_tag":[],"class_list":{"0":"post-7448","1":"product","2":"type-product","3":"status-publish","4":"has-post-thumbnail","6":"product_cat-automatico","7":"product_cat-sem-categoria","9":"first","10":"instock","11":"sale","12":"shipping-taxable","13":"purchasable","14":"product-type-variable"},"jetpack_sharing_enabled":true,"_links":{"self":[{"href":"https:\/\/relogios-online.com\/fr\/wp-json\/wp\/v2\/product\/7448","targetHints":{"allow":["GET"]}}],"collection":[{"href":"https:\/\/relogios-online.com\/fr\/wp-json\/wp\/v2\/product"}],"about":[{"href":"https:\/\/relogios-online.com\/fr\/wp-json\/wp\/v2\/types\/product"}],"replies":[{"embeddable":true,"href":"https:\/\/relogios-online.com\/fr\/wp-json\/wp\/v2\/comments?post=7448"}],"version-history":[{"count":1,"href":"https:\/\/relogios-online.com\/fr\/wp-json\/wp\/v2\/product\/7448\/revisions"}],"predecessor-version":[{"id":9675,"href":"https:\/\/relogios-online.com\/fr\/wp-json\/wp\/v2\/product\/7448\/revisions\/9675"}],"wp:featuredmedia":[{"embeddable":true,"href":"https:\/\/relogios-online.com\/fr\/wp-json\/wp\/v2\/media\/7443"}],"wp:attachment":[{"href":"https:\/\/relogios-online.com\/fr\/wp-json\/wp\/v2\/media?parent=7448"}],"wp:term":[{"taxonomy":"product_brand","embeddable":true,"href":"https:\/\/relogios-online.com\/fr\/wp-json\/wp\/v2\/product_brand?post=7448"},{"taxonomy":"product_cat","embeddable":true,"href":"https:\/\/relogios-online.com\/fr\/wp-json\/wp\/v2\/product_cat?post=7448"},{"taxonomy":"product_tag","embeddable":true,"href":"https:\/\/relogios-online.com\/fr\/wp-json\/wp\/v2\/product_tag?post=7448"}],"curies":[{"name":"wp","href":"https:\/\/api.w.org\/{rel}","templated":true}]}}