{"id":7477,"date":"2024-10-03T03:48:36","date_gmt":"2024-10-03T03:48:36","guid":{"rendered":"https:\/\/relogios-online.com\/?post_type=product&#038;p=7477"},"modified":"2025-10-17T17:19:34","modified_gmt":"2025-10-17T16:19:34","slug":"relogio-masculino-seiko-5-dois-tons-de-aco-inoxidavel-branco-arabe-mostrador-automatico-snkl24-snkl24j1-snkl24j","status":"publish","type":"product","link":"https:\/\/relogios-online.com\/fr\/produit\/montre-seiko-5-pour-hommes-bicolore-acier-inoxydable-cadran-arabe-blanc-automatique-snkl24-snkl24j1-snkl24j\/","title":{"rendered":"Montre Seiko 5 pour hommes, bicolore, acier inoxydable, cadran arabe blanc, automatique, SNKL24 SNKL24J1 SNKL24J"},"content":{"rendered":"<p>Caract\u00e9ristiques : Bo\u00eetier en acier inoxydable bicolore Bracelet en acier inoxydable bicolore Mouvement automatique Calibre : 7S26 21 rubis Cristal min\u00e9ral Cadran blanc Affichage analogique R\u00e9serve de marche jusqu&#039;\u00e0 41 heures Aiguilles lumineuses Affichage du jour et de la date Couronne \u00e0 tirer\/pousser Voir \u00e0 travers le fond du bo\u00eetier Boucle d\u00e9ployante 30m r\u00e9sistance \u00e0 l&#039;eau Diam\u00e8tre approximatif du bo\u00eetier : 38 mm \u00c9paisseur approximative du bo\u00eetier : 10 mm<\/p>\n<p><a href=\"https:\/\/relogios-online.com\/\" target=\"_blank\" rel=\"noopener\">D\u00e9couvrez tous les produits automatiques sur relogios-online.com<\/a><\/p>","protected":false},"excerpt":{"rendered":"<p>Caracter\u00edsticas: Caixa de a\u00e7o inoxid\u00e1vel de dois tons Pulseira de a\u00e7o inoxid\u00e1vel de dois tons Movimento Autom\u00e1tico Calibre: 7S26 21<\/p>","protected":false},"featured_media":7473,"comment_status":"open","ping_status":"closed","template":"","meta":[],"product_brand":[],"product_cat":[62,20],"product_tag":[],"class_list":{"0":"post-7477","1":"product","2":"type-product","3":"status-publish","4":"has-post-thumbnail","6":"product_cat-automatico","7":"product_cat-sem-categoria","9":"first","10":"instock","11":"sale","12":"shipping-taxable","13":"purchasable","14":"product-type-variable"},"jetpack_sharing_enabled":true,"_links":{"self":[{"href":"https:\/\/relogios-online.com\/fr\/wp-json\/wp\/v2\/product\/7477","targetHints":{"allow":["GET"]}}],"collection":[{"href":"https:\/\/relogios-online.com\/fr\/wp-json\/wp\/v2\/product"}],"about":[{"href":"https:\/\/relogios-online.com\/fr\/wp-json\/wp\/v2\/types\/product"}],"replies":[{"embeddable":true,"href":"https:\/\/relogios-online.com\/fr\/wp-json\/wp\/v2\/comments?post=7477"}],"version-history":[{"count":1,"href":"https:\/\/relogios-online.com\/fr\/wp-json\/wp\/v2\/product\/7477\/revisions"}],"predecessor-version":[{"id":9678,"href":"https:\/\/relogios-online.com\/fr\/wp-json\/wp\/v2\/product\/7477\/revisions\/9678"}],"wp:featuredmedia":[{"embeddable":true,"href":"https:\/\/relogios-online.com\/fr\/wp-json\/wp\/v2\/media\/7473"}],"wp:attachment":[{"href":"https:\/\/relogios-online.com\/fr\/wp-json\/wp\/v2\/media?parent=7477"}],"wp:term":[{"taxonomy":"product_brand","embeddable":true,"href":"https:\/\/relogios-online.com\/fr\/wp-json\/wp\/v2\/product_brand?post=7477"},{"taxonomy":"product_cat","embeddable":true,"href":"https:\/\/relogios-online.com\/fr\/wp-json\/wp\/v2\/product_cat?post=7477"},{"taxonomy":"product_tag","embeddable":true,"href":"https:\/\/relogios-online.com\/fr\/wp-json\/wp\/v2\/product_tag?post=7477"}],"curies":[{"name":"wp","href":"https:\/\/api.w.org\/{rel}","templated":true}]}}