{"id":7563,"date":"2024-10-03T03:46:26","date_gmt":"2024-10-03T03:46:26","guid":{"rendered":"https:\/\/relogios-online.com\/?post_type=product&#038;p=7563"},"modified":"2025-10-17T17:19:44","modified_gmt":"2025-10-17T16:19:44","slug":"seiko-5-sports-snzg11j1-var-ls13-japan-made-dark-blue-leather-strap-mens-watch","status":"publish","type":"product","link":"https:\/\/relogios-online.com\/fr\/produit\/seiko-5-sports-snzg11j1-var-ls13-montre-pour-homme-avec-bracelet-en-cuir-bleu-fonce-fabriquee-au-japon\/","title":{"rendered":"Montre pour homme Seiko 5 Sports SNZG11J1-var-LS13 fabriqu\u00e9e au Japon avec bracelet en cuir bleu fonc\u00e9"},"content":{"rendered":"<p>Caract\u00e9ristiques :Fabriqu\u00e9 au JaponBo\u00eetier en acier inoxydableBracelet en cuir bleu fonc\u00e9Mouvement automatiqueCalibre : 7S3623 BijouxCristal HardlexCadran bleuAffichage analogiqueAffichage 12\/24 heuresAiguilles et marqueurs lumineuxAffichage du jour et de la dateCouronne \u00e0 tirer\/pousserFond transparentFermoir \u00e0 boucleR\u00e9sistance \u00e0 l&#039;eau 100MDiam\u00e8tre approximatif du bo\u00eetier : 42 mm\u00c9paisseur approximative du bo\u00eetier : 12 mm<\/p>\n<p><a href=\"https:\/\/relogios-online.com\/\" target=\"_blank\" rel=\"noopener\">D\u00e9couvrez tous les produits automatiques sur relogios-online.com<\/a><\/p>","protected":false},"excerpt":{"rendered":"<p>Features:Made In JapanStainless Steel CaseDark Blue Leather StrapAutomatic MovementCaliber: 7S3623 JewelsHardlex CrystalBlue DialAnalog Display12\/24 Hours DisplayLuminous Hands And MarkersDay And<\/p>","protected":false},"featured_media":7559,"comment_status":"open","ping_status":"closed","template":"","meta":[],"product_brand":[],"product_cat":[62,20],"product_tag":[],"class_list":{"0":"post-7563","1":"product","2":"type-product","3":"status-publish","4":"has-post-thumbnail","6":"product_cat-automatico","7":"product_cat-sem-categoria","9":"first","10":"instock","11":"sale","12":"shipping-taxable","13":"purchasable","14":"product-type-variable"},"jetpack_sharing_enabled":true,"_links":{"self":[{"href":"https:\/\/relogios-online.com\/fr\/wp-json\/wp\/v2\/product\/7563","targetHints":{"allow":["GET"]}}],"collection":[{"href":"https:\/\/relogios-online.com\/fr\/wp-json\/wp\/v2\/product"}],"about":[{"href":"https:\/\/relogios-online.com\/fr\/wp-json\/wp\/v2\/types\/product"}],"replies":[{"embeddable":true,"href":"https:\/\/relogios-online.com\/fr\/wp-json\/wp\/v2\/comments?post=7563"}],"version-history":[{"count":1,"href":"https:\/\/relogios-online.com\/fr\/wp-json\/wp\/v2\/product\/7563\/revisions"}],"predecessor-version":[{"id":9687,"href":"https:\/\/relogios-online.com\/fr\/wp-json\/wp\/v2\/product\/7563\/revisions\/9687"}],"wp:featuredmedia":[{"embeddable":true,"href":"https:\/\/relogios-online.com\/fr\/wp-json\/wp\/v2\/media\/7559"}],"wp:attachment":[{"href":"https:\/\/relogios-online.com\/fr\/wp-json\/wp\/v2\/media?parent=7563"}],"wp:term":[{"taxonomy":"product_brand","embeddable":true,"href":"https:\/\/relogios-online.com\/fr\/wp-json\/wp\/v2\/product_brand?post=7563"},{"taxonomy":"product_cat","embeddable":true,"href":"https:\/\/relogios-online.com\/fr\/wp-json\/wp\/v2\/product_cat?post=7563"},{"taxonomy":"product_tag","embeddable":true,"href":"https:\/\/relogios-online.com\/fr\/wp-json\/wp\/v2\/product_tag?post=7563"}],"curies":[{"name":"wp","href":"https:\/\/api.w.org\/{rel}","templated":true}]}}