{"id":7573,"date":"2024-10-03T03:46:14","date_gmt":"2024-10-03T03:46:14","guid":{"rendered":"https:\/\/relogios-online.com\/?post_type=product&#038;p=7573"},"modified":"2025-10-17T17:19:46","modified_gmt":"2025-10-17T16:19:46","slug":"seiko-5-automatic-snkp20-snkp20j1-snkp20j-japan-made-mens-watch","status":"publish","type":"product","link":"https:\/\/relogios-online.com\/fr\/produit\/montre-homme-seiko-5-automatique-snkp20-snkp20j1-snkp20j-fabriquee-au-japon\/","title":{"rendered":"Montre pour homme Seiko 5 automatique SNKP20 SNKP20J1 SNKP20J fabriqu\u00e9e au Japon"},"content":{"rendered":"<p>Caract\u00e9ristiques :Fabriqu\u00e9 au JaponBo\u00eetier en acier inoxydable dor\u00e9Bracelet en acier inoxydable dor\u00e9Mouvement automatiqueCalibre : 7S2621 rubisCristal HardlexCadran champagne\/orAffichage analogiqueAiguilles et marqueurs luminescentsAffichage du jour et de la dateCouronne \u00e0 tirer\/pousserFond transparent du bo\u00eetierFermoir d\u00e9ployantR\u00e9sistance \u00e0 l&#039;eau de 50 MDiam\u00e8tre approximatif du bo\u00eetier : 43 mm\u00c9paisseur approximative du bo\u00eetier : 12 mm<\/p>\n<p><a href=\"https:\/\/relogios-online.com\/\" target=\"_blank\" rel=\"noopener\">D\u00e9couvrez tous les produits automatiques sur relogios-online.com<\/a><\/p>","protected":false},"excerpt":{"rendered":"<p>Features:Made In JapanGold Tone Stainless Steel CaseGold Tone Stainless Steel BraceletAutomatic MovementCaliber: 7S2621 JewelsHardlex CrystalChampagne\/Gold DialAnalog DisplayLuminous Hands And MarkersDay<\/p>","protected":false},"featured_media":7568,"comment_status":"open","ping_status":"closed","template":"","meta":[],"product_brand":[],"product_cat":[62,20],"product_tag":[],"class_list":{"0":"post-7573","1":"product","2":"type-product","3":"status-publish","4":"has-post-thumbnail","6":"product_cat-automatico","7":"product_cat-sem-categoria","9":"first","10":"instock","11":"sale","12":"shipping-taxable","13":"purchasable","14":"product-type-variable"},"jetpack_sharing_enabled":true,"_links":{"self":[{"href":"https:\/\/relogios-online.com\/fr\/wp-json\/wp\/v2\/product\/7573","targetHints":{"allow":["GET"]}}],"collection":[{"href":"https:\/\/relogios-online.com\/fr\/wp-json\/wp\/v2\/product"}],"about":[{"href":"https:\/\/relogios-online.com\/fr\/wp-json\/wp\/v2\/types\/product"}],"replies":[{"embeddable":true,"href":"https:\/\/relogios-online.com\/fr\/wp-json\/wp\/v2\/comments?post=7573"}],"version-history":[{"count":1,"href":"https:\/\/relogios-online.com\/fr\/wp-json\/wp\/v2\/product\/7573\/revisions"}],"predecessor-version":[{"id":9688,"href":"https:\/\/relogios-online.com\/fr\/wp-json\/wp\/v2\/product\/7573\/revisions\/9688"}],"wp:featuredmedia":[{"embeddable":true,"href":"https:\/\/relogios-online.com\/fr\/wp-json\/wp\/v2\/media\/7568"}],"wp:attachment":[{"href":"https:\/\/relogios-online.com\/fr\/wp-json\/wp\/v2\/media?parent=7573"}],"wp:term":[{"taxonomy":"product_brand","embeddable":true,"href":"https:\/\/relogios-online.com\/fr\/wp-json\/wp\/v2\/product_brand?post=7573"},{"taxonomy":"product_cat","embeddable":true,"href":"https:\/\/relogios-online.com\/fr\/wp-json\/wp\/v2\/product_cat?post=7573"},{"taxonomy":"product_tag","embeddable":true,"href":"https:\/\/relogios-online.com\/fr\/wp-json\/wp\/v2\/product_tag?post=7573"}],"curies":[{"name":"wp","href":"https:\/\/api.w.org\/{rel}","templated":true}]}}