{"id":7582,"date":"2024-10-03T03:46:03","date_gmt":"2024-10-03T03:46:03","guid":{"rendered":"https:\/\/relogios-online.com\/?post_type=product&#038;p=7582"},"modified":"2025-10-17T17:19:51","modified_gmt":"2025-10-17T16:19:51","slug":"seiko-5-automatic-gold-tone-dial-snkp20-snkp20k1-snkp20k-mens-watch","status":"publish","type":"product","link":"https:\/\/relogios-online.com\/fr\/produit\/seiko-5-automatique-cadran-dore-snkp20-snkp20k1-snkp20k-montre-pour-homme\/","title":{"rendered":"Montre pour homme Seiko 5 automatique avec cadran dor\u00e9 SNKP20 SNKP20K1 SNKP20K"},"content":{"rendered":"<p>Caract\u00e9ristiques :Bo\u00eetier en acier inoxydable dor\u00e9Bracelet en acier inoxydable dor\u00e9Mouvement automatiqueCalibre : 7S2621 BijouxCristal HardlexCadran dor\u00e9Affichage analogiqueAiguilles et marqueurs lumineuxAffichage du jour et de la dateFond transparentFermoir d\u00e9ployantR\u00e9sistance \u00e0 l&#039;eau 50MDiam\u00e8tre approximatif du bo\u00eetier : 42 mm\u00c9paisseur approximative du bo\u00eetier : 12 mm<\/p>\n<p><a href=\"https:\/\/relogios-online.com\/\" target=\"_blank\" rel=\"noopener\">D\u00e9couvrez tous les produits automatiques sur relogios-online.com<\/a><\/p>","protected":false},"excerpt":{"rendered":"<p>Caract\u00e9ristiques : Bo\u00eetier en acier inoxydable dor\u00e9 Bracelet en acier inoxydable dor\u00e9 Mouvement automatique Calibre : 7S2621 rubis Cristal Hardlex Cadran dor\u00e9 Affichage analogique Aiguilles et marqueurs luminescents Jour et<\/p>","protected":false},"featured_media":7578,"comment_status":"open","ping_status":"closed","template":"","meta":[],"product_brand":[],"product_cat":[62,20],"product_tag":[],"class_list":{"0":"post-7582","1":"product","2":"type-product","3":"status-publish","4":"has-post-thumbnail","6":"product_cat-automatico","7":"product_cat-sem-categoria","9":"first","10":"instock","11":"sale","12":"shipping-taxable","13":"purchasable","14":"product-type-variable"},"jetpack_sharing_enabled":true,"_links":{"self":[{"href":"https:\/\/relogios-online.com\/fr\/wp-json\/wp\/v2\/product\/7582","targetHints":{"allow":["GET"]}}],"collection":[{"href":"https:\/\/relogios-online.com\/fr\/wp-json\/wp\/v2\/product"}],"about":[{"href":"https:\/\/relogios-online.com\/fr\/wp-json\/wp\/v2\/types\/product"}],"replies":[{"embeddable":true,"href":"https:\/\/relogios-online.com\/fr\/wp-json\/wp\/v2\/comments?post=7582"}],"version-history":[{"count":1,"href":"https:\/\/relogios-online.com\/fr\/wp-json\/wp\/v2\/product\/7582\/revisions"}],"predecessor-version":[{"id":9689,"href":"https:\/\/relogios-online.com\/fr\/wp-json\/wp\/v2\/product\/7582\/revisions\/9689"}],"wp:featuredmedia":[{"embeddable":true,"href":"https:\/\/relogios-online.com\/fr\/wp-json\/wp\/v2\/media\/7578"}],"wp:attachment":[{"href":"https:\/\/relogios-online.com\/fr\/wp-json\/wp\/v2\/media?parent=7582"}],"wp:term":[{"taxonomy":"product_brand","embeddable":true,"href":"https:\/\/relogios-online.com\/fr\/wp-json\/wp\/v2\/product_brand?post=7582"},{"taxonomy":"product_cat","embeddable":true,"href":"https:\/\/relogios-online.com\/fr\/wp-json\/wp\/v2\/product_cat?post=7582"},{"taxonomy":"product_tag","embeddable":true,"href":"https:\/\/relogios-online.com\/fr\/wp-json\/wp\/v2\/product_tag?post=7582"}],"curies":[{"name":"wp","href":"https:\/\/api.w.org\/{rel}","templated":true}]}}