{"id":7706,"date":"2024-10-02T16:52:13","date_gmt":"2024-10-02T16:52:13","guid":{"rendered":"https:\/\/relogios-online.com\/?post_type=product&#038;p=7706"},"modified":"2025-10-17T17:20:15","modified_gmt":"2025-10-17T16:20:15","slug":"orient-2a-geracao-bambino-classic-automatico-fac00009n0-tac00009n0-relogio-masculino","status":"publish","type":"product","link":"https:\/\/relogios-online.com\/fr\/produit\/montre-pour-homme-orient-2e-generation-bambino-classique-automatique-fac00009n0-tac00009n0\/","title":{"rendered":"Montre pour homme Orient 2e g\u00e9n\u00e9ration Bambino Classic automatique FAC00009N0 TAC00009N0"},"content":{"rendered":"<p>Caract\u00e9ristiques : S\u00e9rie Orient Bambino Bo\u00eetier en acier inoxydable Bracelet en cuir Calibre : F6724 Mouvement automatique \u00e0 remontage automatique Verre min\u00e9ral Cadran champagne bomb\u00e9 R\u00e9serve de marche de 40 heures Indicateur de date Fond du bo\u00eetier viss\u00e9 Fermeture \u00e0 boucle r\u00e9sistante \u00e0 l&#039;eau 30M Diam\u00e8tre approximatif \u00c9paisseur du bo\u00eetier : 40,50 mm \u00c9paisseur approximative du bo\u00eetier : 11,80 mm Num\u00e9ros de mod\u00e8les alternatifs\u00a0: AC00009N, FAC00009N0, TAC00009N0<\/p>\n<p><a href=\"https:\/\/relogios-online.com\/\" target=\"_blank\" rel=\"noopener\">D\u00e9couvrez tous les produits automatiques sur relogios-online.com<\/a><\/p>","protected":false},"excerpt":{"rendered":"<p>Caract\u00e9ristiques : S\u00e9rie Orient Bambino Bo\u00eetier en acier inoxydable Bracelet en cuir Calibre : F6724 Mouvement automatique \u00e0 remontage automatique Verre min\u00e9ral<\/p>","protected":false},"featured_media":7701,"comment_status":"open","ping_status":"closed","template":"","meta":[],"product_brand":[],"product_cat":[62,20],"product_tag":[],"class_list":{"0":"post-7706","1":"product","2":"type-product","3":"status-publish","4":"has-post-thumbnail","6":"product_cat-automatico","7":"product_cat-sem-categoria","9":"first","10":"instock","11":"sale","12":"shipping-taxable","13":"purchasable","14":"product-type-variable"},"jetpack_sharing_enabled":true,"_links":{"self":[{"href":"https:\/\/relogios-online.com\/fr\/wp-json\/wp\/v2\/product\/7706","targetHints":{"allow":["GET"]}}],"collection":[{"href":"https:\/\/relogios-online.com\/fr\/wp-json\/wp\/v2\/product"}],"about":[{"href":"https:\/\/relogios-online.com\/fr\/wp-json\/wp\/v2\/types\/product"}],"replies":[{"embeddable":true,"href":"https:\/\/relogios-online.com\/fr\/wp-json\/wp\/v2\/comments?post=7706"}],"version-history":[{"count":1,"href":"https:\/\/relogios-online.com\/fr\/wp-json\/wp\/v2\/product\/7706\/revisions"}],"predecessor-version":[{"id":9702,"href":"https:\/\/relogios-online.com\/fr\/wp-json\/wp\/v2\/product\/7706\/revisions\/9702"}],"wp:featuredmedia":[{"embeddable":true,"href":"https:\/\/relogios-online.com\/fr\/wp-json\/wp\/v2\/media\/7701"}],"wp:attachment":[{"href":"https:\/\/relogios-online.com\/fr\/wp-json\/wp\/v2\/media?parent=7706"}],"wp:term":[{"taxonomy":"product_brand","embeddable":true,"href":"https:\/\/relogios-online.com\/fr\/wp-json\/wp\/v2\/product_brand?post=7706"},{"taxonomy":"product_cat","embeddable":true,"href":"https:\/\/relogios-online.com\/fr\/wp-json\/wp\/v2\/product_cat?post=7706"},{"taxonomy":"product_tag","embeddable":true,"href":"https:\/\/relogios-online.com\/fr\/wp-json\/wp\/v2\/product_tag?post=7706"}],"curies":[{"name":"wp","href":"https:\/\/api.w.org\/{rel}","templated":true}]}}