{"id":7786,"date":"2024-10-02T16:51:56","date_gmt":"2024-10-02T16:51:56","guid":{"rendered":"https:\/\/relogios-online.com\/?post_type=product&#038;p=7786"},"modified":"2025-10-17T17:21:01","modified_gmt":"2025-10-17T16:21:01","slug":"relogio-masculino-de-aco-inoxidavel-com-revivalismo-do-mapa-do-mundo-orientado-ra-aa0e01s19b-200m","status":"publish","type":"product","link":"https:\/\/relogios-online.com\/fr\/produit\/montre-homme-en-acier-inoxydable-avec-carte-du-monde-orientee-ra-revival-aa0e01s19b-200-m\/","title":{"rendered":"RA-AA0E01S19B Montre en acier inoxydable pour homme avec carte du monde orient\u00e9e 200 m"},"content":{"rendered":"<p>Caract\u00e9ristiques : Bo\u00eetier en acier inoxydable Bracelet en acier inoxydable Mouvement automatique Calibre : F6922 22 rubis Verre min\u00e9ral Cadran argent\u00e9 Affichage analogique R\u00e9serve de marche Aiguilles lumineuses Affichage du jour et de la date Affichage 12\/24 heures Lunette tournante Couronne viss\u00e9e Fond viss\u00e9 Boucle d\u00e9ployante \u00c9tanch\u00e9it\u00e9 \u00e0 200 m Diam\u00e8tre approximatif du bo\u00eetier : 44 mm \u00c9paisseur approximative du bo\u00eetier : 14 mm Largeur approximative des cornes : 20 mm<\/p>\n<p><a href=\"https:\/\/relogios-online.com\/\" target=\"_blank\" rel=\"noopener\">D\u00e9couvrez tous les produits automatiques sur relogios-online.com<\/a><\/p>","protected":false},"excerpt":{"rendered":"<p>Caracter\u00edsticas: Caixa de a\u00e7o inoxid\u00e1vel Pulseira de a\u00e7o inoxid\u00e1vel Movimento Autom\u00e1tico Calibre: F6922 22 joias Cristal mineral Silver Dial Display<\/p>","protected":false},"featured_media":7781,"comment_status":"open","ping_status":"closed","template":"","meta":[],"product_brand":[],"product_cat":[62,20],"product_tag":[],"class_list":{"0":"post-7786","1":"product","2":"type-product","3":"status-publish","4":"has-post-thumbnail","6":"product_cat-automatico","7":"product_cat-sem-categoria","9":"first","10":"instock","11":"sale","12":"shipping-taxable","13":"purchasable","14":"product-type-variable"},"jetpack_sharing_enabled":true,"_links":{"self":[{"href":"https:\/\/relogios-online.com\/fr\/wp-json\/wp\/v2\/product\/7786","targetHints":{"allow":["GET"]}}],"collection":[{"href":"https:\/\/relogios-online.com\/fr\/wp-json\/wp\/v2\/product"}],"about":[{"href":"https:\/\/relogios-online.com\/fr\/wp-json\/wp\/v2\/types\/product"}],"replies":[{"embeddable":true,"href":"https:\/\/relogios-online.com\/fr\/wp-json\/wp\/v2\/comments?post=7786"}],"version-history":[{"count":1,"href":"https:\/\/relogios-online.com\/fr\/wp-json\/wp\/v2\/product\/7786\/revisions"}],"predecessor-version":[{"id":9710,"href":"https:\/\/relogios-online.com\/fr\/wp-json\/wp\/v2\/product\/7786\/revisions\/9710"}],"wp:featuredmedia":[{"embeddable":true,"href":"https:\/\/relogios-online.com\/fr\/wp-json\/wp\/v2\/media\/7781"}],"wp:attachment":[{"href":"https:\/\/relogios-online.com\/fr\/wp-json\/wp\/v2\/media?parent=7786"}],"wp:term":[{"taxonomy":"product_brand","embeddable":true,"href":"https:\/\/relogios-online.com\/fr\/wp-json\/wp\/v2\/product_brand?post=7786"},{"taxonomy":"product_cat","embeddable":true,"href":"https:\/\/relogios-online.com\/fr\/wp-json\/wp\/v2\/product_cat?post=7786"},{"taxonomy":"product_tag","embeddable":true,"href":"https:\/\/relogios-online.com\/fr\/wp-json\/wp\/v2\/product_tag?post=7786"}],"curies":[{"name":"wp","href":"https:\/\/api.w.org\/{rel}","templated":true}]}}