{"id":7796,"date":"2024-10-02T16:51:54","date_gmt":"2024-10-02T16:51:54","guid":{"rendered":"https:\/\/relogios-online.com\/?post_type=product&#038;p=7796"},"modified":"2025-10-17T17:21:05","modified_gmt":"2025-10-17T16:21:05","slug":"relogio-masculino-orientador-preto-mostrador-em-aco-inoxidavel-ra-aa0912b19b-200m","status":"publish","type":"product","link":"https:\/\/relogios-online.com\/fr\/produit\/montre-homme-orient-cadran-acier-inoxydable-noir-ra-aa0912b19b-200m\/","title":{"rendered":"Montre Homme Orienter Cadran Noir Acier Inoxydable RA-AA0912B19B 200M"},"content":{"rendered":"<p>Caract\u00e9ristiques : Bo\u00eetier en acier inoxydable Bracelet en acier inoxydable Mouvement automatique Calibre : F6922 22 rubis Verre min\u00e9ral Cadran noir Affichage analogique Aiguilles et marqueurs luminescents Affichage du jour et de la date Couronne viss\u00e9e Lunette tournante unidirectionnelle Fond du bo\u00eetier viss\u00e9 Fermoir d\u00e9ployant \u00c9tanch\u00e9it\u00e9 \u00e0 200 m Diam\u00e8tre approximatif du bo\u00eetier : 44 mm \u00c9paisseur approximative du bo\u00eetier : 13 mm<\/p>\n<p><a href=\"https:\/\/relogios-online.com\/\" target=\"_blank\" rel=\"noopener\">D\u00e9couvrez tous les produits automatiques sur relogios-online.com<\/a><\/p>","protected":false},"excerpt":{"rendered":"<p>Caracter\u00edsticas: Caixa de a\u00e7o inoxid\u00e1vel Pulseira de a\u00e7o inoxid\u00e1vel Movimento Autom\u00e1tico Calibre: F6922 22 joias Cristal mineral Black Dial Display<\/p>","protected":false},"featured_media":7791,"comment_status":"open","ping_status":"closed","template":"","meta":[],"product_brand":[],"product_cat":[62,20],"product_tag":[],"class_list":{"0":"post-7796","1":"product","2":"type-product","3":"status-publish","4":"has-post-thumbnail","6":"product_cat-automatico","7":"product_cat-sem-categoria","9":"first","10":"instock","11":"sale","12":"shipping-taxable","13":"purchasable","14":"product-type-variable"},"jetpack_sharing_enabled":true,"_links":{"self":[{"href":"https:\/\/relogios-online.com\/fr\/wp-json\/wp\/v2\/product\/7796","targetHints":{"allow":["GET"]}}],"collection":[{"href":"https:\/\/relogios-online.com\/fr\/wp-json\/wp\/v2\/product"}],"about":[{"href":"https:\/\/relogios-online.com\/fr\/wp-json\/wp\/v2\/types\/product"}],"replies":[{"embeddable":true,"href":"https:\/\/relogios-online.com\/fr\/wp-json\/wp\/v2\/comments?post=7796"}],"version-history":[{"count":1,"href":"https:\/\/relogios-online.com\/fr\/wp-json\/wp\/v2\/product\/7796\/revisions"}],"predecessor-version":[{"id":9711,"href":"https:\/\/relogios-online.com\/fr\/wp-json\/wp\/v2\/product\/7796\/revisions\/9711"}],"wp:featuredmedia":[{"embeddable":true,"href":"https:\/\/relogios-online.com\/fr\/wp-json\/wp\/v2\/media\/7791"}],"wp:attachment":[{"href":"https:\/\/relogios-online.com\/fr\/wp-json\/wp\/v2\/media?parent=7796"}],"wp:term":[{"taxonomy":"product_brand","embeddable":true,"href":"https:\/\/relogios-online.com\/fr\/wp-json\/wp\/v2\/product_brand?post=7796"},{"taxonomy":"product_cat","embeddable":true,"href":"https:\/\/relogios-online.com\/fr\/wp-json\/wp\/v2\/product_cat?post=7796"},{"taxonomy":"product_tag","embeddable":true,"href":"https:\/\/relogios-online.com\/fr\/wp-json\/wp\/v2\/product_tag?post=7796"}],"curies":[{"name":"wp","href":"https:\/\/api.w.org\/{rel}","templated":true}]}}