{"id":7816,"date":"2024-10-02T16:51:50","date_gmt":"2024-10-02T16:51:50","guid":{"rendered":"https:\/\/relogios-online.com\/?post_type=product&#038;p=7816"},"modified":"2025-10-17T17:21:17","modified_gmt":"2025-10-17T16:21:17","slug":"relogio-masculino-invicta-professional-pro-diver-automatico-200m-8927ob","status":"publish","type":"product","link":"https:\/\/relogios-online.com\/fr\/produit\/montre-homme-invicta-professional-pro-diver-automatique-200-m-8927ob\/","title":{"rendered":"Montre Invicta Professional Pro Diver automatique 200M 8927OB pour hommes"},"content":{"rendered":"<p>Caract\u00e9ristiques : Bo\u00eetier en acier inoxydable Bracelet en acier inoxydable bicolore Mouvement automatique Calibre NH35A Verre min\u00e9ral Cadran noir Lunette en acier inoxydable Affichage de la date Boucle d\u00e9ployante Couronne viss\u00e9e \u00c9tanch\u00e9it\u00e9 \u00e0 200 M Diam\u00e8tre approximatif du bo\u00eetier : 40 mm \u00c9paisseur approximative du bo\u00eetier : 13 mm<\/p>\n<p><a href=\"https:\/\/relogios-online.com\/\" target=\"_blank\" rel=\"noopener\">D\u00e9couvrez tous les produits automatiques sur relogios-online.com<\/a><\/p>","protected":false},"excerpt":{"rendered":"<p>Caracter\u00edsticas: Caixa de a\u00e7o inoxid\u00e1vel Pulseira de a\u00e7o inoxid\u00e1vel de dois tons Movimento Autom\u00e1tico Calibre NH35A Cristal mineral Mostrador preto<\/p>","protected":false},"featured_media":7811,"comment_status":"open","ping_status":"closed","template":"","meta":[],"product_brand":[],"product_cat":[62,20],"product_tag":[],"class_list":{"0":"post-7816","1":"product","2":"type-product","3":"status-publish","4":"has-post-thumbnail","6":"product_cat-automatico","7":"product_cat-sem-categoria","9":"first","10":"instock","11":"sale","12":"shipping-taxable","13":"purchasable","14":"product-type-variable"},"jetpack_sharing_enabled":true,"_links":{"self":[{"href":"https:\/\/relogios-online.com\/fr\/wp-json\/wp\/v2\/product\/7816","targetHints":{"allow":["GET"]}}],"collection":[{"href":"https:\/\/relogios-online.com\/fr\/wp-json\/wp\/v2\/product"}],"about":[{"href":"https:\/\/relogios-online.com\/fr\/wp-json\/wp\/v2\/types\/product"}],"replies":[{"embeddable":true,"href":"https:\/\/relogios-online.com\/fr\/wp-json\/wp\/v2\/comments?post=7816"}],"version-history":[{"count":1,"href":"https:\/\/relogios-online.com\/fr\/wp-json\/wp\/v2\/product\/7816\/revisions"}],"predecessor-version":[{"id":9713,"href":"https:\/\/relogios-online.com\/fr\/wp-json\/wp\/v2\/product\/7816\/revisions\/9713"}],"wp:featuredmedia":[{"embeddable":true,"href":"https:\/\/relogios-online.com\/fr\/wp-json\/wp\/v2\/media\/7811"}],"wp:attachment":[{"href":"https:\/\/relogios-online.com\/fr\/wp-json\/wp\/v2\/media?parent=7816"}],"wp:term":[{"taxonomy":"product_brand","embeddable":true,"href":"https:\/\/relogios-online.com\/fr\/wp-json\/wp\/v2\/product_brand?post=7816"},{"taxonomy":"product_cat","embeddable":true,"href":"https:\/\/relogios-online.com\/fr\/wp-json\/wp\/v2\/product_cat?post=7816"},{"taxonomy":"product_tag","embeddable":true,"href":"https:\/\/relogios-online.com\/fr\/wp-json\/wp\/v2\/product_tag?post=7816"}],"curies":[{"name":"wp","href":"https:\/\/api.w.org\/{rel}","templated":true}]}}