{"id":7826,"date":"2024-10-02T16:51:48","date_gmt":"2024-10-02T16:51:48","guid":{"rendered":"https:\/\/relogios-online.com\/?post_type=product&#038;p=7826"},"modified":"2025-10-17T17:21:23","modified_gmt":"2025-10-17T16:21:23","slug":"assista-masculina-invicta-automatic-professional-pro-diver-200m-8928ob","status":"publish","type":"product","link":"https:\/\/relogios-online.com\/fr\/produit\/montre-homme-invicta-automatique-professionnelle-pro-diver-200m-8928ob\/","title":{"rendered":"Montre Invicta automatique professionnelle Pro Diver 200M pour hommes 8928OB"},"content":{"rendered":"<p>Caract\u00e9ristiques : Bo\u00eetier en acier inoxydable Bracelet en acier inoxydable bicolore Mouvement automatique Calibre NH35A Verre min\u00e9ral Cadran bleu Lunette bleue Affichage de la date IP Fermoir d\u00e9ployant Couronne viss\u00e9e R\u00e9sistance \u00e0 l&#039;eau 200 M Diam\u00e8tre approximatif du bo\u00eetier : 40 mm \u00c9paisseur approximative du bo\u00eetier : 13 mm<\/p>\n<p><a href=\"https:\/\/relogios-online.com\/\" target=\"_blank\" rel=\"noopener\">D\u00e9couvrez tous les produits automatiques sur relogios-online.com<\/a><\/p>","protected":false},"excerpt":{"rendered":"<p>Caracter\u00edsticas: Caixa de a\u00e7o inoxid\u00e1vel Pulseira de a\u00e7o inoxid\u00e1vel de dois tons Movimento Autom\u00e1tico Calibre NH35A Cristal mineral Mostrador azul<\/p>","protected":false},"featured_media":7821,"comment_status":"open","ping_status":"closed","template":"","meta":[],"product_brand":[],"product_cat":[62,20],"product_tag":[],"class_list":{"0":"post-7826","1":"product","2":"type-product","3":"status-publish","4":"has-post-thumbnail","6":"product_cat-automatico","7":"product_cat-sem-categoria","9":"first","10":"instock","11":"sale","12":"shipping-taxable","13":"purchasable","14":"product-type-variable"},"jetpack_sharing_enabled":true,"_links":{"self":[{"href":"https:\/\/relogios-online.com\/fr\/wp-json\/wp\/v2\/product\/7826","targetHints":{"allow":["GET"]}}],"collection":[{"href":"https:\/\/relogios-online.com\/fr\/wp-json\/wp\/v2\/product"}],"about":[{"href":"https:\/\/relogios-online.com\/fr\/wp-json\/wp\/v2\/types\/product"}],"replies":[{"embeddable":true,"href":"https:\/\/relogios-online.com\/fr\/wp-json\/wp\/v2\/comments?post=7826"}],"version-history":[{"count":1,"href":"https:\/\/relogios-online.com\/fr\/wp-json\/wp\/v2\/product\/7826\/revisions"}],"predecessor-version":[{"id":9714,"href":"https:\/\/relogios-online.com\/fr\/wp-json\/wp\/v2\/product\/7826\/revisions\/9714"}],"wp:featuredmedia":[{"embeddable":true,"href":"https:\/\/relogios-online.com\/fr\/wp-json\/wp\/v2\/media\/7821"}],"wp:attachment":[{"href":"https:\/\/relogios-online.com\/fr\/wp-json\/wp\/v2\/media?parent=7826"}],"wp:term":[{"taxonomy":"product_brand","embeddable":true,"href":"https:\/\/relogios-online.com\/fr\/wp-json\/wp\/v2\/product_brand?post=7826"},{"taxonomy":"product_cat","embeddable":true,"href":"https:\/\/relogios-online.com\/fr\/wp-json\/wp\/v2\/product_cat?post=7826"},{"taxonomy":"product_tag","embeddable":true,"href":"https:\/\/relogios-online.com\/fr\/wp-json\/wp\/v2\/product_tag?post=7826"}],"curies":[{"name":"wp","href":"https:\/\/api.w.org\/{rel}","templated":true}]}}