{"id":7855,"date":"2024-10-03T03:45:52","date_gmt":"2024-10-03T03:45:52","guid":{"rendered":"https:\/\/relogios-online.com\/?post_type=product&#038;p=7855"},"modified":"2025-10-17T17:19:56","modified_gmt":"2025-10-17T16:19:56","slug":"invicta-pro-diver-200m-automatico-de-borracha-preta-9110-relogio-masculino","status":"publish","type":"product","link":"https:\/\/relogios-online.com\/fr\/produit\/montre-homme-invicta-pro-diver-200m-automatique-en-caoutchouc-noir-9110\/","title":{"rendered":"Montre pour homme Invicta Pro Diver 200M automatique en caoutchouc noir 9110"},"content":{"rendered":"<p>Caract\u00e9ristiques : Bo\u00eetier en acier inoxydable Bracelet en caoutchouc noir Mouvement automatique Calibre NH35A Verre min\u00e9ral Cadran noir Affichage de la date \u00e0 3 heures Lunette plaqu\u00e9e or noir Couronne viss\u00e9e Fond de bo\u00eetier squelette Fermoir \u00e0 boucle R\u00e9sistant \u00e0 l&#039;eau \u00e0 200 M Diam\u00e8tre approximatif du bo\u00eetier 40 mm \u00c9paisseur approximative du bo\u00eetier 14 mm<\/p>\n<p><a href=\"https:\/\/relogios-online.com\/\" target=\"_blank\" rel=\"noopener\">D\u00e9couvrez tous les produits automatiques sur relogios-online.com<\/a><\/p>","protected":false},"excerpt":{"rendered":"<p>Caracter\u00edsticas: Caixa de a\u00e7o inoxid\u00e1vel Pulseira de borracha preta Movimento Autom\u00e1tico Calibre NH35A Cristal mineral Mostrador preto Exibi\u00e7\u00e3o de data<\/p>","protected":false},"featured_media":7850,"comment_status":"open","ping_status":"closed","template":"","meta":[],"product_brand":[],"product_cat":[62,20],"product_tag":[],"class_list":{"0":"post-7855","1":"product","2":"type-product","3":"status-publish","4":"has-post-thumbnail","6":"product_cat-automatico","7":"product_cat-sem-categoria","9":"first","10":"instock","11":"sale","12":"shipping-taxable","13":"purchasable","14":"product-type-variable"},"jetpack_sharing_enabled":true,"_links":{"self":[{"href":"https:\/\/relogios-online.com\/fr\/wp-json\/wp\/v2\/product\/7855","targetHints":{"allow":["GET"]}}],"collection":[{"href":"https:\/\/relogios-online.com\/fr\/wp-json\/wp\/v2\/product"}],"about":[{"href":"https:\/\/relogios-online.com\/fr\/wp-json\/wp\/v2\/types\/product"}],"replies":[{"embeddable":true,"href":"https:\/\/relogios-online.com\/fr\/wp-json\/wp\/v2\/comments?post=7855"}],"version-history":[{"count":1,"href":"https:\/\/relogios-online.com\/fr\/wp-json\/wp\/v2\/product\/7855\/revisions"}],"predecessor-version":[{"id":9691,"href":"https:\/\/relogios-online.com\/fr\/wp-json\/wp\/v2\/product\/7855\/revisions\/9691"}],"wp:featuredmedia":[{"embeddable":true,"href":"https:\/\/relogios-online.com\/fr\/wp-json\/wp\/v2\/media\/7850"}],"wp:attachment":[{"href":"https:\/\/relogios-online.com\/fr\/wp-json\/wp\/v2\/media?parent=7855"}],"wp:term":[{"taxonomy":"product_brand","embeddable":true,"href":"https:\/\/relogios-online.com\/fr\/wp-json\/wp\/v2\/product_brand?post=7855"},{"taxonomy":"product_cat","embeddable":true,"href":"https:\/\/relogios-online.com\/fr\/wp-json\/wp\/v2\/product_cat?post=7855"},{"taxonomy":"product_tag","embeddable":true,"href":"https:\/\/relogios-online.com\/fr\/wp-json\/wp\/v2\/product_tag?post=7855"}],"curies":[{"name":"wp","href":"https:\/\/api.w.org\/{rel}","templated":true}]}}